{"id":72114,"date":"2022-05-06T15:37:59","date_gmt":"2022-05-06T13:37:59","guid":{"rendered":"https:\/\/www.revsrl.com\/?page_id=72114"},"modified":"2025-02-02T16:15:17","modified_gmt":"2025-02-02T15:15:17","slug":"innovacion-y-sostenibilidad","status":"publish","type":"page","link":"https:\/\/www.revsrl.com\/es\/innovacion-y-sostenibilidad\/","title":{"rendered":"Innovaci\u00f3n y sostenibilidad"},"content":{"rendered":"<div class=\"wpb-content-wrapper\"><p>[vc_row row_height_percent=\u00bb0&#8243; override_padding=\u00bbyes\u00bb h_padding=\u00bb0&#8243; top_padding=\u00bb0&#8243; bottom_padding=\u00bb0&#8243; back_image=\u00bb10325&#8243; back_position=\u00bbright bottom\u00bb parallax=\u00bbyes\u00bb overlay_color=\u00bbcolor-122249&#8243; overlay_alpha=\u00bb70&#8243; gutter_size=\u00bb3&#8243; column_width_percent=\u00bb100&#8243; shift_y=\u00bb0&#8243; z_index=\u00bb0&#8243; medium_visibility=\u00bbyes\u00bb mobile_visibility=\u00bbyes\u00bb row_height_pixel=\u00bb350&#8243;][vc_column column_width_percent=\u00bb100&#8243; position_vertical=\u00bbmiddle\u00bb align_horizontal=\u00bbalign_center\u00bb gutter_size=\u00bb3&#8243; overlay_alpha=\u00bb50&#8243; shift_x=\u00bb0&#8243; shift_y=\u00bb0&#8243; shift_y_down=\u00bb0&#8243; z_index=\u00bb0&#8243; medium_width=\u00bb0&#8243; mobile_width=\u00bb0&#8243; width=\u00bb1\/1&#8243;][vc_custom_heading text_color=\u00bbcolor-xsdn\u00bb heading_semantic=\u00bbh1&#8243; text_size=\u00bbh1&#8243; uncode_shortcode_id=\u00bb635930&#8243; text_color_type=\u00bbuncode-palette\u00bb]INNOVACI\u00d3N Y SOSTENIBILIDAD[\/vc_custom_heading][\/vc_column][\/vc_row][vc_row row_height_percent=\u00bb0&#8243; override_padding=\u00bbyes\u00bb h_padding=\u00bb0&#8243; top_padding=\u00bb0&#8243; bottom_padding=\u00bb0&#8243; back_image=\u00bb10325&#8243; back_position=\u00bbcenter center\u00bb parallax=\u00bbyes\u00bb overlay_color=\u00bbcolor-122249&#8243; overlay_alpha=\u00bb70&#8243; gutter_size=\u00bb3&#8243; column_width_percent=\u00bb100&#8243; shift_y=\u00bb0&#8243; z_index=\u00bb0&#8243; desktop_visibility=\u00bbyes\u00bb row_height_pixel=\u00bb200&#8243;][vc_column column_width_percent=\u00bb100&#8243; position_vertical=\u00bbmiddle\u00bb align_horizontal=\u00bbalign_center\u00bb gutter_size=\u00bb3&#8243; overlay_alpha=\u00bb50&#8243; shift_x=\u00bb0&#8243; shift_y=\u00bb0&#8243; shift_y_down=\u00bb0&#8243; z_index=\u00bb0&#8243; medium_width=\u00bb0&#8243; mobile_width=\u00bb0&#8243; width=\u00bb1\/1&#8243;][vc_custom_heading text_color=\u00bbcolor-xsdn\u00bb heading_semantic=\u00bbh1&#8243; text_size=\u00bbh1&#8243; uncode_shortcode_id=\u00bb288509&#8243; text_color_type=\u00bbuncode-palette\u00bb]INNOVACI\u00d3N Y SOSTENIBILIDAD[\/vc_custom_heading][\/vc_column][\/vc_row][vc_row row_height_percent=\u00bb0&#8243; overlay_alpha=\u00bb50&#8243; gutter_size=\u00bb3&#8243; shift_y=\u00bb0&#8243; css=\u00bb.vc_custom_1612948283783{padding-top: 30px !important;}\u00bb][vc_column width=\u00bb1\/1&#8243;][vc_column_text uncode_shortcode_id=\u00bb115376&#8243;]Desde sus or\u00edgenes, REV se impone en el mercado como una empresa comprometida con la innovaci\u00f3n: la primera m\u00e1quina lanzada al mercado, una enmalladora para cestas equipada con cambio-tubo autom\u00e1tico que elimina los tiempos de inactividad, es inmediatamente patentada.<\/p>\n<p>Hoy, cualquier nuevo proyecto nace de una <strong>atenta escucha<\/strong> <strong>de las exigencias del mercado y del cliente<\/strong>, que REV se propone satisfacer tambi\u00e9n con <strong>soluciones ad hoc<\/strong>,\u00a0capaces de <strong>optimizar la producci\u00f3n o reducir el impacto ambiental<\/strong>, por medio de envases sostenibles. Exactamente por eso, REV invierte anualmente el 10 % del facturado en I+D.[\/vc_column_text][\/vc_column][\/vc_row][vc_row row_height_percent=\u00bb0&#8243; overlay_alpha=\u00bb50&#8243; gutter_size=\u00bb3&#8243; shift_y=\u00bb0&#8243; css=\u00bb.vc_custom_1612802592467{padding-bottom: 0px !important;}\u00bb][vc_column width=\u00bb1\/1&#8243;][vc_column_text uncode_shortcode_id=\u00bb199367&#8243;]<\/p>\n<div style=\"text-align: center;\">\n<h2><img decoding=\"async\" src=\"https:\/\/www.revsrl.com\/wp-content\/uploads\/2021\/02\/icona1Arancione.jpg\" alt=\"icona1\" width=\"120\" height=\"102\" \/><span style=\"color: #f44611;\">\u00a0 \u00a0INNOVACI\u00d3N<\/span><\/h2>\n<\/div>\n<p>[\/vc_column_text][\/vc_column][\/vc_row][vc_row row_height_percent=\u00bb0&#8243; overlay_alpha=\u00bb50&#8243; gutter_size=\u00bb3&#8243; shift_y=\u00bb0&#8243; css=\u00bb.vc_custom_1612800074356{padding-bottom: 40px !important;}\u00bb][vc_column width=\u00bb1\/2&#8243;][vc_column_text uncode_shortcode_id=\u00bb138090&#8243;]Las innovaciones REV van en diferentes direcciones:<\/p>\n<ul>\n<li><span style=\"color: #000000;\"><strong>Evoluci<\/strong><strong>\u00f3<\/strong><strong>n del envasado<\/strong><\/span><\/li>\n<\/ul>\n<p>El mundo del envasado para frutas y hortalizas est\u00e1 en continua evoluci\u00f3n y nuevas exigencias dictadas por la GDO, en busca de envases renovados, m\u00e1s sostenibles y atractivos, nacen constantemente; se trata de necesidades diferentes de las de los envasadores, los cuales, en cambio, tienen que satisfacer la GDO lo m\u00e1s r\u00e1pido posible y con m\u00e1xima versatilidad. REV crea sus m\u00e1quinas en la \u00f3ptica de rellenar estos huecos, ofreciendo soluciones vanguardistas.<\/p>\n<ul>\n<li><span style=\"color: #000000;\"><strong>Versatilidad<\/strong><\/span><\/li>\n<\/ul>\n<p>En REV creemos que esa es la llave para el suceso de cada modelo, especialmente en un sector en que es fundamental satisfacer al m\u00e1ximo los cada vez m\u00e1s diversificados pedidos provenientes del mercado global. Ejemplos de extrema versatilidad son los desapiladores <strong><a href=\"https:\/\/www.revsrl.com\/es\/portfolio\/desapiladores-de-cestas\/\" rel=\"noopener\">Serie U<\/a><\/strong>, que pueden trabajar todas las tipolog\u00edas de cestas y bandejas, en pl\u00e1stico o cart\u00f3n, en los formatos m\u00e1s variados, con cierre de bisagra tambi\u00e9n, o la enmalladora horizontal <strong><a href=\"https:\/\/www.revsrl.com\/es\/portfolio\/vega-enmalladora-horizontal-con-grapa\/\" rel=\"noopener\">Vega<\/a><\/strong>, que permite confeccionar una vasta gama de productos diferentes entre s\u00ed, por tipo o tama\u00f1o. Por \u00faltimo, <strong><a href=\"https:\/\/www.revsrl.com\/es\/portfolio\/condor-enfajadora-automatica\/\" rel=\"noopener\">Condor<\/a> <\/strong>es capaz de trabajar productos de forma alargada (bannas, apios, puerros) y rotunda (melones, cocos, mini sand\u00edas, pi\u00f1as).[\/vc_column_text][\/vc_column][vc_column width=\u00bb1\/2&#8243;][vc_column_text uncode_shortcode_id=\u00bb444539&#8243;]<\/p>\n<ul>\n<li><span style=\"color: #000000;\"><strong>Aumento del rendimiento<\/strong><\/span><\/li>\n<\/ul>\n<p>Es exactamente el caso de las enfajadoras autom\u00e1ticas <strong><a href=\"https:\/\/www.revsrl.com\/es\/portfolio\/eagle-enfajadora-automatica\/\" target=\"_blank\" rel=\"noopener\">Eagle<\/a>\u00a0<\/strong>y\u00a0<strong><a href=\"https:\/\/www.revsrl.com\/es\/portfolio\/condor-enfajadora-automatica\/\" target=\"_blank\" rel=\"noopener\">Condor<\/a><\/strong>, que incrementan la velocidad de enfajado un 350 % con respecto a las soluciones manuales adoptadas hasta ahora o de la filmadora <strong><a href=\"https:\/\/www.revsrl.com\/es\/portfolio\/hollywood-filmadora-de-cajas\/\" rel=\"noopener\">Hollywood<\/a><\/strong>, que puede trabajar m\u00e1s cajas contempor\u00e1neamente, hasta duplicar la producci\u00f3n. En fin, las pesadoras <strong><a href=\"https:\/\/www.revsrl.com\/es\/portfolio\/bison-pesadora-delicada-para-lineas-de-cestas\/\" rel=\"noopener\">Bison<\/a><\/strong>,\u00a0<strong><a href=\"https:\/\/www.revsrl.com\/es\/portfolio\/a16-velvet-pesadora-ultradelicada-para-lineas-de-cestas\/\" rel=\"noopener\">Velvet<\/a><\/strong>\u00a0y\u00a0<strong><a href=\"https:\/\/www.revsrl.com\/es\/portfolio\/serie-a-pesadoras-ultradelicadas\/\" rel=\"noopener\">Serie A,<\/a><\/strong>\u00a0gracias al nuevo software, garantizan prestaciones de nivel muy alto (+20 % con respecto a las versiones precedentes) y m\u00e1s delicadeza en el tratamiento del producto.<\/p>\n<ul>\n<li><span style=\"color: #000000;\"><strong>Optimizaci<\/strong><strong>\u00f3<\/strong><strong>n de la producci<\/strong><strong>\u00f3<\/strong><strong>n<\/strong><\/span><\/li>\n<\/ul>\n<p>Siempre a la b\u00fasqueda de soluciones para ahorrar tiempo y dinero, REV continua invirtiendo, para sus m\u00e1quinas, en la integraci\u00f3n de interfaces gr\u00e1ficas de \u00faltima generaci\u00f3n. De hecho, la nueva interfaz es muy f\u00e1cil de usar y automatiza muchas funciones que hasta ahora ten\u00edan que estar configuradas por el usuario, con consiguiente reducci\u00f3n del n\u00famero de par\u00e1metros necesarios para aviar la producci\u00f3n. Todas las m\u00e1quinas REV con nueva interfaz pueden estar equipadas con funciones avanzadas que cumplen con los <strong>requisitos de<\/strong> <strong>\u201cIndustria 4.0\u201d<\/strong>\u00a0y se pueden integrar en sistemas de control SCADA, interconectados con m\u00e1quinas de terceros tambi\u00e9n.[\/vc_column_text][\/vc_column][\/vc_row][vc_row row_height_percent=\u00bb0&#8243; overlay_alpha=\u00bb50&#8243; gutter_size=\u00bb3&#8243; shift_y=\u00bb0&#8243; css=\u00bb.vc_custom_1612802566771{padding-bottom: 0px !important;}\u00bb][vc_column width=\u00bb1\/1&#8243;][vc_column_text uncode_shortcode_id=\u00bb252132&#8243;]<\/p>\n<div style=\"text-align: center;\">\n<h2><img decoding=\"async\" src=\"https:\/\/www.revsrl.com\/wp-content\/uploads\/2021\/02\/icona-brevetti-arancione.jpg\" alt=\"icona1\" width=\"90\" \/><span style=\"color: #f44611;\">\u00a0 PATENTES<\/span><\/h2>\n<\/div>\n<p>[\/vc_column_text][\/vc_column][\/vc_row][vc_row row_height_percent=\u00bb0&#8243; overlay_alpha=\u00bb50&#8243; gutter_size=\u00bb3&#8243; shift_y=\u00bb0&#8243; css=\u00bb.vc_custom_1612800082292{padding-bottom: 40px !important;}\u00bb][vc_column width=\u00bb1\/2&#8243;][vc_single_image media=\u00bb11596&#8243; media_width_percent=\u00bb100&#8243;][\/vc_column][vc_column width=\u00bb1\/2&#8243;][vc_column_text uncode_shortcode_id=\u00bb202236&#8243;]Algunos de los proyectos de REV son tan innovadores que han sido objeto de patente. Actualmente, las soluciones patentadas por la empresa son m\u00faltiples. Entre ellas est\u00e1n:<\/p>\n<ul>\n<li>el sistema de descarga de las pesadoras <strong><a href=\"https:\/\/www.revsrl.com\/es\/portfolio\/bison-pesadora-delicada-para-lineas-de-cestas\/\" rel=\"noopener\">Bison<\/a>\u00a0<\/strong>y\u00a0<strong><a href=\"https:\/\/www.revsrl.com\/es\/portfolio\/a16-velvet-pesadora-ultradelicada-para-lineas-de-cestas\/\" rel=\"noopener\">Velvet<\/a><\/strong>,\u00a0que permite a las m\u00e1quinas de ser r\u00e1pidas y extremadamente delicadas a la vez;<\/li>\n<li>el sistema de rellenado completamente autom\u00e1tico del tubo del cargador de malla <strong><a href=\"https:\/\/www.revsrl.com\/es\/portfolio\/genius-cargador-automatico-de-malla\/\" rel=\"noopener\">Genius<\/a><\/strong>, que reduce notablemente los costes de producci\u00f3n, elimina la necesidad de un operador dedicado a esta mansi\u00f3n y permite cargar hasta el 30 % m\u00e1s de malla en el tubo;<\/li>\n<li>el sistema adoptado por las rellenadoras autom\u00e1ticas de cajas <strong><a href=\"https:\/\/www.revsrl.com\/es\/portfolio\/rooster-rellenadora-de-cajas-con-cestas\/\" rel=\"noopener\">Rooster<\/a><\/strong>\u00a0y\u00a0<strong><a href=\"https:\/\/www.revsrl.com\/es\/portfolio\/scorpion-doble-rellenadora-de-cajas-con-cestas\/\" rel=\"noopener\">Scorpion<\/a><\/strong>, que las hacen respectivamente un 60 % y un 180 % m\u00e1s r\u00e1pidas comparadas a las m\u00e1quinas tradicionales, adem\u00e1s de permitirles trabajar, contrariamente a estas, cestas en flowpack, enmalladas, topseal y con tapa y de tratar productos delicados (por ejemplo fresas) sin comprometer sus integridad;<\/li>\n<li><strong><a href=\"https:\/\/www.revsrl.com\/es\/portfolio\/lion-enmalladora-de-cestas-termoselladas\/\" rel=\"noopener\">Lion<\/a><\/strong>, enmalladora con soldadura t\u00e9rmica, por la que la patente ha interesado, adem\u00e1s de la m\u00e1quina, la est\u00e9tica de las cestas.<\/li>\n<\/ul>\n<p>[\/vc_column_text][\/vc_column][\/vc_row][vc_row row_height_percent=\u00bb0&#8243; overlay_alpha=\u00bb50&#8243; gutter_size=\u00bb3&#8243; shift_y=\u00bb0&#8243; css=\u00bb.vc_custom_1612802574876{padding-bottom: 0px !important;}\u00bb][vc_column width=\u00bb1\/1&#8243;][vc_column_text uncode_shortcode_id=\u00bb209954&#8243;]<\/p>\n<div style=\"text-align: center;\">\n<h2><img decoding=\"async\" src=\"https:\/\/www.revsrl.com\/wp-content\/uploads\/2021\/02\/icona3.jpg\" alt=\"icona1\" width=\"90\" \/><span style=\"color: #348a01;\">\u00a0 ENVASE SOSTENIBLE<\/span><\/h2>\n<\/div>\n<p>[\/vc_column_text][\/vc_column][\/vc_row][vc_row][vc_column width=\u00bb1\/2&#8243;][vc_column_text uncode_shortcode_id=\u00bb183358&#8243;]Desde siempre, REV presta gran atenci\u00f3n al tema de la sostenibilidad y de la eliminaci\u00f3n de los envases. Por eso, muchas de sus soluciones, algunas objeto de patente tambi\u00e9n, han sido concebidas para salvaguardar el ambiente.<\/p>\n<p>Es especialmente el caso de las cestas enmalladas producida por la envasadora horizontal <strong><a href=\"https:\/\/www.revsrl.com\/es\/portfolio\/lion-enmalladora-de-cestas-termoselladas\/\" rel=\"noopener\">Lion\u00a0<\/a><\/strong>en que, ya desde 2010, para el cierre, la soldadura t\u00e9rmica sustituye la grapa met\u00e1lica. El resultado son <strong>paquetes monomateriales y, por tanto, 100 % reciclables.<\/strong><\/p>\n<p>En 2012, a ra\u00edz de las cestas monomateriales, REV crea <strong><a href=\"https:\/\/www.revsrl.com\/es\/portfolio\/tiger-envasadora-de-mallas-termoselladas-en-linea\/\" rel=\"noopener\">Tiger<\/a><\/strong>, envasadora vertical nacida de la exigencia de la GDO inglesa de eliminar la grapa de las confecciones de productos sueltos en l\u00ednea.<\/p>\n<p>Entre las novedades 2021 bajo el signo de la sostenibilidad hay, pues, <strong><a href=\"https:\/\/www.revsrl.com\/es\/portfolio\/puma-enmalladora-con-soldadura-termica\/\" rel=\"noopener\">Puma<\/a><\/strong>, enmalladora vertical que realiza envases monomateriales y, por consiguiente, <strong>100 % reciclables<\/strong>,\u00a0<strong>sin grapa met<\/strong><strong>\u00e1<\/strong><strong>lica<\/strong>, en bolsa o en l\u00ednea, utilizando el <strong>50 % menos de pl\u00e1stico <\/strong>comparado a los super difundidos Girsacs (pesados y no reciclables), manteniendo la forma y las ventajas de las mallas con grapas tradicionales, hasta la fecha consideradas las confecciones m\u00e1s ligeras en el mercado (a su vez no reciclables).<\/p>\n<p>Con todas las m\u00e1quinas con soldadura t\u00e9rmica producidas por REV, es posible utilizar tambi\u00e9n <strong>materiales compostables certificados<\/strong>, en sustituci\u00f3n de los <strong>pl\u00e1sticos reciclables<\/strong>.[\/vc_column_text][\/vc_column][vc_column width=\u00bb1\/2&#8243;][vc_single_image media=\u00bb76924&#8243; media_width_percent=\u00bb100&#8243; uncode_shortcode_id=\u00bb149108&#8243;][\/vc_column][\/vc_row][vc_row][vc_column width=\u00bb1\/1&#8243;][vc_empty_space empty_h=\u00bb2&#8243;][\/vc_column][\/vc_row]<\/p>\n<\/div>","protected":false},"excerpt":{"rendered":"<p>[vc_row row_height_percent=\u00bb0&#8243; override_padding=\u00bbyes\u00bb h_padding=\u00bb0&#8243; top_padding=\u00bb0&#8243; bottom_padding=\u00bb0&#8243; back_image=\u00bb10325&#8243; back_position=\u00bbright bottom\u00bb parallax=\u00bbyes\u00bb overlay_color=\u00bbcolor-122249&#8243; overlay_alpha=\u00bb70&#8243; gutter_size=\u00bb3&#8243; column_width_percent=\u00bb100&#8243; shift_y=\u00bb0&#8243; z_index=\u00bb0&#8243; medium_visibility=\u00bbyes\u00bb mobile_visibility=\u00bbyes\u00bb row_height_pixel=\u00bb350&#8243;][vc_column column_width_percent=\u00bb100&#8243; [&hellip;]<\/p>\n","protected":false},"author":11,"featured_media":0,"parent":0,"menu_order":0,"comment_status":"closed","ping_status":"closed","template":"","meta":{"footnotes":""},"class_list":["post-72114","page","type-page","status-publish","hentry"],"yoast_head":"<!-- This site is optimized with the Yoast SEO plugin v27.1.1 - https:\/\/yoast.com\/product\/yoast-seo-wordpress\/ -->\n<title>Innovaciones para un envasado sostenible \u2013 REV Packaging Solutions<\/title>\n<meta name=\"description\" content=\"Entre patentes e innovaciones, REV responde a los pedidos del mercado con soluciones ecosostenibles que mejoran el rendimiento productivo.\" \/>\n<meta name=\"robots\" content=\"index, follow, max-snippet:-1, max-image-preview:large, max-video-preview:-1\" \/>\n<link rel=\"canonical\" href=\"https:\/\/www.revsrl.com\/es\/innovacion-y-sostenibilidad\/\" \/>\n<meta property=\"og:locale\" content=\"es_ES\" \/>\n<meta property=\"og:type\" content=\"article\" \/>\n<meta property=\"og:title\" content=\"Innovaciones para un envasado sostenible \u2013 REV Packaging Solutions\" \/>\n<meta property=\"og:description\" content=\"Entre patentes e innovaciones, REV responde a los pedidos del mercado con soluciones ecosostenibles que mejoran el rendimiento productivo.\" \/>\n<meta property=\"og:url\" content=\"https:\/\/www.revsrl.com\/es\/innovacion-y-sostenibilidad\/\" \/>\n<meta property=\"og:site_name\" content=\"REV Packaging Solutions\" \/>\n<meta property=\"article:modified_time\" content=\"2025-02-02T15:15:17+00:00\" \/>\n<meta property=\"og:image\" content=\"https:\/\/www.revsrl.com\/wp-content\/uploads\/2021\/02\/icona1Arancione.jpg\" \/>\n<script type=\"application\/ld+json\" class=\"yoast-schema-graph\">{\"@context\":\"https:\/\/schema.org\",\"@graph\":[{\"@type\":\"WebPage\",\"@id\":\"https:\/\/www.revsrl.com\/es\/innovacion-y-sostenibilidad\/\",\"url\":\"https:\/\/www.revsrl.com\/es\/innovacion-y-sostenibilidad\/\",\"name\":\"Innovaciones para un envasado sostenible \u2013 REV Packaging Solutions\",\"isPartOf\":{\"@id\":\"https:\/\/www.revsrl.com\/#website\"},\"primaryImageOfPage\":{\"@id\":\"https:\/\/www.revsrl.com\/es\/innovacion-y-sostenibilidad\/#primaryimage\"},\"image\":{\"@id\":\"https:\/\/www.revsrl.com\/es\/innovacion-y-sostenibilidad\/#primaryimage\"},\"thumbnailUrl\":\"https:\/\/www.revsrl.com\/wp-content\/uploads\/2021\/02\/icona1Arancione.jpg\",\"datePublished\":\"2022-05-06T13:37:59+00:00\",\"dateModified\":\"2025-02-02T15:15:17+00:00\",\"description\":\"Entre patentes e innovaciones, REV responde a los pedidos del mercado con soluciones ecosostenibles que mejoran el rendimiento productivo.\",\"breadcrumb\":{\"@id\":\"https:\/\/www.revsrl.com\/es\/innovacion-y-sostenibilidad\/#breadcrumb\"},\"inLanguage\":\"es\",\"potentialAction\":[{\"@type\":\"ReadAction\",\"target\":[\"https:\/\/www.revsrl.com\/es\/innovacion-y-sostenibilidad\/\"]}]},{\"@type\":\"ImageObject\",\"inLanguage\":\"es\",\"@id\":\"https:\/\/www.revsrl.com\/es\/innovacion-y-sostenibilidad\/#primaryimage\",\"url\":\"https:\/\/www.revsrl.com\/wp-content\/uploads\/2021\/02\/icona1Arancione.jpg\",\"contentUrl\":\"https:\/\/www.revsrl.com\/wp-content\/uploads\/2021\/02\/icona1Arancione.jpg\"},{\"@type\":\"BreadcrumbList\",\"@id\":\"https:\/\/www.revsrl.com\/es\/innovacion-y-sostenibilidad\/#breadcrumb\",\"itemListElement\":[{\"@type\":\"ListItem\",\"position\":1,\"name\":\"Home\",\"item\":\"https:\/\/www.revsrl.com\/es\/\"},{\"@type\":\"ListItem\",\"position\":2,\"name\":\"Innovaci\u00f3n y sostenibilidad\"}]},{\"@type\":\"WebSite\",\"@id\":\"https:\/\/www.revsrl.com\/#website\",\"url\":\"https:\/\/www.revsrl.com\/\",\"name\":\"REV Packaging Solutions\",\"description\":\"Packaging machines for fruit and vegetables\",\"potentialAction\":[{\"@type\":\"SearchAction\",\"target\":{\"@type\":\"EntryPoint\",\"urlTemplate\":\"https:\/\/www.revsrl.com\/?s={search_term_string}\"},\"query-input\":{\"@type\":\"PropertyValueSpecification\",\"valueRequired\":true,\"valueName\":\"search_term_string\"}}],\"inLanguage\":\"es\"}]}<\/script>\n<!-- \/ Yoast SEO plugin. -->","yoast_head_json":{"title":"Innovaciones para un envasado sostenible \u2013 REV Packaging Solutions","description":"Entre patentes e innovaciones, REV responde a los pedidos del mercado con soluciones ecosostenibles que mejoran el rendimiento productivo.","robots":{"index":"index","follow":"follow","max-snippet":"max-snippet:-1","max-image-preview":"max-image-preview:large","max-video-preview":"max-video-preview:-1"},"canonical":"https:\/\/www.revsrl.com\/es\/innovacion-y-sostenibilidad\/","og_locale":"es_ES","og_type":"article","og_title":"Innovaciones para un envasado sostenible \u2013 REV Packaging Solutions","og_description":"Entre patentes e innovaciones, REV responde a los pedidos del mercado con soluciones ecosostenibles que mejoran el rendimiento productivo.","og_url":"https:\/\/www.revsrl.com\/es\/innovacion-y-sostenibilidad\/","og_site_name":"REV Packaging Solutions","article_modified_time":"2025-02-02T15:15:17+00:00","og_image":[{"url":"https:\/\/www.revsrl.com\/wp-content\/uploads\/2021\/02\/icona1Arancione.jpg","type":"","width":"","height":""}],"schema":{"@context":"https:\/\/schema.org","@graph":[{"@type":"WebPage","@id":"https:\/\/www.revsrl.com\/es\/innovacion-y-sostenibilidad\/","url":"https:\/\/www.revsrl.com\/es\/innovacion-y-sostenibilidad\/","name":"Innovaciones para un envasado sostenible \u2013 REV Packaging Solutions","isPartOf":{"@id":"https:\/\/www.revsrl.com\/#website"},"primaryImageOfPage":{"@id":"https:\/\/www.revsrl.com\/es\/innovacion-y-sostenibilidad\/#primaryimage"},"image":{"@id":"https:\/\/www.revsrl.com\/es\/innovacion-y-sostenibilidad\/#primaryimage"},"thumbnailUrl":"https:\/\/www.revsrl.com\/wp-content\/uploads\/2021\/02\/icona1Arancione.jpg","datePublished":"2022-05-06T13:37:59+00:00","dateModified":"2025-02-02T15:15:17+00:00","description":"Entre patentes e innovaciones, REV responde a los pedidos del mercado con soluciones ecosostenibles que mejoran el rendimiento productivo.","breadcrumb":{"@id":"https:\/\/www.revsrl.com\/es\/innovacion-y-sostenibilidad\/#breadcrumb"},"inLanguage":"es","potentialAction":[{"@type":"ReadAction","target":["https:\/\/www.revsrl.com\/es\/innovacion-y-sostenibilidad\/"]}]},{"@type":"ImageObject","inLanguage":"es","@id":"https:\/\/www.revsrl.com\/es\/innovacion-y-sostenibilidad\/#primaryimage","url":"https:\/\/www.revsrl.com\/wp-content\/uploads\/2021\/02\/icona1Arancione.jpg","contentUrl":"https:\/\/www.revsrl.com\/wp-content\/uploads\/2021\/02\/icona1Arancione.jpg"},{"@type":"BreadcrumbList","@id":"https:\/\/www.revsrl.com\/es\/innovacion-y-sostenibilidad\/#breadcrumb","itemListElement":[{"@type":"ListItem","position":1,"name":"Home","item":"https:\/\/www.revsrl.com\/es\/"},{"@type":"ListItem","position":2,"name":"Innovaci\u00f3n y sostenibilidad"}]},{"@type":"WebSite","@id":"https:\/\/www.revsrl.com\/#website","url":"https:\/\/www.revsrl.com\/","name":"REV Packaging Solutions","description":"Packaging machines for fruit and vegetables","potentialAction":[{"@type":"SearchAction","target":{"@type":"EntryPoint","urlTemplate":"https:\/\/www.revsrl.com\/?s={search_term_string}"},"query-input":{"@type":"PropertyValueSpecification","valueRequired":true,"valueName":"search_term_string"}}],"inLanguage":"es"}]}},"_links":{"self":[{"href":"https:\/\/www.revsrl.com\/es\/wp-json\/wp\/v2\/pages\/72114","targetHints":{"allow":["GET"]}}],"collection":[{"href":"https:\/\/www.revsrl.com\/es\/wp-json\/wp\/v2\/pages"}],"about":[{"href":"https:\/\/www.revsrl.com\/es\/wp-json\/wp\/v2\/types\/page"}],"author":[{"embeddable":true,"href":"https:\/\/www.revsrl.com\/es\/wp-json\/wp\/v2\/users\/11"}],"replies":[{"embeddable":true,"href":"https:\/\/www.revsrl.com\/es\/wp-json\/wp\/v2\/comments?post=72114"}],"version-history":[{"count":4,"href":"https:\/\/www.revsrl.com\/es\/wp-json\/wp\/v2\/pages\/72114\/revisions"}],"predecessor-version":[{"id":76928,"href":"https:\/\/www.revsrl.com\/es\/wp-json\/wp\/v2\/pages\/72114\/revisions\/76928"}],"wp:attachment":[{"href":"https:\/\/www.revsrl.com\/es\/wp-json\/wp\/v2\/media?parent=72114"}],"curies":[{"name":"wp","href":"https:\/\/api.w.org\/{rel}","templated":true}]}}