{"id":72126,"date":"2022-05-06T15:50:22","date_gmt":"2022-05-06T13:50:22","guid":{"rendered":"https:\/\/www.revsrl.com\/?page_id=72126"},"modified":"2025-01-11T10:59:45","modified_gmt":"2025-01-11T09:59:45","slug":"contacto","status":"publish","type":"page","link":"https:\/\/www.revsrl.com\/es\/contacto\/","title":{"rendered":"Contacto"},"content":{"rendered":"<div class=\"wpb-content-wrapper\"><p>[vc_row row_height_percent=\u00bb0&#8243; override_padding=\u00bbyes\u00bb h_padding=\u00bb0&#8243; top_padding=\u00bb0&#8243; bottom_padding=\u00bb0&#8243; back_image=\u00bb2567&#8243; parallax=\u00bbyes\u00bb overlay_color=\u00bbcolor-122249&#8243; overlay_alpha=\u00bb70&#8243; gutter_size=\u00bb3&#8243; column_width_percent=\u00bb100&#8243; shift_y=\u00bb0&#8243; z_index=\u00bb0&#8243; medium_visibility=\u00bbyes\u00bb mobile_visibility=\u00bbyes\u00bb row_height_pixel=\u00bb300&#8243;][vc_column column_width_percent=\u00bb100&#8243; position_vertical=\u00bbmiddle\u00bb align_horizontal=\u00bbalign_center\u00bb gutter_size=\u00bb3&#8243; overlay_alpha=\u00bb50&#8243; shift_x=\u00bb0&#8243; shift_y=\u00bb0&#8243; shift_y_down=\u00bb0&#8243; z_index=\u00bb0&#8243; medium_width=\u00bb0&#8243; mobile_width=\u00bb0&#8243; width=\u00bb1\/1&#8243;][vc_custom_heading text_color=\u00bbcolor-xsdn\u00bb heading_semantic=\u00bbh1&#8243; text_size=\u00bbh1&#8243; uncode_shortcode_id=\u00bb741565&#8243; text_color_type=\u00bbuncode-palette\u00bb]CONTACTO[\/vc_custom_heading][\/vc_column][\/vc_row][vc_row row_height_percent=\u00bb0&#8243; override_padding=\u00bbyes\u00bb h_padding=\u00bb0&#8243; top_padding=\u00bb0&#8243; bottom_padding=\u00bb0&#8243; back_image=\u00bb2429&#8243; parallax=\u00bbyes\u00bb overlay_color=\u00bbcolor-122249&#8243; overlay_alpha=\u00bb70&#8243; gutter_size=\u00bb3&#8243; column_width_percent=\u00bb100&#8243; shift_y=\u00bb0&#8243; z_index=\u00bb0&#8243; desktop_visibility=\u00bbyes\u00bb row_height_pixel=\u00bb200&#8243;][vc_column column_width_percent=\u00bb100&#8243; position_vertical=\u00bbmiddle\u00bb align_horizontal=\u00bbalign_center\u00bb gutter_size=\u00bb3&#8243; overlay_alpha=\u00bb50&#8243; shift_x=\u00bb0&#8243; shift_y=\u00bb0&#8243; shift_y_down=\u00bb0&#8243; z_index=\u00bb0&#8243; medium_width=\u00bb0&#8243; mobile_width=\u00bb0&#8243; width=\u00bb1\/1&#8243;][vc_custom_heading text_color=\u00bbcolor-xsdn\u00bb heading_semantic=\u00bbh1&#8243; text_size=\u00bbh1&#8243; uncode_shortcode_id=\u00bb419009&#8243; text_color_type=\u00bbuncode-palette\u00bb]CONTACTO[\/vc_custom_heading][\/vc_column][\/vc_row][vc_row row_height_percent=\u00bb0&#8243; override_padding=\u00bbyes\u00bb h_padding=\u00bb3&#8243; top_padding=\u00bb3&#8243; bottom_padding=\u00bb3&#8243; overlay_alpha=\u00bb50&#8243; gutter_size=\u00bb3&#8243; column_width_percent=\u00bb100&#8243; shift_y=\u00bb0&#8243; z_index=\u00bb0&#8243;][vc_column column_width_percent=\u00bb100&#8243; gutter_size=\u00bb3&#8243; overlay_alpha=\u00bb50&#8243; shift_x=\u00bb0&#8243; shift_y=\u00bb0&#8243; shift_y_down=\u00bb0&#8243; z_index=\u00bb0&#8243; medium_width=\u00bb0&#8243; mobile_width=\u00bb0&#8243; width=\u00bb1\/2&#8243;][vc_column_text uncode_shortcode_id=\u00bb190604&#8243;]Rellene el siguiente formulario para ser contactado por uno de nuestros comerciales.[\/vc_column_text]\n<div class=\"wpcf7 no-js\" id=\"wpcf7-f72128-o1\" lang=\"it-IT\" dir=\"ltr\" data-wpcf7-id=\"72128\">\n<div class=\"screen-reader-response\"><p role=\"status\" aria-live=\"polite\" aria-atomic=\"true\"><\/p> <ul><\/ul><\/div>\n<form action=\"\/es\/wp-json\/wp\/v2\/pages\/72126#wpcf7-f72128-o1\" method=\"post\" class=\"wpcf7-form init\" aria-label=\"Modulo di contatto\" novalidate=\"novalidate\" data-status=\"init\">\n<fieldset class=\"hidden-fields-container\"><input type=\"hidden\" name=\"_wpcf7\" value=\"72128\" \/><input type=\"hidden\" name=\"_wpcf7_version\" value=\"6.1.5\" \/><input type=\"hidden\" name=\"_wpcf7_locale\" value=\"it_IT\" \/><input type=\"hidden\" name=\"_wpcf7_unit_tag\" value=\"wpcf7-f72128-o1\" \/><input type=\"hidden\" name=\"_wpcf7_container_post\" value=\"0\" \/><input type=\"hidden\" name=\"_wpcf7_posted_data_hash\" value=\"\" \/>\n<\/fieldset>\n<p><label> Nombre y Apellido<br \/>\n<span class=\"wpcf7-form-control-wrap\" data-name=\"your-name\"><input size=\"40\" maxlength=\"400\" class=\"wpcf7-form-control wpcf7-text\" aria-invalid=\"false\" value=\"\" type=\"text\" name=\"your-name\" \/><\/span> <\/label>\n<\/p>\n<p><label> Su correo electr\u00f3nico *<br \/>\n<span class=\"wpcf7-form-control-wrap\" data-name=\"your-email\"><input size=\"40\" maxlength=\"400\" class=\"wpcf7-form-control wpcf7-email wpcf7-validates-as-required wpcf7-text wpcf7-validates-as-email\" aria-required=\"true\" aria-invalid=\"false\" value=\"\" type=\"email\" name=\"your-email\" \/><\/span> <\/label>\n<\/p>\n<p><label> Su mensaje *<br \/>\n<span class=\"wpcf7-form-control-wrap\" data-name=\"your-message\"><textarea cols=\"40\" rows=\"10\" maxlength=\"2000\" class=\"wpcf7-form-control wpcf7-textarea wpcf7-validates-as-required\" aria-required=\"true\" aria-invalid=\"false\" name=\"your-message\"><\/textarea><\/span> <\/label>\n<\/p>\n<p style=\"font-size:0.8em; font-weight:normal; color:#303133;\"><span class=\"wpcf7-form-control-wrap\" data-name=\"accettaprivacy\"><span class=\"wpcf7-form-control wpcf7-acceptance\"><span class=\"wpcf7-list-item\"><input type=\"checkbox\" name=\"accettaprivacy\" value=\"1\" aria-invalid=\"false\" \/><\/span><\/span><\/span><a href=\"https:\/\/www.revsrl.com\/privacy-cookie-policy\" target=\"blank\">Privacidad<\/a> - CONSENTIMIENTO CON ARREGLO AL D.Lgs. n. 196\/03\n<\/p>\n<p style=\"font-size:0.8em; font-weight:normal; color:#303133;\">* = campos necesarios\n<\/p>\n<p><input class=\"wpcf7-form-control wpcf7-submit has-spinner\" type=\"submit\" value=\"ENV\u00cdA\" \/>\n<\/p><div class=\"wpcf7-response-output\" aria-hidden=\"true\"><\/div>\n<\/form>\n<\/div>\n[\/vc_column][vc_column width=\u00bb1\/2&#8243;][vc_icon position=\u00bbleft\u00bb icon=\u00bbfa fa-map-pin1&#8243; icon_color=\u00bbaccent\u00bb size=\u00bbfa-2x\u00bb heading_semantic=\u00bbh5&#8243; text_size=\u00bbh5&#8243; link=\u00bb|||\u00bb uncode_shortcode_id=\u00bb180852&#8243; icon_color_type=\u00bbuncode-palette\u00bb]Via F. Parri, 745 &#8211; 47522 Cesena (FC) Italia[\/vc_icon][vc_icon position=\u00bbleft\u00bb icon=\u00bbfa fa-phone\u00bb icon_color=\u00bbaccent\u00bb size=\u00bbfa-2x\u00bb heading_semantic=\u00bbh5&#8243; text_size=\u00bbh5&#8243; link=\u00bb|||\u00bb uncode_shortcode_id=\u00bb100650&#8243; icon_color_type=\u00bbuncode-palette\u00bb]<a href=\"tel:+390547384435\"><span style=\"color: #393a39;\">+39 0547 384 435<\/span><\/a>[\/vc_icon][vc_icon position=\u00bbleft\u00bb icon=\u00bbfa fa-mail\u00bb icon_color=\u00bbaccent\u00bb size=\u00bbfa-2x\u00bb heading_semantic=\u00bbh5&#8243; text_size=\u00bbh5&#8243; link=\u00bburl:mailto%3Ainfo%40itsmine.it|||\u00bb]<a href=\"mailto:info@revsrl.com\"><span style=\"color: #393a39;\">info@revsrl.com<\/span><\/a>[\/vc_icon][vc_icon position=\u00bbleft\u00bb icon=\u00bbfa fa-linkedin-square\u00bb icon_color=\u00bbaccent\u00bb size=\u00bbfa-2x\u00bb heading_semantic=\u00bbh5&#8243; text_size=\u00bbh5&#8243; title=\u00bbREV Packaging Solutions\u00bb link=\u00bburl:https%3A%2F%2Fwww.linkedin.com%2Fcompany%2Frev-packaging-solutions%2F|target:_blank\u00bb uncode_shortcode_id=\u00bb507166&#8243; icon_color_type=\u00bbuncode-palette\u00bb][\/vc_icon][vc_icon position=\u00bbleft\u00bb icon=\u00bbfa fa-facebook\u00bb icon_color=\u00bbaccent\u00bb size=\u00bbfa-2x\u00bb heading_semantic=\u00bbh5&#8243; text_size=\u00bbh5&#8243; title=\u00bbREV Packaging Solutions\u00bb link=\u00bburl:https%3A%2F%2Ffacebook.com%2Frevpackagingsolutions%2F|target:_blank\u00bb uncode_shortcode_id=\u00bb172846&#8243; icon_color_type=\u00bbuncode-palette\u00bb][\/vc_icon][vc_icon position=\u00bbleft\u00bb icon=\u00bbfa fa-youtube\u00bb icon_color=\u00bbaccent\u00bb size=\u00bbfa-2x\u00bb heading_semantic=\u00bbh5&#8243; text_size=\u00bbh5&#8243; title=\u00bbREV Packaging Solutions\u00bb link=\u00bburl:https%3A%2F%2Fwww.youtube.com%2Fuser%2Frevsrl|target:_blank\u00bb uncode_shortcode_id=\u00bb148805&#8243; icon_color_type=\u00bbuncode-palette\u00bb][\/vc_icon][\/vc_column][\/vc_row][vc_row unlock_row_content=\u00bbyes\u00bb row_height_percent=\u00bb0&#8243; override_padding=\u00bbyes\u00bb h_padding=\u00bb0&#8243; top_padding=\u00bb0&#8243; bottom_padding=\u00bb0&#8243; overlay_alpha=\u00bb50&#8243; gutter_size=\u00bb3&#8243; shift_y=\u00bb0&#8243;][vc_column width=\u00bb1\/1&#8243;][vc_raw_html]JTNDaWZyYW1lJTIwc3JjJTNEJTIyaHR0cHMlM0ElMkYlMkZ3d3cuZ29vZ2xlLmNvbSUyRm1hcHMlMkZlbWJlZCUzRnBiJTNEJTIxMW0xNCUyMTFtOCUyMTFtMyUyMTFkNTcyNC44MTYzNDgyODM1NjM1JTIxMmQxMi4yMTI2NzElMjEzZDQ0LjE1NzQ0NjAwMDAwMDAxJTIxM20yJTIxMWkxMDI0JTIxMmk3NjglMjE0ZjEzLjElMjEzbTMlMjExbTIlMjExczB4MCUyNTNBMHgyMTI4NzUxNmFlMDc3YzhjJTIxMnNSZXYlMkJQYWNrYWdpbmclMkJTb2x1dGlvbnMlMkJTcmwlMjE1ZTAlMjEzbTIlMjExc2l0JTIxMnNpdCUyMTR2MTUwNzgxNjQwODMzNSUyMiUyMHdpZHRoJTNEJTIyMTAwJTI1JTIyJTIwaGVpZ2h0JTNEJTIyMzYwJTIyJTIwZnJhbWVib3JkZXIlM0QlMjIwJTIyJTIwc3R5bGUlM0QlMjJib3JkZXIlM0EwJTIyJTIwYWxsb3dmdWxsc2NyZWVuJTNFJTNDJTJGaWZyYW1lJTNF[\/vc_raw_html][\/vc_column][\/vc_row]<\/p>\n<\/div>","protected":false},"excerpt":{"rendered":"<p>[vc_row row_height_percent=\u00bb0&#8243; override_padding=\u00bbyes\u00bb h_padding=\u00bb0&#8243; top_padding=\u00bb0&#8243; bottom_padding=\u00bb0&#8243; back_image=\u00bb2567&#8243; parallax=\u00bbyes\u00bb overlay_color=\u00bbcolor-122249&#8243; overlay_alpha=\u00bb70&#8243; gutter_size=\u00bb3&#8243; column_width_percent=\u00bb100&#8243; shift_y=\u00bb0&#8243; z_index=\u00bb0&#8243; medium_visibility=\u00bbyes\u00bb mobile_visibility=\u00bbyes\u00bb row_height_pixel=\u00bb300&#8243;][vc_column column_width_percent=\u00bb100&#8243; position_vertical=\u00bbmiddle\u00bb align_horizontal=\u00bbalign_center\u00bb [&hellip;]<\/p>\n","protected":false},"author":11,"featured_media":0,"parent":0,"menu_order":0,"comment_status":"closed","ping_status":"closed","template":"","meta":{"footnotes":""},"class_list":["post-72126","page","type-page","status-publish","hentry"],"yoast_head":"<!-- This site is optimized with the Yoast SEO plugin v27.1.1 - https:\/\/yoast.com\/product\/yoast-seo-wordpress\/ -->\n<title>Cont\u00e1ctanos para m\u00e1s informaci\u00f3n - REV Packaging Solutions<\/title>\n<meta name=\"description\" content=\"\u00bfDesea m\u00e1s info sobre nuestras m\u00e1quinas y soluciones para el envasado? Cont\u00e1ctenos por correo electr\u00f3nico o tel\u00e9fono.\" \/>\n<meta name=\"robots\" content=\"index, follow, max-snippet:-1, max-image-preview:large, max-video-preview:-1\" \/>\n<link rel=\"canonical\" href=\"https:\/\/www.revsrl.com\/es\/contacto\/\" \/>\n<meta property=\"og:locale\" content=\"es_ES\" \/>\n<meta property=\"og:type\" content=\"article\" \/>\n<meta property=\"og:title\" content=\"Cont\u00e1ctanos para m\u00e1s informaci\u00f3n - REV Packaging Solutions\" \/>\n<meta property=\"og:description\" content=\"\u00bfDesea m\u00e1s info sobre nuestras m\u00e1quinas y soluciones para el envasado? Cont\u00e1ctenos por correo electr\u00f3nico o tel\u00e9fono.\" \/>\n<meta property=\"og:url\" content=\"https:\/\/www.revsrl.com\/es\/contacto\/\" \/>\n<meta property=\"og:site_name\" content=\"REV Packaging Solutions\" \/>\n<meta property=\"article:modified_time\" content=\"2025-01-11T09:59:45+00:00\" \/>\n<script type=\"application\/ld+json\" class=\"yoast-schema-graph\">{\"@context\":\"https:\/\/schema.org\",\"@graph\":[{\"@type\":\"WebPage\",\"@id\":\"https:\/\/www.revsrl.com\/es\/contacto\/\",\"url\":\"https:\/\/www.revsrl.com\/es\/contacto\/\",\"name\":\"Cont\u00e1ctanos para m\u00e1s informaci\u00f3n - REV Packaging Solutions\",\"isPartOf\":{\"@id\":\"https:\/\/www.revsrl.com\/#website\"},\"datePublished\":\"2022-05-06T13:50:22+00:00\",\"dateModified\":\"2025-01-11T09:59:45+00:00\",\"description\":\"\u00bfDesea m\u00e1s info sobre nuestras m\u00e1quinas y soluciones para el envasado? Cont\u00e1ctenos por correo electr\u00f3nico o tel\u00e9fono.\",\"breadcrumb\":{\"@id\":\"https:\/\/www.revsrl.com\/es\/contacto\/#breadcrumb\"},\"inLanguage\":\"es\",\"potentialAction\":[{\"@type\":\"ReadAction\",\"target\":[\"https:\/\/www.revsrl.com\/es\/contacto\/\"]}]},{\"@type\":\"BreadcrumbList\",\"@id\":\"https:\/\/www.revsrl.com\/es\/contacto\/#breadcrumb\",\"itemListElement\":[{\"@type\":\"ListItem\",\"position\":1,\"name\":\"Home\",\"item\":\"https:\/\/www.revsrl.com\/es\/\"},{\"@type\":\"ListItem\",\"position\":2,\"name\":\"Contacto\"}]},{\"@type\":\"WebSite\",\"@id\":\"https:\/\/www.revsrl.com\/#website\",\"url\":\"https:\/\/www.revsrl.com\/\",\"name\":\"REV Packaging Solutions\",\"description\":\"Packaging machines for fruit and vegetables\",\"potentialAction\":[{\"@type\":\"SearchAction\",\"target\":{\"@type\":\"EntryPoint\",\"urlTemplate\":\"https:\/\/www.revsrl.com\/?s={search_term_string}\"},\"query-input\":{\"@type\":\"PropertyValueSpecification\",\"valueRequired\":true,\"valueName\":\"search_term_string\"}}],\"inLanguage\":\"es\"}]}<\/script>\n<!-- \/ Yoast SEO plugin. -->","yoast_head_json":{"title":"Cont\u00e1ctanos para m\u00e1s informaci\u00f3n - REV Packaging Solutions","description":"\u00bfDesea m\u00e1s info sobre nuestras m\u00e1quinas y soluciones para el envasado? Cont\u00e1ctenos por correo electr\u00f3nico o tel\u00e9fono.","robots":{"index":"index","follow":"follow","max-snippet":"max-snippet:-1","max-image-preview":"max-image-preview:large","max-video-preview":"max-video-preview:-1"},"canonical":"https:\/\/www.revsrl.com\/es\/contacto\/","og_locale":"es_ES","og_type":"article","og_title":"Cont\u00e1ctanos para m\u00e1s informaci\u00f3n - REV Packaging Solutions","og_description":"\u00bfDesea m\u00e1s info sobre nuestras m\u00e1quinas y soluciones para el envasado? Cont\u00e1ctenos por correo electr\u00f3nico o tel\u00e9fono.","og_url":"https:\/\/www.revsrl.com\/es\/contacto\/","og_site_name":"REV Packaging Solutions","article_modified_time":"2025-01-11T09:59:45+00:00","schema":{"@context":"https:\/\/schema.org","@graph":[{"@type":"WebPage","@id":"https:\/\/www.revsrl.com\/es\/contacto\/","url":"https:\/\/www.revsrl.com\/es\/contacto\/","name":"Cont\u00e1ctanos para m\u00e1s informaci\u00f3n - REV Packaging Solutions","isPartOf":{"@id":"https:\/\/www.revsrl.com\/#website"},"datePublished":"2022-05-06T13:50:22+00:00","dateModified":"2025-01-11T09:59:45+00:00","description":"\u00bfDesea m\u00e1s info sobre nuestras m\u00e1quinas y soluciones para el envasado? Cont\u00e1ctenos por correo electr\u00f3nico o tel\u00e9fono.","breadcrumb":{"@id":"https:\/\/www.revsrl.com\/es\/contacto\/#breadcrumb"},"inLanguage":"es","potentialAction":[{"@type":"ReadAction","target":["https:\/\/www.revsrl.com\/es\/contacto\/"]}]},{"@type":"BreadcrumbList","@id":"https:\/\/www.revsrl.com\/es\/contacto\/#breadcrumb","itemListElement":[{"@type":"ListItem","position":1,"name":"Home","item":"https:\/\/www.revsrl.com\/es\/"},{"@type":"ListItem","position":2,"name":"Contacto"}]},{"@type":"WebSite","@id":"https:\/\/www.revsrl.com\/#website","url":"https:\/\/www.revsrl.com\/","name":"REV Packaging Solutions","description":"Packaging machines for fruit and vegetables","potentialAction":[{"@type":"SearchAction","target":{"@type":"EntryPoint","urlTemplate":"https:\/\/www.revsrl.com\/?s={search_term_string}"},"query-input":{"@type":"PropertyValueSpecification","valueRequired":true,"valueName":"search_term_string"}}],"inLanguage":"es"}]}},"_links":{"self":[{"href":"https:\/\/www.revsrl.com\/es\/wp-json\/wp\/v2\/pages\/72126","targetHints":{"allow":["GET"]}}],"collection":[{"href":"https:\/\/www.revsrl.com\/es\/wp-json\/wp\/v2\/pages"}],"about":[{"href":"https:\/\/www.revsrl.com\/es\/wp-json\/wp\/v2\/types\/page"}],"author":[{"embeddable":true,"href":"https:\/\/www.revsrl.com\/es\/wp-json\/wp\/v2\/users\/11"}],"replies":[{"embeddable":true,"href":"https:\/\/www.revsrl.com\/es\/wp-json\/wp\/v2\/comments?post=72126"}],"version-history":[{"count":11,"href":"https:\/\/www.revsrl.com\/es\/wp-json\/wp\/v2\/pages\/72126\/revisions"}],"predecessor-version":[{"id":76394,"href":"https:\/\/www.revsrl.com\/es\/wp-json\/wp\/v2\/pages\/72126\/revisions\/76394"}],"wp:attachment":[{"href":"https:\/\/www.revsrl.com\/es\/wp-json\/wp\/v2\/media?parent=72126"}],"curies":[{"name":"wp","href":"https:\/\/api.w.org\/{rel}","templated":true}]}}