{"id":72135,"date":"2022-05-06T16:02:40","date_gmt":"2022-05-06T14:02:40","guid":{"rendered":"https:\/\/www.revsrl.com\/?page_id=72135"},"modified":"2026-02-26T15:40:27","modified_gmt":"2026-02-26T14:40:27","slug":"estudios-de-casos","status":"publish","type":"page","link":"https:\/\/www.revsrl.com\/es\/estudios-de-casos\/","title":{"rendered":"Estudios de casos"},"content":{"rendered":"<div class=\"wpb-content-wrapper\"><p>[vc_row row_height_percent=\u00bb0&#8243; override_padding=\u00bbyes\u00bb h_padding=\u00bb0&#8243; top_padding=\u00bb0&#8243; bottom_padding=\u00bb0&#8243; back_image=\u00bb10403&#8243; back_repeat=\u00bbno-repeat\u00bb back_attachment=\u00bbscroll\u00bb back_position=\u00bbcenter center\u00bb parallax=\u00bbyes\u00bb overlay_color=\u00bbcolor-122249&#8243; overlay_alpha=\u00bb70&#8243; gutter_size=\u00bb3&#8243; column_width_percent=\u00bb100&#8243; shift_y=\u00bb0&#8243; z_index=\u00bb0&#8243; medium_visibility=\u00bbyes\u00bb mobile_visibility=\u00bbyes\u00bb row_height_pixel=\u00bb350&#8243;][vc_column column_width_percent=\u00bb100&#8243; position_vertical=\u00bbmiddle\u00bb align_horizontal=\u00bbalign_center\u00bb gutter_size=\u00bb3&#8243; overlay_alpha=\u00bb50&#8243; shift_x=\u00bb0&#8243; shift_y=\u00bb0&#8243; shift_y_down=\u00bb0&#8243; z_index=\u00bb0&#8243; medium_width=\u00bb0&#8243; mobile_width=\u00bb0&#8243; width=\u00bb1\/1&#8243;][vc_custom_heading text_color=\u00bbcolor-xsdn\u00bb heading_semantic=\u00bbh1&#8243; text_size=\u00bbh1&#8243; uncode_shortcode_id=\u00bb208641&#8243; text_color_type=\u00bbuncode-palette\u00bb]ESTUDIO DE CASOS[\/vc_custom_heading][\/vc_column][\/vc_row][vc_row row_height_percent=\u00bb0&#8243; override_padding=\u00bbyes\u00bb h_padding=\u00bb0&#8243; top_padding=\u00bb0&#8243; bottom_padding=\u00bb0&#8243; back_image=\u00bb10397&#8243; back_position=\u00bbcenter center\u00bb parallax=\u00bbyes\u00bb overlay_color=\u00bbcolor-122249&#8243; overlay_alpha=\u00bb70&#8243; gutter_size=\u00bb3&#8243; column_width_percent=\u00bb100&#8243; shift_y=\u00bb0&#8243; z_index=\u00bb0&#8243; desktop_visibility=\u00bbyes\u00bb row_height_pixel=\u00bb200&#8243;][vc_column column_width_percent=\u00bb100&#8243; position_vertical=\u00bbmiddle\u00bb align_horizontal=\u00bbalign_center\u00bb gutter_size=\u00bb3&#8243; overlay_alpha=\u00bb50&#8243; shift_x=\u00bb0&#8243; shift_y=\u00bb0&#8243; shift_y_down=\u00bb0&#8243; z_index=\u00bb0&#8243; medium_width=\u00bb0&#8243; mobile_width=\u00bb0&#8243; width=\u00bb1\/1&#8243;][vc_custom_heading text_color=\u00bbcolor-xsdn\u00bb heading_semantic=\u00bbh1&#8243; text_size=\u00bbh1&#8243; uncode_shortcode_id=\u00bb202837&#8243; text_color_type=\u00bbuncode-palette\u00bb]ESTUDIO DE CASOS[\/vc_custom_heading][\/vc_column][\/vc_row][vc_row][vc_column width=\u00bb1\/2&#8243;][vc_single_image media=\u00bb72138&#8243; media_width_percent=\u00bb100&#8243; media_link=\u00bburl:https%3A%2F%2Fwww.revsrl.com%2Fes%2Festudios-de-casos%2Fsun-pacific-diez-lineas-para-el-envasado-de-kiwis%2F\u00bb uncode_shortcode_id=\u00bb172891&#8243;][vc_column_text uncode_shortcode_id=\u00bb198959&#8243;]<\/p>\n<h4><a href=\"https:\/\/www.revsrl.com\/es\/estudios-de-casos\/sun-pacific-diez-lineas-para-el-envasado-de-kiwis\/\" rel=\"noopener\">SUN PACIFIC<\/a><\/h4>\n<p>Diez l\u00edneas para el envasado de kiwis[\/vc_column_text][\/vc_column][vc_column width=\u00bb1\/2&#8243;][vc_single_image media=\u00bb72136&#8243; media_width_percent=\u00bb100&#8243; media_link=\u00bburl:https%3A%2F%2Fwww.revsrl.com%2Fes%2Festudios-de-casos%2Feagle-una-maquina-dos-realidades-satisfechas%2F\u00bb uncode_shortcode_id=\u00bb135549&#8243;][vc_column_text uncode_shortcode_id=\u00bb468104&#8243;]<\/p>\n<h4><a href=\"https:\/\/www.revsrl.com\/es\/estudios-de-casos\/eagle-una-maquina-dos-realidades-satisfechas\/\" rel=\"noopener\">EAGLE<\/a><\/h4>\n<p>Una m\u00e1quina, dos realidades satisfechas[\/vc_column_text][\/vc_column][\/vc_row][vc_row row_height_percent=\u00bb0&#8243; overlay_alpha=\u00bb50&#8243; gutter_size=\u00bb3&#8243; shift_y=\u00bb0&#8243;][vc_column width=\u00bb1\/2&#8243;][vc_single_image media=\u00bb72137&#8243; media_width_percent=\u00bb100&#8243; media_link=\u00bburl:https%3A%2F%2Fwww.revsrl.com%2Fes%2Festudios-de-casos%2Ffyffes-una-flejadora-a-medida-para-el-envasado-de-pinas%2F\u00bb uncode_shortcode_id=\u00bb182279&#8243;][vc_column_text uncode_shortcode_id=\u00bb148049&#8243;]<\/p>\n<h4><a href=\"https:\/\/www.revsrl.com\/es\/estudios-de-casos\/fyffes-una-flejadora-a-medida-para-el-envasado-de-pinas\/\" rel=\"noopener\">FYFFES<\/a><\/h4>\n<p>Una flejadora a medida para el envasado de pi\u00f1as[\/vc_column_text][\/vc_column][vc_column width=\u00bb1\/2&#8243;][vc_single_image media=\u00bb67484&#8243; media_width_percent=\u00bb100&#8243; media_link=\u00bburl:https%3A%2F%2Fwww.revsrl.com%2Fes%2Festudios-de-casos%2Fdupi-frut-una-linea-de-envasado-para-ajo%2F\u00bb uncode_shortcode_id=\u00bb114123&#8243;][vc_column_text uncode_shortcode_id=\u00bb949470&#8243;]<\/p>\n<h4><a href=\"https:\/\/www.revsrl.com\/es\/estudios-de-casos\/dupi-frut-una-linea-de-envasado-para-ajo\/\" rel=\"noopener\">DUPI FRUT\u00a0<\/a><\/h4>\n<p>Una l\u00ednea de envasado para ajos[\/vc_column_text][\/vc_column][\/vc_row][vc_row row_height_percent=\u00bb0&#8243; overlay_alpha=\u00bb50&#8243; gutter_size=\u00bb3&#8243; shift_y=\u00bb0&#8243;][vc_column width=\u00bb1\/2&#8243;][vc_single_image media=\u00bb68848&#8243; media_width_percent=\u00bb100&#8243; media_link=\u00bburl:https%3A%2F%2Fwww.revsrl.com%2Fes%2Festudios-de-casos%2Fcoop-messi-dos-lineas-para-envasar-melocotones-nectarinas-y-kiwis%2F\u00bb uncode_shortcode_id=\u00bb138536&#8243;][vc_column_text uncode_shortcode_id=\u00bb128223&#8243;]<\/p>\n<h4><a href=\"https:\/\/www.revsrl.com\/es\/estudios-de-casos\/coop-messi-dos-lineas-para-envasar-melocotones-nectarinas-y-kiwis\/\" rel=\"noopener\">COOP MESSI<\/a><\/h4>\n<p>Dos l\u00edneas para envasar melocotones, nectarinas y kiwis[\/vc_column_text][\/vc_column][vc_column width=\u00bb1\/2&#8243;][vc_single_image media=\u00bb78201&#8243; media_width_percent=\u00bb100&#8243; media_link=\u00bburl:https%3A%2F%2Fwww.revsrl.com%2Fes%2Festudios-de-casos%2Falponfrutta-una-linea-de-pesaje-y-envasado-para-cerezas%2F\u00bb uncode_shortcode_id=\u00bb613210&#8243;][vc_column_text uncode_shortcode_id=\u00bb756797&#8243;]<\/p>\n<h4><a href=\"https:\/\/www.revsrl.com\/es\/estudios-de-casos\/alponfrutta-una-linea-de-pesaje-y-envasado-para-cerezas\/\" rel=\"noopener\">ALPONFRUTTA<\/a><\/h4>\n<p>Una l\u00ednea de pesaje y envasado para cerezas[\/vc_column_text][\/vc_column][\/vc_row][vc_row][vc_column width=\u00bb1\/1&#8243;][vc_empty_space][\/vc_column][\/vc_row]<\/p>\n<\/div>","protected":false},"excerpt":{"rendered":"<p>[vc_row row_height_percent=\u00bb0&#8243; override_padding=\u00bbyes\u00bb h_padding=\u00bb0&#8243; top_padding=\u00bb0&#8243; bottom_padding=\u00bb0&#8243; back_image=\u00bb10403&#8243; back_repeat=\u00bbno-repeat\u00bb back_attachment=\u00bbscroll\u00bb back_position=\u00bbcenter center\u00bb parallax=\u00bbyes\u00bb overlay_color=\u00bbcolor-122249&#8243; overlay_alpha=\u00bb70&#8243; gutter_size=\u00bb3&#8243; column_width_percent=\u00bb100&#8243; shift_y=\u00bb0&#8243; z_index=\u00bb0&#8243; medium_visibility=\u00bbyes\u00bb mobile_visibility=\u00bbyes\u00bb [&hellip;]<\/p>\n","protected":false},"author":11,"featured_media":0,"parent":0,"menu_order":0,"comment_status":"closed","ping_status":"closed","template":"","meta":{"footnotes":""},"class_list":["post-72135","page","type-page","status-publish","hentry"],"yoast_head":"<!-- This site is optimized with the Yoast SEO plugin v27.1.1 - https:\/\/yoast.com\/product\/yoast-seo-wordpress\/ -->\n<title>Estudios de casos - REV Packaging Solutions<\/title>\n<meta name=\"description\" content=\"Evoluci\u00f3n tecnol\u00f3gica y maximizaci\u00f3n productiva: algunos ejemplos pr\u00e1cticos y el testimonio de quienes nos han elegido.\" \/>\n<meta name=\"robots\" content=\"index, follow, max-snippet:-1, max-image-preview:large, max-video-preview:-1\" \/>\n<link rel=\"canonical\" href=\"https:\/\/www.revsrl.com\/es\/estudios-de-casos\/\" \/>\n<meta property=\"og:locale\" content=\"es_ES\" \/>\n<meta property=\"og:type\" content=\"article\" \/>\n<meta property=\"og:title\" content=\"Estudios de casos - REV Packaging Solutions\" \/>\n<meta property=\"og:description\" content=\"Evoluci\u00f3n tecnol\u00f3gica y maximizaci\u00f3n productiva: algunos ejemplos pr\u00e1cticos y el testimonio de quienes nos han elegido.\" \/>\n<meta property=\"og:url\" content=\"https:\/\/www.revsrl.com\/es\/estudios-de-casos\/\" \/>\n<meta property=\"og:site_name\" content=\"REV Packaging Solutions\" \/>\n<meta property=\"article:modified_time\" content=\"2026-02-26T14:40:27+00:00\" \/>\n<script type=\"application\/ld+json\" class=\"yoast-schema-graph\">{\"@context\":\"https:\/\/schema.org\",\"@graph\":[{\"@type\":\"WebPage\",\"@id\":\"https:\/\/www.revsrl.com\/es\/estudios-de-casos\/\",\"url\":\"https:\/\/www.revsrl.com\/es\/estudios-de-casos\/\",\"name\":\"Estudios de casos - REV Packaging Solutions\",\"isPartOf\":{\"@id\":\"https:\/\/www.revsrl.com\/#website\"},\"datePublished\":\"2022-05-06T14:02:40+00:00\",\"dateModified\":\"2026-02-26T14:40:27+00:00\",\"description\":\"Evoluci\u00f3n tecnol\u00f3gica y maximizaci\u00f3n productiva: algunos ejemplos pr\u00e1cticos y el testimonio de quienes nos han elegido.\",\"breadcrumb\":{\"@id\":\"https:\/\/www.revsrl.com\/es\/estudios-de-casos\/#breadcrumb\"},\"inLanguage\":\"es\",\"potentialAction\":[{\"@type\":\"ReadAction\",\"target\":[\"https:\/\/www.revsrl.com\/es\/estudios-de-casos\/\"]}]},{\"@type\":\"BreadcrumbList\",\"@id\":\"https:\/\/www.revsrl.com\/es\/estudios-de-casos\/#breadcrumb\",\"itemListElement\":[{\"@type\":\"ListItem\",\"position\":1,\"name\":\"Home\",\"item\":\"https:\/\/www.revsrl.com\/es\/\"},{\"@type\":\"ListItem\",\"position\":2,\"name\":\"Estudios de casos\"}]},{\"@type\":\"WebSite\",\"@id\":\"https:\/\/www.revsrl.com\/#website\",\"url\":\"https:\/\/www.revsrl.com\/\",\"name\":\"REV Packaging Solutions\",\"description\":\"Packaging machines for fruit and vegetables\",\"potentialAction\":[{\"@type\":\"SearchAction\",\"target\":{\"@type\":\"EntryPoint\",\"urlTemplate\":\"https:\/\/www.revsrl.com\/?s={search_term_string}\"},\"query-input\":{\"@type\":\"PropertyValueSpecification\",\"valueRequired\":true,\"valueName\":\"search_term_string\"}}],\"inLanguage\":\"es\"}]}<\/script>\n<!-- \/ Yoast SEO plugin. -->","yoast_head_json":{"title":"Estudios de casos - REV Packaging Solutions","description":"Evoluci\u00f3n tecnol\u00f3gica y maximizaci\u00f3n productiva: algunos ejemplos pr\u00e1cticos y el testimonio de quienes nos han elegido.","robots":{"index":"index","follow":"follow","max-snippet":"max-snippet:-1","max-image-preview":"max-image-preview:large","max-video-preview":"max-video-preview:-1"},"canonical":"https:\/\/www.revsrl.com\/es\/estudios-de-casos\/","og_locale":"es_ES","og_type":"article","og_title":"Estudios de casos - REV Packaging Solutions","og_description":"Evoluci\u00f3n tecnol\u00f3gica y maximizaci\u00f3n productiva: algunos ejemplos pr\u00e1cticos y el testimonio de quienes nos han elegido.","og_url":"https:\/\/www.revsrl.com\/es\/estudios-de-casos\/","og_site_name":"REV Packaging Solutions","article_modified_time":"2026-02-26T14:40:27+00:00","schema":{"@context":"https:\/\/schema.org","@graph":[{"@type":"WebPage","@id":"https:\/\/www.revsrl.com\/es\/estudios-de-casos\/","url":"https:\/\/www.revsrl.com\/es\/estudios-de-casos\/","name":"Estudios de casos - REV Packaging Solutions","isPartOf":{"@id":"https:\/\/www.revsrl.com\/#website"},"datePublished":"2022-05-06T14:02:40+00:00","dateModified":"2026-02-26T14:40:27+00:00","description":"Evoluci\u00f3n tecnol\u00f3gica y maximizaci\u00f3n productiva: algunos ejemplos pr\u00e1cticos y el testimonio de quienes nos han elegido.","breadcrumb":{"@id":"https:\/\/www.revsrl.com\/es\/estudios-de-casos\/#breadcrumb"},"inLanguage":"es","potentialAction":[{"@type":"ReadAction","target":["https:\/\/www.revsrl.com\/es\/estudios-de-casos\/"]}]},{"@type":"BreadcrumbList","@id":"https:\/\/www.revsrl.com\/es\/estudios-de-casos\/#breadcrumb","itemListElement":[{"@type":"ListItem","position":1,"name":"Home","item":"https:\/\/www.revsrl.com\/es\/"},{"@type":"ListItem","position":2,"name":"Estudios de casos"}]},{"@type":"WebSite","@id":"https:\/\/www.revsrl.com\/#website","url":"https:\/\/www.revsrl.com\/","name":"REV Packaging Solutions","description":"Packaging machines for fruit and vegetables","potentialAction":[{"@type":"SearchAction","target":{"@type":"EntryPoint","urlTemplate":"https:\/\/www.revsrl.com\/?s={search_term_string}"},"query-input":{"@type":"PropertyValueSpecification","valueRequired":true,"valueName":"search_term_string"}}],"inLanguage":"es"}]}},"_links":{"self":[{"href":"https:\/\/www.revsrl.com\/es\/wp-json\/wp\/v2\/pages\/72135","targetHints":{"allow":["GET"]}}],"collection":[{"href":"https:\/\/www.revsrl.com\/es\/wp-json\/wp\/v2\/pages"}],"about":[{"href":"https:\/\/www.revsrl.com\/es\/wp-json\/wp\/v2\/types\/page"}],"author":[{"embeddable":true,"href":"https:\/\/www.revsrl.com\/es\/wp-json\/wp\/v2\/users\/11"}],"replies":[{"embeddable":true,"href":"https:\/\/www.revsrl.com\/es\/wp-json\/wp\/v2\/comments?post=72135"}],"version-history":[{"count":5,"href":"https:\/\/www.revsrl.com\/es\/wp-json\/wp\/v2\/pages\/72135\/revisions"}],"predecessor-version":[{"id":78235,"href":"https:\/\/www.revsrl.com\/es\/wp-json\/wp\/v2\/pages\/72135\/revisions\/78235"}],"wp:attachment":[{"href":"https:\/\/www.revsrl.com\/es\/wp-json\/wp\/v2\/media?parent=72135"}],"curies":[{"name":"wp","href":"https:\/\/api.w.org\/{rel}","templated":true}]}}