{"id":72141,"date":"2022-05-06T16:11:00","date_gmt":"2022-05-06T14:11:00","guid":{"rendered":"https:\/\/www.revsrl.com\/?page_id=72141"},"modified":"2026-02-26T12:39:10","modified_gmt":"2026-02-26T11:39:10","slug":"sun-pacific-diez-lineas-para-el-envasado-de-kiwis","status":"publish","type":"page","link":"https:\/\/www.revsrl.com\/es\/estudios-de-casos\/sun-pacific-diez-lineas-para-el-envasado-de-kiwis\/","title":{"rendered":"SUN PACIFIC Diez l\u00edneas para el envasado de kiwis"},"content":{"rendered":"<div class=\"wpb-content-wrapper\"><p>[vc_row row_height_percent=\u00bb0&#8243; override_padding=\u00bbyes\u00bb h_padding=\u00bb0&#8243; top_padding=\u00bb0&#8243; bottom_padding=\u00bb0&#8243; back_image=\u00bb11772&#8243; back_position=\u00bbright bottom\u00bb parallax=\u00bbyes\u00bb overlay_color=\u00bbcolor-122249&#8243; overlay_alpha=\u00bb70&#8243; gutter_size=\u00bb3&#8243; column_width_percent=\u00bb100&#8243; shift_y=\u00bb0&#8243; z_index=\u00bb0&#8243; medium_visibility=\u00bbyes\u00bb mobile_visibility=\u00bbyes\u00bb row_height_pixel=\u00bb350&#8243; css=\u00bb.vc_custom_1613553956243{padding-bottom: 0px !important;}\u00bb][vc_column column_width_percent=\u00bb100&#8243; position_vertical=\u00bbmiddle\u00bb align_horizontal=\u00bbalign_center\u00bb gutter_size=\u00bb3&#8243; overlay_alpha=\u00bb50&#8243; shift_x=\u00bb0&#8243; shift_y=\u00bb0&#8243; shift_y_down=\u00bb0&#8243; z_index=\u00bb0&#8243; medium_width=\u00bb0&#8243; mobile_width=\u00bb0&#8243; width=\u00bb1\/1&#8243;][vc_custom_heading text_color=\u00bbcolor-xsdn\u00bb heading_semantic=\u00bbh1&#8243; text_size=\u00bbh1&#8243; uncode_shortcode_id=\u00bb140856&#8243; text_color_type=\u00bbuncode-palette\u00bb]SUN PACIFIC<\/p>\n<p>Diez l\u00edneas para el envasado de kiwis[\/vc_custom_heading][\/vc_column][\/vc_row][vc_row row_height_percent=\u00bb0&#8243; override_padding=\u00bbyes\u00bb h_padding=\u00bb0&#8243; top_padding=\u00bb0&#8243; bottom_padding=\u00bb0&#8243; back_image=\u00bb11772&#8243; back_position=\u00bbcenter center\u00bb parallax=\u00bbyes\u00bb overlay_color=\u00bbcolor-122249&#8243; overlay_alpha=\u00bb70&#8243; gutter_size=\u00bb3&#8243; column_width_percent=\u00bb100&#8243; shift_y=\u00bb0&#8243; z_index=\u00bb0&#8243; desktop_visibility=\u00bbyes\u00bb row_height_pixel=\u00bb200&#8243;][vc_column column_width_percent=\u00bb100&#8243; position_vertical=\u00bbmiddle\u00bb align_horizontal=\u00bbalign_center\u00bb gutter_size=\u00bb3&#8243; overlay_alpha=\u00bb50&#8243; shift_x=\u00bb0&#8243; shift_y=\u00bb0&#8243; shift_y_down=\u00bb0&#8243; z_index=\u00bb0&#8243; medium_width=\u00bb0&#8243; mobile_width=\u00bb0&#8243; width=\u00bb1\/1&#8243;][vc_custom_heading text_color=\u00bbcolor-xsdn\u00bb heading_semantic=\u00bbh1&#8243; text_size=\u00bbh1&#8243; uncode_shortcode_id=\u00bb857336&#8243; text_color_type=\u00bbuncode-palette\u00bb]SUN PACIFIC<\/p>\n<p>Diez l\u00edneas para el envasado de kiwis[\/vc_custom_heading][\/vc_column][\/vc_row][vc_row row_height_percent=\u00bb0&#8243; override_padding=\u00bbyes\u00bb h_padding=\u00bb2&#8243; top_padding=\u00bb2&#8243; bottom_padding=\u00bb0&#8243; overlay_alpha=\u00bb50&#8243; gutter_size=\u00bb3&#8243; shift_y=\u00bb0&#8243; css=\u00bb.vc_custom_1612866035713{margin-top: -80px !important;padding-top: 0px !important;padding-bottom: 0px !important;}\u00bb][vc_column width=\u00bb1\/1&#8243;][vc_single_image media=\u00bb72147&#8243; media_width_use_pixel=\u00bbyes\u00bb alignment=\u00bbcenter\u00bb shape=\u00bbimg-circle\u00bb border=\u00bbyes\u00bb media_width_pixel=\u00bb150&#8243;][\/vc_column][\/vc_row][vc_row row_height_percent=\u00bb0&#8243; overlay_alpha=\u00bb50&#8243; gutter_size=\u00bb3&#8243; shift_y=\u00bb0&#8243; css=\u00bb.vc_custom_1612865966246{padding-top: 0px !important;}\u00bb][vc_column width=\u00bb3\/4&#8243;][vc_column_text uncode_shortcode_id=\u00bb326110&#8243;]<\/p>\n<h3><span style=\"color: #f44611;\">LA EMPRESA<\/span><\/h3>\n<p>Sun Pacific nace en California en 1969 como productor y envasador de c\u00edtricos. Hoy en d\u00eda el principal productor de kiwis y c\u00edtricos de todo Norteam\u00e9rica: con 30mil acres de terreno y m\u00e1s de 75 millones de paquetes de fruta cada a\u00f1o, proporciona el 50 % de la producci\u00f3n total de kiwis en Estados Unidos.<\/p>\n<h3><span style=\"color: #f44611;\">EL PEDIDO<\/span><\/h3>\n<p>La empresa necesitaba\u00a0<strong>automatizar el proceso de envasado de los kiwis<\/strong>, que hasta aquel momento se realizaba manualmente, adem\u00e1s de confeccionar los kiwis en cestas con bisagra de diferentes formatos, con el objetivo de convertirse en el primer envasador de EE. UU., reduciendo la mano de obra y aumentando la producci\u00f3n.<\/p>\n<h3><span style=\"color: #f44611;\">NUESTRA SOLUCI\u00d3N<\/span><\/h3>\n<p>REV ha dise\u00f1ado y realizado una <strong>planta de envasado<\/strong> <strong>personalizada<\/strong> para satisfacer estos pedidos, permitiendo automatizar el pesaje y el rellenado de las cestas con bisagra y modificar de manera aut\u00f3noma y r\u00e1pida el formato por producir.<\/p>\n<p>Se trata de una innovaci\u00f3n notable con respecto a los sistemas precedentes que, para el cambio de formato, necesitaban de un operador bastante experto y de una cantidad de acciones mec\u00e1nicas que implicaban tiempos de inactividad prolongados. Por el contrario, las soluciones realizadas por REV para Sun Pacific permiten\u00a0<strong>aportar f<\/strong><strong>\u00e1<\/strong><strong>cilmente modificaciones a los formatos<\/strong>\u00a0por medio de operaciones simples y veloces.<\/p>\n<p>Registrada la satisfacci\u00f3n por la primera l\u00ednea proporcionada, durante tres a\u00f1os la planta se ha progresivamente ampliado y, actualmente, cuenta en su conjunto, con diez l\u00edneas, cada una hecha de:<\/p>\n<ul>\n<li>pesadora\u00a0<strong><a href=\"https:\/\/www.revsrl.com\/es\/portfolio\/bison-pesadora-delicada-para-lineas-de-cestas\/\" rel=\"noopener\">Bison<\/a><\/strong>, extremadamente\u00a0<span style=\"color: #000000;\"><strong>r<\/strong><strong>\u00e1<\/strong><strong>pida y delicada<\/strong><\/span>;<\/li>\n<li>desapilador-rellenadora\u00a0<strong><a href=\"https:\/\/www.revsrl.com\/es\/portfolio\/desapiladores-de-cestas\/\" rel=\"noopener\">U5-203<\/a><\/strong>, en grado de\u00a0<span style=\"color: #000000;\"><strong>manejar simult<\/strong><strong>\u00e1<\/strong><strong>neamente 5 cestas<\/strong><\/span>;<\/li>\n<li><strong><a href=\"https:\/\/www.revsrl.com\/es\/portfolio\/click-sistema-de-cierre-para-cestas-con-bisagra\/\" rel=\"noopener\">Click<\/a><\/strong>, sistema de cierre para cestas con bisagra capaz de trabajar 5 cestas cada ciclo (asimismo realizado espec\u00edficamente para Sun Pacific);<\/li>\n<li>controladora de peso\u00a0<strong><a href=\"https:\/\/www.revsrl.com\/es\/portfolio\/cbox-controladora-de-peso\/\" rel=\"noopener\">C-Box<\/a><\/strong>\u00a0con descartador, para verificar el peso de cada cesta.<\/li>\n<\/ul>\n<p>Cada l\u00ednea garantiza una producci\u00f3n hasta <span style=\"color: #000000;\"><strong>60 cestas por minuto<\/strong> <strong>(3.600 por hora).<\/strong><\/span><\/p>\n<p>A estas l\u00edneas, pues, han sido a\u00f1adidas dos rellenadoras de cajas <strong><a href=\"https:\/\/www.revsrl.com\/es\/portfolio\/america-rellenadora-de-cajas-abiertas-con-cestas-multiformato\/\" rel=\"noopener\">America<\/a><\/strong>. En este caso tambi\u00e9n, REV ha realizado espec\u00edficamente para Sun Pacific una m\u00e1quina que, en contraste con las ya en comercio, es programable para trabajar con 4-12 cestas cada caja, en uno o dos niveles, de maniera autom\u00e1tica, simple y r\u00e1pida, por medio de la pantalla t\u00e1ctil de a bordo.<\/p>\n<p>La planta, pues, ha sido integrada en un sistema de comunicaci\u00f3n SCADA (Supervisory Control And Data Acquisition) en grado de monitorear en tiempo real el estado de funcionamiento, prevenir y reducir eventuales tiempos de inactividad y controlar constantemente los niveles de producci\u00f3n.<\/p>\n<h3><span style=\"color: #f44611;\">LOS BENEFICIOS<\/span><\/h3>\n<p>Gracias a la planta realizada por REV, Sun Pacific ha alcanzado diferentes objetivos:<\/p>\n<ul>\n<li><span style=\"color: #000000;\"><strong>la producci\u00f3n<\/strong><\/span>, en igualdad de operadores, <span style=\"color: #000000;\"><strong>ha aumentado de<\/strong> <strong>12 veces<\/strong><\/span>\u00a0(60 cestas\/minuto contra 5);<\/li>\n<li>los costes de producci\u00f3n relativos a la mano de obra han sido reducidos, para un <span style=\"color: #000000;\"><strong>ahorro de m<\/strong><strong>\u00e1<\/strong><strong>s del 50 %<\/strong><\/span>.<\/li>\n<\/ul>\n<p>[\/vc_column_text][\/vc_column][vc_column column_width_percent=\u00bb100&#8243; gutter_size=\u00bb2&#8243; back_color=\u00bbcolor-115983&#8243; overlay_alpha=\u00bb50&#8243; shift_x=\u00bb0&#8243; shift_y=\u00bb0&#8243; z_index=\u00bb0&#8243; medium_width=\u00bb0&#8243; width=\u00bb1\/4&#8243; el_class=\u00bbbox-case\u00bb css=\u00bb.vc_custom_1612803191771{padding-right: 20px !important;padding-left: 20px !important;}\u00bb][vc_column_text css=\u00bb.vc_custom_1652448965996{padding-right: 0px !important;padding-left: 0px !important;}\u00bb uncode_shortcode_id=\u00bb786447&#8243;]<\/p>\n<h5><span style=\"color: #f44611;\">EXIGENCIAS<\/span><\/h5>\n<p>Automatizar el proceso de envasado de kiwis para el principal productor de Norteam\u00e9rica<\/p>\n<p><strong>\u00a0<\/strong><\/p>\n<h5><span style=\"color: #f44611;\">SOLUCI\u00d3N<\/span><\/h5>\n<p>Planta de envasado personalizada que asegura cambios de formato r\u00e1pidos<\/p>\n<p>&nbsp;<\/p>\n<h5><span style=\"color: #f44611;\">RESULTADOS<\/span><\/h5>\n<ul>\n<li>Aumento de 12 veces de la producci\u00f3n, en igualdad de operadores<\/li>\n<li>Ahorro sobre los costes de producci\u00f3n relativos a la mano de obra de m\u00e1s del 50 %<\/li>\n<\/ul>\n<p>[\/vc_column_text][\/vc_column][\/vc_row][vc_row row_height_percent=\u00bb0&#8243; override_padding=\u00bbyes\u00bb h_padding=\u00bb2&#8243; top_padding=\u00bb0&#8243; bottom_padding=\u00bb2&#8243; overlay_alpha=\u00bb50&#8243; gutter_size=\u00bb3&#8243; shift_y=\u00bb0&#8243;][vc_column width=\u00bb1\/1&#8243;][vc_single_image media=\u00bb68687&#8243; media_width_percent=\u00bb100&#8243;][\/vc_column][\/vc_row][vc_row row_height_percent=\u00bb0&#8243; override_padding=\u00bbyes\u00bb h_padding=\u00bb2&#8243; top_padding=\u00bb0&#8243; bottom_padding=\u00bb0&#8243; back_color=\u00bbcolor-174245&#8243; overlay_alpha=\u00bb50&#8243; gutter_size=\u00bb3&#8243; shift_y=\u00bb0&#8243; css=\u00bb.vc_custom_1612804048804{margin-top: 0px !important;margin-bottom: 0px !important;padding-top: 0px !important;padding-bottom: 0px !important;}\u00bb][vc_column column_width_percent=\u00bb100&#8243; gutter_size=\u00bb3&#8243; overlay_alpha=\u00bb50&#8243; shift_x=\u00bb0&#8243; shift_y=\u00bb0&#8243; z_index=\u00bb0&#8243; medium_width=\u00bb0&#8243; width=\u00bb2\/3&#8243; css=\u00bb.vc_custom_1612804000378{border-top-width: 0px !important;border-bottom-width: 0px !important;padding-top: 0px !important;padding-bottom: 0px !important;}\u00bb][vc_empty_space empty_h=\u00bb2&#8243;][vc_column_text css=\u00bb.vc_custom_1651846000219{padding-top: 0px !important;}\u00bb uncode_shortcode_id=\u00bb143808&#8243;]<\/p>\n<h3><span style=\"color: #f44611;\">Por qu\u00e9 REV<\/span><\/h3>\n<p>REV proporciona soluciones innovadoras para el envasado de productos hortofrut\u00edcolas, personalizadas seg\u00fan las exigencias espec\u00edficas del envasador y automatizando procesos hasta ahora realizados manualmente y facilitando los cambios de formato, como en este caso: eficiencia, \u00f3ptimas prestaciones y sostenibilidad son testiguadas por nuestros propios clientes.[\/vc_column_text][vc_button button_color=\u00bbcolor-122249&#8243; border_width=\u00bb0&#8243; link=\u00bburl:https%3A%2F%2Fwww.revsrl.com%2Fes%2Festudios-de-casos%2F|target:_blank\u00bb button_color_type=\u00bbuncode-palette\u00bb uncode_shortcode_id=\u00bb919956&#8243;]VEA LOS ESTUDIOS DE CASOS[\/vc_button][vc_empty_space empty_h=\u00bb2&#8243;][\/vc_column][\/vc_row]<\/p>\n<\/div>","protected":false},"excerpt":{"rendered":"<p>[vc_row row_height_percent=\u00bb0&#8243; override_padding=\u00bbyes\u00bb h_padding=\u00bb0&#8243; top_padding=\u00bb0&#8243; bottom_padding=\u00bb0&#8243; back_image=\u00bb11772&#8243; back_position=\u00bbright bottom\u00bb parallax=\u00bbyes\u00bb overlay_color=\u00bbcolor-122249&#8243; overlay_alpha=\u00bb70&#8243; gutter_size=\u00bb3&#8243; column_width_percent=\u00bb100&#8243; shift_y=\u00bb0&#8243; z_index=\u00bb0&#8243; medium_visibility=\u00bbyes\u00bb mobile_visibility=\u00bbyes\u00bb row_height_pixel=\u00bb350&#8243; css=\u00bb.vc_custom_1613553956243{padding-bottom: [&hellip;]<\/p>\n","protected":false},"author":11,"featured_media":0,"parent":72135,"menu_order":0,"comment_status":"closed","ping_status":"closed","template":"","meta":{"footnotes":""},"class_list":["post-72141","page","type-page","status-publish","hentry"],"yoast_head":"<!-- This site is optimized with the Yoast SEO plugin v27.1.1 - https:\/\/yoast.com\/product\/yoast-seo-wordpress\/ -->\n<title>Automatizaci\u00f3n envasado para Sun Pacific \u2013 REV<\/title>\n<meta name=\"description\" content=\"La empresa, primer productor de kiwis y c\u00edtricos en los Estados Unidos, ha recibido 10 l\u00edneas para automatizar el proceso de envasado.\" \/>\n<meta name=\"robots\" content=\"index, follow, max-snippet:-1, max-image-preview:large, max-video-preview:-1\" \/>\n<link rel=\"canonical\" href=\"https:\/\/www.revsrl.com\/es\/estudios-de-casos\/sun-pacific-diez-lineas-para-el-envasado-de-kiwis\/\" \/>\n<meta property=\"og:locale\" content=\"es_ES\" \/>\n<meta property=\"og:type\" content=\"article\" \/>\n<meta property=\"og:title\" content=\"Automatizaci\u00f3n envasado para Sun Pacific \u2013 REV\" \/>\n<meta property=\"og:description\" content=\"La empresa, primer productor de kiwis y c\u00edtricos en los Estados Unidos, ha recibido 10 l\u00edneas para automatizar el proceso de envasado.\" \/>\n<meta property=\"og:url\" content=\"https:\/\/www.revsrl.com\/es\/estudios-de-casos\/sun-pacific-diez-lineas-para-el-envasado-de-kiwis\/\" \/>\n<meta property=\"og:site_name\" content=\"REV Packaging Solutions\" \/>\n<meta property=\"article:modified_time\" content=\"2026-02-26T11:39:10+00:00\" \/>\n<script type=\"application\/ld+json\" class=\"yoast-schema-graph\">{\"@context\":\"https:\/\/schema.org\",\"@graph\":[{\"@type\":\"WebPage\",\"@id\":\"https:\/\/www.revsrl.com\/es\/estudios-de-casos\/sun-pacific-diez-lineas-para-el-envasado-de-kiwis\/\",\"url\":\"https:\/\/www.revsrl.com\/es\/estudios-de-casos\/sun-pacific-diez-lineas-para-el-envasado-de-kiwis\/\",\"name\":\"Automatizaci\u00f3n envasado para Sun Pacific \u2013 REV\",\"isPartOf\":{\"@id\":\"https:\/\/www.revsrl.com\/#website\"},\"datePublished\":\"2022-05-06T14:11:00+00:00\",\"dateModified\":\"2026-02-26T11:39:10+00:00\",\"description\":\"La empresa, primer productor de kiwis y c\u00edtricos en los Estados Unidos, ha recibido 10 l\u00edneas para automatizar el proceso de envasado.\",\"breadcrumb\":{\"@id\":\"https:\/\/www.revsrl.com\/es\/estudios-de-casos\/sun-pacific-diez-lineas-para-el-envasado-de-kiwis\/#breadcrumb\"},\"inLanguage\":\"es\",\"potentialAction\":[{\"@type\":\"ReadAction\",\"target\":[\"https:\/\/www.revsrl.com\/es\/estudios-de-casos\/sun-pacific-diez-lineas-para-el-envasado-de-kiwis\/\"]}]},{\"@type\":\"BreadcrumbList\",\"@id\":\"https:\/\/www.revsrl.com\/es\/estudios-de-casos\/sun-pacific-diez-lineas-para-el-envasado-de-kiwis\/#breadcrumb\",\"itemListElement\":[{\"@type\":\"ListItem\",\"position\":1,\"name\":\"Home\",\"item\":\"https:\/\/www.revsrl.com\/es\/\"},{\"@type\":\"ListItem\",\"position\":2,\"name\":\"Estudios de casos\",\"item\":\"https:\/\/www.revsrl.com\/es\/estudios-de-casos\/\"},{\"@type\":\"ListItem\",\"position\":3,\"name\":\"SUN PACIFIC Diez l\u00edneas para el envasado de kiwis\"}]},{\"@type\":\"WebSite\",\"@id\":\"https:\/\/www.revsrl.com\/#website\",\"url\":\"https:\/\/www.revsrl.com\/\",\"name\":\"REV Packaging Solutions\",\"description\":\"Packaging machines for fruit and vegetables\",\"potentialAction\":[{\"@type\":\"SearchAction\",\"target\":{\"@type\":\"EntryPoint\",\"urlTemplate\":\"https:\/\/www.revsrl.com\/?s={search_term_string}\"},\"query-input\":{\"@type\":\"PropertyValueSpecification\",\"valueRequired\":true,\"valueName\":\"search_term_string\"}}],\"inLanguage\":\"es\"}]}<\/script>\n<!-- \/ Yoast SEO plugin. -->","yoast_head_json":{"title":"Automatizaci\u00f3n envasado para Sun Pacific \u2013 REV","description":"La empresa, primer productor de kiwis y c\u00edtricos en los Estados Unidos, ha recibido 10 l\u00edneas para automatizar el proceso de envasado.","robots":{"index":"index","follow":"follow","max-snippet":"max-snippet:-1","max-image-preview":"max-image-preview:large","max-video-preview":"max-video-preview:-1"},"canonical":"https:\/\/www.revsrl.com\/es\/estudios-de-casos\/sun-pacific-diez-lineas-para-el-envasado-de-kiwis\/","og_locale":"es_ES","og_type":"article","og_title":"Automatizaci\u00f3n envasado para Sun Pacific \u2013 REV","og_description":"La empresa, primer productor de kiwis y c\u00edtricos en los Estados Unidos, ha recibido 10 l\u00edneas para automatizar el proceso de envasado.","og_url":"https:\/\/www.revsrl.com\/es\/estudios-de-casos\/sun-pacific-diez-lineas-para-el-envasado-de-kiwis\/","og_site_name":"REV Packaging Solutions","article_modified_time":"2026-02-26T11:39:10+00:00","schema":{"@context":"https:\/\/schema.org","@graph":[{"@type":"WebPage","@id":"https:\/\/www.revsrl.com\/es\/estudios-de-casos\/sun-pacific-diez-lineas-para-el-envasado-de-kiwis\/","url":"https:\/\/www.revsrl.com\/es\/estudios-de-casos\/sun-pacific-diez-lineas-para-el-envasado-de-kiwis\/","name":"Automatizaci\u00f3n envasado para Sun Pacific \u2013 REV","isPartOf":{"@id":"https:\/\/www.revsrl.com\/#website"},"datePublished":"2022-05-06T14:11:00+00:00","dateModified":"2026-02-26T11:39:10+00:00","description":"La empresa, primer productor de kiwis y c\u00edtricos en los Estados Unidos, ha recibido 10 l\u00edneas para automatizar el proceso de envasado.","breadcrumb":{"@id":"https:\/\/www.revsrl.com\/es\/estudios-de-casos\/sun-pacific-diez-lineas-para-el-envasado-de-kiwis\/#breadcrumb"},"inLanguage":"es","potentialAction":[{"@type":"ReadAction","target":["https:\/\/www.revsrl.com\/es\/estudios-de-casos\/sun-pacific-diez-lineas-para-el-envasado-de-kiwis\/"]}]},{"@type":"BreadcrumbList","@id":"https:\/\/www.revsrl.com\/es\/estudios-de-casos\/sun-pacific-diez-lineas-para-el-envasado-de-kiwis\/#breadcrumb","itemListElement":[{"@type":"ListItem","position":1,"name":"Home","item":"https:\/\/www.revsrl.com\/es\/"},{"@type":"ListItem","position":2,"name":"Estudios de casos","item":"https:\/\/www.revsrl.com\/es\/estudios-de-casos\/"},{"@type":"ListItem","position":3,"name":"SUN PACIFIC Diez l\u00edneas para el envasado de kiwis"}]},{"@type":"WebSite","@id":"https:\/\/www.revsrl.com\/#website","url":"https:\/\/www.revsrl.com\/","name":"REV Packaging Solutions","description":"Packaging machines for fruit and vegetables","potentialAction":[{"@type":"SearchAction","target":{"@type":"EntryPoint","urlTemplate":"https:\/\/www.revsrl.com\/?s={search_term_string}"},"query-input":{"@type":"PropertyValueSpecification","valueRequired":true,"valueName":"search_term_string"}}],"inLanguage":"es"}]}},"_links":{"self":[{"href":"https:\/\/www.revsrl.com\/es\/wp-json\/wp\/v2\/pages\/72141","targetHints":{"allow":["GET"]}}],"collection":[{"href":"https:\/\/www.revsrl.com\/es\/wp-json\/wp\/v2\/pages"}],"about":[{"href":"https:\/\/www.revsrl.com\/es\/wp-json\/wp\/v2\/types\/page"}],"author":[{"embeddable":true,"href":"https:\/\/www.revsrl.com\/es\/wp-json\/wp\/v2\/users\/11"}],"replies":[{"embeddable":true,"href":"https:\/\/www.revsrl.com\/es\/wp-json\/wp\/v2\/comments?post=72141"}],"version-history":[{"count":10,"href":"https:\/\/www.revsrl.com\/es\/wp-json\/wp\/v2\/pages\/72141\/revisions"}],"predecessor-version":[{"id":78210,"href":"https:\/\/www.revsrl.com\/es\/wp-json\/wp\/v2\/pages\/72141\/revisions\/78210"}],"up":[{"embeddable":true,"href":"https:\/\/www.revsrl.com\/es\/wp-json\/wp\/v2\/pages\/72135"}],"wp:attachment":[{"href":"https:\/\/www.revsrl.com\/es\/wp-json\/wp\/v2\/media?parent=72141"}],"curies":[{"name":"wp","href":"https:\/\/api.w.org\/{rel}","templated":true}]}}