{"id":72152,"date":"2022-05-06T16:25:02","date_gmt":"2022-05-06T14:25:02","guid":{"rendered":"https:\/\/www.revsrl.com\/?page_id=72152"},"modified":"2026-02-26T12:41:32","modified_gmt":"2026-02-26T11:41:32","slug":"eagle-una-maquina-dos-realidades-satisfechas","status":"publish","type":"page","link":"https:\/\/www.revsrl.com\/es\/estudios-de-casos\/eagle-una-maquina-dos-realidades-satisfechas\/","title":{"rendered":"EAGLE Una m\u00e1quina, dos realidades satisfechas"},"content":{"rendered":"<div class=\"wpb-content-wrapper\"><p>[vc_row row_height_percent=\u00bb0&#8243; override_padding=\u00bbyes\u00bb h_padding=\u00bb0&#8243; top_padding=\u00bb0&#8243; bottom_padding=\u00bb0&#8243; back_image=\u00bb11422&#8243; back_position=\u00bbright bottom\u00bb parallax=\u00bbyes\u00bb overlay_color=\u00bbcolor-122249&#8243; overlay_alpha=\u00bb70&#8243; gutter_size=\u00bb3&#8243; column_width_percent=\u00bb100&#8243; shift_y=\u00bb0&#8243; z_index=\u00bb0&#8243; medium_visibility=\u00bbyes\u00bb mobile_visibility=\u00bbyes\u00bb row_height_pixel=\u00bb350&#8243; css=\u00bb.vc_custom_1613404618352{padding-bottom: 0px !important;}\u00bb][vc_column column_width_percent=\u00bb100&#8243; position_vertical=\u00bbmiddle\u00bb align_horizontal=\u00bbalign_center\u00bb gutter_size=\u00bb3&#8243; overlay_alpha=\u00bb50&#8243; shift_x=\u00bb0&#8243; shift_y=\u00bb0&#8243; shift_y_down=\u00bb0&#8243; z_index=\u00bb0&#8243; medium_width=\u00bb0&#8243; mobile_width=\u00bb0&#8243; width=\u00bb1\/1&#8243;][vc_custom_heading text_color=\u00bbcolor-xsdn\u00bb heading_semantic=\u00bbh1&#8243; text_size=\u00bbh1&#8243; uncode_shortcode_id=\u00bb140305&#8243; text_color_type=\u00bbuncode-palette\u00bb]EAGLE<\/p>\n<p>Una m\u00e1quina, dos realidades satisfechas[\/vc_custom_heading][\/vc_column][\/vc_row][vc_row row_height_percent=\u00bb0&#8243; override_padding=\u00bbyes\u00bb h_padding=\u00bb0&#8243; top_padding=\u00bb0&#8243; bottom_padding=\u00bb0&#8243; back_image=\u00bb11422&#8243; back_position=\u00bbcenter center\u00bb parallax=\u00bbyes\u00bb overlay_color=\u00bbcolor-122249&#8243; overlay_alpha=\u00bb70&#8243; gutter_size=\u00bb3&#8243; column_width_percent=\u00bb100&#8243; shift_y=\u00bb0&#8243; z_index=\u00bb0&#8243; desktop_visibility=\u00bbyes\u00bb row_height_pixel=\u00bb200&#8243;][vc_column column_width_percent=\u00bb100&#8243; position_vertical=\u00bbmiddle\u00bb align_horizontal=\u00bbalign_center\u00bb gutter_size=\u00bb3&#8243; overlay_alpha=\u00bb50&#8243; shift_x=\u00bb0&#8243; shift_y=\u00bb0&#8243; shift_y_down=\u00bb0&#8243; z_index=\u00bb0&#8243; medium_width=\u00bb0&#8243; mobile_width=\u00bb0&#8243; width=\u00bb1\/1&#8243;][vc_custom_heading text_color=\u00bbcolor-xsdn\u00bb heading_semantic=\u00bbh1&#8243; text_size=\u00bbh1&#8243; uncode_shortcode_id=\u00bb125293&#8243; text_color_type=\u00bbuncode-palette\u00bb]EAGLE<\/p>\n<p>Una m\u00e1quina, dos realidades satisfechas[\/vc_custom_heading][\/vc_column][\/vc_row][vc_row row_height_percent=\u00bb0&#8243; override_padding=\u00bbyes\u00bb h_padding=\u00bb2&#8243; top_padding=\u00bb2&#8243; bottom_padding=\u00bb0&#8243; overlay_alpha=\u00bb50&#8243; gutter_size=\u00bb3&#8243; shift_y=\u00bb0&#8243; css=\u00bb.vc_custom_1612866035713{margin-top: -80px !important;padding-top: 0px !important;padding-bottom: 0px !important;}\u00bb][vc_column width=\u00bb1\/4&#8243;][\/vc_column][vc_column width=\u00bb1\/4&#8243;][vc_single_image media=\u00bb72155&#8243; media_width_use_pixel=\u00bbyes\u00bb alignment=\u00bbcenter\u00bb shape=\u00bbimg-circle\u00bb border=\u00bbyes\u00bb media_width_pixel=\u00bb150&#8243;][\/vc_column][vc_column width=\u00bb1\/4&#8243;][vc_single_image media=\u00bb72163&#8243; media_width_use_pixel=\u00bbyes\u00bb alignment=\u00bbcenter\u00bb shape=\u00bbimg-circle\u00bb border=\u00bbyes\u00bb media_width_pixel=\u00bb150&#8243;][\/vc_column][vc_column width=\u00bb1\/4&#8243;][\/vc_column][\/vc_row][vc_row row_height_percent=\u00bb0&#8243; overlay_alpha=\u00bb50&#8243; gutter_size=\u00bb3&#8243; shift_y=\u00bb0&#8243; css=\u00bb.vc_custom_1612865966246{padding-top: 0px !important;}\u00bb][vc_column width=\u00bb3\/4&#8243;][vc_column_text uncode_shortcode_id=\u00bb195578&#8243;]<\/p>\n<h3><span style=\"color: #f44611;\">LAS EMPRESAS<\/span><\/h3>\n<p>La Organizaci\u00f3n de Productores Francescon, la mayor empresa italiana productora de melones, hoy en d\u00eda es una realidad que opera en el mercado global: cada a\u00f1o cultiva y distribuye 30 millones de melones.<\/p>\n<p>En cambio, la Agricola Don Camillo nace en 2005 y actualmente representa un punto de referencia para la gran distribuci\u00f3n italiana y europea de melones y sand\u00edas.<\/p>\n<p>Juntas, estas dos empresas cubren la mayor\u00eda del mercado del mel\u00f3n en Italia.<\/p>\n<h3><span style=\"color: #f44611;\">EL PEDIDO<\/span><\/h3>\n<p>Las dos empresas se han dirigido a REV impulsadas por la exigencia de automatizar el proceso de enfajado de los melones, que hasta aquel momento se realizaba manualmente, con gran gasto de tiempo y recursos.<\/p>\n<h3><span style=\"color: #f44611;\">NUESTRA SOLUCI\u00d3N<\/span><\/h3>\n<p>En respuesta a los pedidos, REV ha espec\u00edficamente dise\u00f1ado y realizado <strong><a href=\"https:\/\/www.revsrl.com\/es\/portfolio\/eagle-enfajadora-automatica\/\" rel=\"noopener\">Eagle<\/a><\/strong>, una enfajadora autom\u00e1tica veloz, fiable y flexible. Gracias a Eagle, de hecho, es posible enfajar de manera autom\u00e1tica melones y cualquier otro producto esf\u00e9rico (por ejemplo peque\u00f1as sand\u00edas, pi\u00f1as y cocos), a una velocidad m\u00e1xima de 56 piezas por minuto.<\/p>\n<p>Francescon a d\u00eda de hoy cuenta, en su almac\u00e9n, con 15 Eagles, Don Camillo con 8. Las dos empresas se declaran plenamente satisfechas con las soluciones personalizadas que REV ha sabido ofrecerles.<\/p>\n<h3><span style=\"color: #f44611;\">LOS BENEFICIOS<\/span><\/h3>\n<p>Bruno Francescon, titular de la hom\u00f3nima empresa, nos dice: \u201cno s\u00f3lo REV me ha vendido una enfajadora, sino que tambi\u00e9n tuvo la humildad de escuchar mi exigencias y la gran capacidad de realizar exactamente lo que necesitaba\u201d.<\/p>\n<p>Andrea Benelli, administrador delegado de la Agricola Don Camillo a\u00f1ade: \u201cGracias a la m\u00e1quina que REV ha proyectado para nosotros, de una producci\u00f3n de m\u00e1s o menos 10 melones por minuto (con un recambio de personal muy alto) hemos alcanzado 48 por minuto, con una simplificaci\u00f3n incomparable de la actividad laboral de los operadores. Por cada m\u00e1quina hemos registrado un <strong>350 % m<\/strong><strong>\u00e1<\/strong><strong>s de producci<\/strong><strong>\u00f3<\/strong><strong>n en igualdad de n<\/strong><strong>\u00fa<\/strong><strong>mero de operadores<\/strong>\u201d.[\/vc_column_text][\/vc_column][vc_column column_width_percent=\u00bb100&#8243; gutter_size=\u00bb2&#8243; back_color=\u00bbcolor-115983&#8243; overlay_alpha=\u00bb50&#8243; shift_x=\u00bb0&#8243; shift_y=\u00bb0&#8243; z_index=\u00bb0&#8243; medium_width=\u00bb0&#8243; width=\u00bb1\/4&#8243; el_class=\u00bbbox-case\u00bb css=\u00bb.vc_custom_1612803191771{padding-right: 20px !important;padding-left: 20px !important;}\u00bb][vc_column_text css=\u00bb.vc_custom_1651846907434{padding-right: 0px !important;padding-left: 0px !important;}\u00bb uncode_shortcode_id=\u00bb175590&#8243;]<\/p>\n<h5><span style=\"color: #f44611;\">EXIGENCIAS<\/span><\/h5>\n<p>Automatizar el proceso de enfajado de los melones<\/p>\n<p>&nbsp;<\/p>\n<h5><span style=\"color: #f44611;\">SOLUCI\u00d3N<\/span><\/h5>\n<p>Eagle, enfajadora autom\u00e1tica capaz de trabajar melones y otros productos a una velocidad de 56 piezas\/minuto<\/p>\n<p>&nbsp;<\/p>\n<h5><span style=\"color: #f44611;\">RESULTADOS<\/span><\/h5>\n<p>+350 % de producci\u00f3n en igualdad de operadores[\/vc_column_text][\/vc_column][\/vc_row][vc_row row_height_percent=\u00bb0&#8243; override_padding=\u00bbyes\u00bb h_padding=\u00bb2&#8243; top_padding=\u00bb0&#8243; bottom_padding=\u00bb2&#8243; overlay_alpha=\u00bb50&#8243; gutter_size=\u00bb3&#8243; shift_y=\u00bb0&#8243;][vc_column width=\u00bb1\/1&#8243;][vc_single_image media=\u00bb71570&#8243; media_width_percent=\u00bb100&#8243;][\/vc_column][\/vc_row][vc_row row_height_percent=\u00bb0&#8243; override_padding=\u00bbyes\u00bb h_padding=\u00bb2&#8243; top_padding=\u00bb0&#8243; bottom_padding=\u00bb0&#8243; back_color=\u00bbcolor-174245&#8243; overlay_alpha=\u00bb50&#8243; gutter_size=\u00bb3&#8243; shift_y=\u00bb0&#8243; css=\u00bb.vc_custom_1612804048804{margin-top: 0px !important;margin-bottom: 0px !important;padding-top: 0px !important;padding-bottom: 0px !important;}\u00bb][vc_column column_width_percent=\u00bb100&#8243; gutter_size=\u00bb3&#8243; overlay_alpha=\u00bb50&#8243; shift_x=\u00bb0&#8243; shift_y=\u00bb0&#8243; z_index=\u00bb0&#8243; medium_width=\u00bb0&#8243; width=\u00bb2\/3&#8243; css=\u00bb.vc_custom_1612804000378{border-top-width: 0px !important;border-bottom-width: 0px !important;padding-top: 0px !important;padding-bottom: 0px !important;}\u00bb][vc_empty_space empty_h=\u00bb2&#8243;][vc_column_text css=\u00bb.vc_custom_1651846831601{padding-top: 0px !important;}\u00bb uncode_shortcode_id=\u00bb449250&#8243;]<\/p>\n<h3><span style=\"color: #f44611;\">Por qu\u00e9 REV<\/span><\/h3>\n<p>REV proporciona soluciones innovadoras para el envasado de productos hortofrut\u00edcolas, personalizadas seg\u00fan las exigencias espec\u00edficas del envasador y automatizando procesos hasta ahora realizados manualmente, como en este caso: eficiencia, \u00f3ptimas prestaciones y sostenibilidad son testiguadas por nuestros propios clientes.[\/vc_column_text][vc_button button_color=\u00bbcolor-122249&#8243; border_width=\u00bb0&#8243; link=\u00bburl:https%3A%2F%2Fwww.revsrl.com%2Fes%2Festudios-de-casos%2F|target:_blank\u00bb button_color_type=\u00bbuncode-palette\u00bb uncode_shortcode_id=\u00bb167121&#8243;]VEA LOS ESTUDIOS DE CASOS[\/vc_button][vc_empty_space empty_h=\u00bb2&#8243;][\/vc_column][\/vc_row]<\/p>\n<\/div>","protected":false},"excerpt":{"rendered":"<p>[vc_row row_height_percent=\u00bb0&#8243; override_padding=\u00bbyes\u00bb h_padding=\u00bb0&#8243; top_padding=\u00bb0&#8243; bottom_padding=\u00bb0&#8243; back_image=\u00bb11422&#8243; back_position=\u00bbright bottom\u00bb parallax=\u00bbyes\u00bb overlay_color=\u00bbcolor-122249&#8243; overlay_alpha=\u00bb70&#8243; gutter_size=\u00bb3&#8243; column_width_percent=\u00bb100&#8243; shift_y=\u00bb0&#8243; z_index=\u00bb0&#8243; medium_visibility=\u00bbyes\u00bb mobile_visibility=\u00bbyes\u00bb row_height_pixel=\u00bb350&#8243; css=\u00bb.vc_custom_1613404618352{padding-bottom: [&hellip;]<\/p>\n","protected":false},"author":11,"featured_media":0,"parent":72135,"menu_order":0,"comment_status":"closed","ping_status":"closed","template":"","meta":{"footnotes":""},"class_list":["post-72152","page","type-page","status-publish","hentry"],"yoast_head":"<!-- This site is optimized with the Yoast SEO plugin v27.1.1 - https:\/\/yoast.com\/product\/yoast-seo-wordpress\/ -->\n<title>Automatizaci\u00f3n enfajado melones \u2013 REV Packaging Solutions<\/title>\n<meta name=\"description\" content=\"Eagle es una soluci\u00f3n nacida para satisfacer la exigencia de las dos principales empresas italianas que operan en la distribuci\u00f3n de melones.\" \/>\n<meta name=\"robots\" content=\"index, follow, max-snippet:-1, max-image-preview:large, max-video-preview:-1\" \/>\n<link rel=\"canonical\" href=\"https:\/\/www.revsrl.com\/es\/estudios-de-casos\/eagle-una-maquina-dos-realidades-satisfechas\/\" \/>\n<meta property=\"og:locale\" content=\"es_ES\" \/>\n<meta property=\"og:type\" content=\"article\" \/>\n<meta property=\"og:title\" content=\"Automatizaci\u00f3n enfajado melones \u2013 REV Packaging Solutions\" \/>\n<meta property=\"og:description\" content=\"Eagle es una soluci\u00f3n nacida para satisfacer la exigencia de las dos principales empresas italianas que operan en la distribuci\u00f3n de melones.\" \/>\n<meta property=\"og:url\" content=\"https:\/\/www.revsrl.com\/es\/estudios-de-casos\/eagle-una-maquina-dos-realidades-satisfechas\/\" \/>\n<meta property=\"og:site_name\" content=\"REV Packaging Solutions\" \/>\n<meta property=\"article:modified_time\" content=\"2026-02-26T11:41:32+00:00\" \/>\n<script type=\"application\/ld+json\" class=\"yoast-schema-graph\">{\"@context\":\"https:\/\/schema.org\",\"@graph\":[{\"@type\":\"WebPage\",\"@id\":\"https:\/\/www.revsrl.com\/es\/estudios-de-casos\/eagle-una-maquina-dos-realidades-satisfechas\/\",\"url\":\"https:\/\/www.revsrl.com\/es\/estudios-de-casos\/eagle-una-maquina-dos-realidades-satisfechas\/\",\"name\":\"Automatizaci\u00f3n enfajado melones \u2013 REV Packaging Solutions\",\"isPartOf\":{\"@id\":\"https:\/\/www.revsrl.com\/#website\"},\"datePublished\":\"2022-05-06T14:25:02+00:00\",\"dateModified\":\"2026-02-26T11:41:32+00:00\",\"description\":\"Eagle es una soluci\u00f3n nacida para satisfacer la exigencia de las dos principales empresas italianas que operan en la distribuci\u00f3n de melones.\",\"breadcrumb\":{\"@id\":\"https:\/\/www.revsrl.com\/es\/estudios-de-casos\/eagle-una-maquina-dos-realidades-satisfechas\/#breadcrumb\"},\"inLanguage\":\"es\",\"potentialAction\":[{\"@type\":\"ReadAction\",\"target\":[\"https:\/\/www.revsrl.com\/es\/estudios-de-casos\/eagle-una-maquina-dos-realidades-satisfechas\/\"]}]},{\"@type\":\"BreadcrumbList\",\"@id\":\"https:\/\/www.revsrl.com\/es\/estudios-de-casos\/eagle-una-maquina-dos-realidades-satisfechas\/#breadcrumb\",\"itemListElement\":[{\"@type\":\"ListItem\",\"position\":1,\"name\":\"Home\",\"item\":\"https:\/\/www.revsrl.com\/es\/\"},{\"@type\":\"ListItem\",\"position\":2,\"name\":\"Estudios de casos\",\"item\":\"https:\/\/www.revsrl.com\/es\/estudios-de-casos\/\"},{\"@type\":\"ListItem\",\"position\":3,\"name\":\"EAGLE Una m\u00e1quina, dos realidades satisfechas\"}]},{\"@type\":\"WebSite\",\"@id\":\"https:\/\/www.revsrl.com\/#website\",\"url\":\"https:\/\/www.revsrl.com\/\",\"name\":\"REV Packaging Solutions\",\"description\":\"Packaging machines for fruit and vegetables\",\"potentialAction\":[{\"@type\":\"SearchAction\",\"target\":{\"@type\":\"EntryPoint\",\"urlTemplate\":\"https:\/\/www.revsrl.com\/?s={search_term_string}\"},\"query-input\":{\"@type\":\"PropertyValueSpecification\",\"valueRequired\":true,\"valueName\":\"search_term_string\"}}],\"inLanguage\":\"es\"}]}<\/script>\n<!-- \/ Yoast SEO plugin. -->","yoast_head_json":{"title":"Automatizaci\u00f3n enfajado melones \u2013 REV Packaging Solutions","description":"Eagle es una soluci\u00f3n nacida para satisfacer la exigencia de las dos principales empresas italianas que operan en la distribuci\u00f3n de melones.","robots":{"index":"index","follow":"follow","max-snippet":"max-snippet:-1","max-image-preview":"max-image-preview:large","max-video-preview":"max-video-preview:-1"},"canonical":"https:\/\/www.revsrl.com\/es\/estudios-de-casos\/eagle-una-maquina-dos-realidades-satisfechas\/","og_locale":"es_ES","og_type":"article","og_title":"Automatizaci\u00f3n enfajado melones \u2013 REV Packaging Solutions","og_description":"Eagle es una soluci\u00f3n nacida para satisfacer la exigencia de las dos principales empresas italianas que operan en la distribuci\u00f3n de melones.","og_url":"https:\/\/www.revsrl.com\/es\/estudios-de-casos\/eagle-una-maquina-dos-realidades-satisfechas\/","og_site_name":"REV Packaging Solutions","article_modified_time":"2026-02-26T11:41:32+00:00","schema":{"@context":"https:\/\/schema.org","@graph":[{"@type":"WebPage","@id":"https:\/\/www.revsrl.com\/es\/estudios-de-casos\/eagle-una-maquina-dos-realidades-satisfechas\/","url":"https:\/\/www.revsrl.com\/es\/estudios-de-casos\/eagle-una-maquina-dos-realidades-satisfechas\/","name":"Automatizaci\u00f3n enfajado melones \u2013 REV Packaging Solutions","isPartOf":{"@id":"https:\/\/www.revsrl.com\/#website"},"datePublished":"2022-05-06T14:25:02+00:00","dateModified":"2026-02-26T11:41:32+00:00","description":"Eagle es una soluci\u00f3n nacida para satisfacer la exigencia de las dos principales empresas italianas que operan en la distribuci\u00f3n de melones.","breadcrumb":{"@id":"https:\/\/www.revsrl.com\/es\/estudios-de-casos\/eagle-una-maquina-dos-realidades-satisfechas\/#breadcrumb"},"inLanguage":"es","potentialAction":[{"@type":"ReadAction","target":["https:\/\/www.revsrl.com\/es\/estudios-de-casos\/eagle-una-maquina-dos-realidades-satisfechas\/"]}]},{"@type":"BreadcrumbList","@id":"https:\/\/www.revsrl.com\/es\/estudios-de-casos\/eagle-una-maquina-dos-realidades-satisfechas\/#breadcrumb","itemListElement":[{"@type":"ListItem","position":1,"name":"Home","item":"https:\/\/www.revsrl.com\/es\/"},{"@type":"ListItem","position":2,"name":"Estudios de casos","item":"https:\/\/www.revsrl.com\/es\/estudios-de-casos\/"},{"@type":"ListItem","position":3,"name":"EAGLE Una m\u00e1quina, dos realidades satisfechas"}]},{"@type":"WebSite","@id":"https:\/\/www.revsrl.com\/#website","url":"https:\/\/www.revsrl.com\/","name":"REV Packaging Solutions","description":"Packaging machines for fruit and vegetables","potentialAction":[{"@type":"SearchAction","target":{"@type":"EntryPoint","urlTemplate":"https:\/\/www.revsrl.com\/?s={search_term_string}"},"query-input":{"@type":"PropertyValueSpecification","valueRequired":true,"valueName":"search_term_string"}}],"inLanguage":"es"}]}},"_links":{"self":[{"href":"https:\/\/www.revsrl.com\/es\/wp-json\/wp\/v2\/pages\/72152","targetHints":{"allow":["GET"]}}],"collection":[{"href":"https:\/\/www.revsrl.com\/es\/wp-json\/wp\/v2\/pages"}],"about":[{"href":"https:\/\/www.revsrl.com\/es\/wp-json\/wp\/v2\/types\/page"}],"author":[{"embeddable":true,"href":"https:\/\/www.revsrl.com\/es\/wp-json\/wp\/v2\/users\/11"}],"replies":[{"embeddable":true,"href":"https:\/\/www.revsrl.com\/es\/wp-json\/wp\/v2\/comments?post=72152"}],"version-history":[{"count":9,"href":"https:\/\/www.revsrl.com\/es\/wp-json\/wp\/v2\/pages\/72152\/revisions"}],"predecessor-version":[{"id":78218,"href":"https:\/\/www.revsrl.com\/es\/wp-json\/wp\/v2\/pages\/72152\/revisions\/78218"}],"up":[{"embeddable":true,"href":"https:\/\/www.revsrl.com\/es\/wp-json\/wp\/v2\/pages\/72135"}],"wp:attachment":[{"href":"https:\/\/www.revsrl.com\/es\/wp-json\/wp\/v2\/media?parent=72152"}],"curies":[{"name":"wp","href":"https:\/\/api.w.org\/{rel}","templated":true}]}}