{"id":72159,"date":"2022-05-06T16:31:51","date_gmt":"2022-05-06T14:31:51","guid":{"rendered":"https:\/\/www.revsrl.com\/?page_id=72159"},"modified":"2026-02-26T12:41:52","modified_gmt":"2026-02-26T11:41:52","slug":"fyffes-una-flejadora-a-medida-para-el-envasado-de-pinas","status":"publish","type":"page","link":"https:\/\/www.revsrl.com\/es\/estudios-de-casos\/fyffes-una-flejadora-a-medida-para-el-envasado-de-pinas\/","title":{"rendered":"FYFFES Una flejadora a medida para el envasado de pi\u00f1as"},"content":{"rendered":"<div class=\"wpb-content-wrapper\"><p>[vc_row row_height_percent=\u00bb0&#8243; override_padding=\u00bbyes\u00bb h_padding=\u00bb0&#8243; top_padding=\u00bb0&#8243; bottom_padding=\u00bb0&#8243; back_image=\u00bb11770&#8243; back_position=\u00bbright bottom\u00bb parallax=\u00bbyes\u00bb overlay_color=\u00bbcolor-122249&#8243; overlay_alpha=\u00bb70&#8243; gutter_size=\u00bb3&#8243; column_width_percent=\u00bb100&#8243; shift_y=\u00bb0&#8243; z_index=\u00bb0&#8243; medium_visibility=\u00bbyes\u00bb mobile_visibility=\u00bbyes\u00bb row_height_pixel=\u00bb350&#8243; css=\u00bb.vc_custom_1613554016597{padding-bottom: 0px !important;}\u00bb][vc_column column_width_percent=\u00bb100&#8243; position_vertical=\u00bbmiddle\u00bb align_horizontal=\u00bbalign_center\u00bb gutter_size=\u00bb3&#8243; overlay_alpha=\u00bb50&#8243; shift_x=\u00bb0&#8243; shift_y=\u00bb0&#8243; shift_y_down=\u00bb0&#8243; z_index=\u00bb0&#8243; medium_width=\u00bb0&#8243; mobile_width=\u00bb0&#8243; width=\u00bb1\/1&#8243;][vc_custom_heading text_color=\u00bbcolor-xsdn\u00bb heading_semantic=\u00bbh1&#8243; text_size=\u00bbh1&#8243; uncode_shortcode_id=\u00bb221662&#8243; text_color_type=\u00bbuncode-palette\u00bb]FYFFES<\/p>\n<p>Una flejadora a medida para el envasado de pi\u00f1as[\/vc_custom_heading][\/vc_column][\/vc_row][vc_row row_height_percent=\u00bb0&#8243; override_padding=\u00bbyes\u00bb h_padding=\u00bb0&#8243; top_padding=\u00bb0&#8243; bottom_padding=\u00bb0&#8243; back_image=\u00bb11770&#8243; back_position=\u00bbcenter center\u00bb parallax=\u00bbyes\u00bb overlay_color=\u00bbcolor-122249&#8243; overlay_alpha=\u00bb70&#8243; gutter_size=\u00bb3&#8243; column_width_percent=\u00bb100&#8243; shift_y=\u00bb0&#8243; z_index=\u00bb0&#8243; desktop_visibility=\u00bbyes\u00bb row_height_pixel=\u00bb200&#8243;][vc_column column_width_percent=\u00bb100&#8243; position_vertical=\u00bbmiddle\u00bb align_horizontal=\u00bbalign_center\u00bb gutter_size=\u00bb3&#8243; overlay_alpha=\u00bb50&#8243; shift_x=\u00bb0&#8243; shift_y=\u00bb0&#8243; shift_y_down=\u00bb0&#8243; z_index=\u00bb0&#8243; medium_width=\u00bb0&#8243; mobile_width=\u00bb0&#8243; width=\u00bb1\/1&#8243;][vc_custom_heading text_color=\u00bbcolor-xsdn\u00bb heading_semantic=\u00bbh1&#8243; text_size=\u00bbh1&#8243; uncode_shortcode_id=\u00bb430119&#8243; text_color_type=\u00bbuncode-palette\u00bb]FYFFES<\/p>\n<p>Una flejadora a medida para el envasado de pi\u00f1as[\/vc_custom_heading][\/vc_column][\/vc_row][vc_row row_height_percent=\u00bb0&#8243; override_padding=\u00bbyes\u00bb h_padding=\u00bb2&#8243; top_padding=\u00bb2&#8243; bottom_padding=\u00bb0&#8243; overlay_alpha=\u00bb50&#8243; gutter_size=\u00bb3&#8243; shift_y=\u00bb0&#8243; css=\u00bb.vc_custom_1612866035713{margin-top: -80px !important;padding-top: 0px !important;padding-bottom: 0px !important;}\u00bb][vc_column width=\u00bb1\/1&#8243;][vc_single_image media=\u00bb72162&#8243; media_width_use_pixel=\u00bbyes\u00bb alignment=\u00bbcenter\u00bb shape=\u00bbimg-circle\u00bb border=\u00bbyes\u00bb media_width_pixel=\u00bb150&#8243;][\/vc_column][\/vc_row][vc_row row_height_percent=\u00bb0&#8243; overlay_alpha=\u00bb50&#8243; gutter_size=\u00bb3&#8243; shift_y=\u00bb0&#8243; css=\u00bb.vc_custom_1612865966246{padding-top: 0px !important;}\u00bb][vc_column width=\u00bb3\/4&#8243;][vc_column_text uncode_shortcode_id=\u00bb161458&#8243;]<\/p>\n<h3><span style=\"color: #f44611;\">LA EMPRESA<\/span><\/h3>\n<p>Adem\u00e1s de ser actualmente la marca de fruta m\u00e1s antigua en el mundo,\u00a0Fyffes\u00a0es uno de los mayores distribuidores internacionales de pi\u00f1as y el primer proveedor de bananas en Europa. Con m\u00e1s de 6mil dependientes y oficinas desplazados en 12 pa\u00edses diferentes, Fyffes tambi\u00e9n opera en Am\u00e9rica del Norte, Central y del Sur.<\/p>\n<h3><span style=\"color: #f44611;\">EL PEDIDO<\/span><\/h3>\n<p>La empresa, que estaba construyendo un almac\u00e9n de alta automaci\u00f3n para el envasado de pi\u00f1as en Costa Rica, estaba buscando una flejadora extremadamente r\u00e1pida, capaz de garantizar 9 ligaduras en 2 minutos. Adem\u00e1s, la m\u00e1quina ten\u00eda que estar equipada con un aplicador autom\u00e1tico de cantoneras. Ninguno de los productores consultados hab\u00eda conseguido asegurar estos resultados.<\/p>\n<h3><span style=\"color: #f44611;\">NUSTRA SOLUCI\u00d3N<\/span><\/h3>\n<p>Para Fyffes, REV ha dise\u00f1ado y realizado una <strong>actualizaci<\/strong><strong>\u00f3<\/strong><strong>n de su tradicional flejadora<\/strong>, modificando el aplicador de cantoneras y el proceso de flejado y logrando, de esta manera, no s\u00f3lo satisfacer los n\u00fameros que la empresa ped\u00eda, sino que yendo m\u00e1s all\u00e1: la flejadora <strong><a href=\"https:\/\/www.revsrl.com\/es\/portfolio\/bull-flejadora-automatica-horizontal\/\" rel=\"noopener\">Bull<\/a><\/strong>, de hecho, aplica las cantoneras al pal\u00e9 con 9 ligaduras en 1 minuto y 45 segundos, es decir muy por debajo del tiempo pedido.<\/p>\n<h3><span style=\"color: #f44611;\">LOS BENEFICIOS<\/span><\/h3>\n<p>Para ofrecer un servicio a\u00fan mejor, la flejadora tambi\u00e9n ha sido equipada con un <strong>sistema de teleasistencia<\/strong>, para facilitar las intervenciones de remoto y, as\u00ed, permitir al cliente reducir al m\u00ednimo eventuales tiempos de inactividad.[\/vc_column_text][\/vc_column][vc_column column_width_percent=\u00bb100&#8243; gutter_size=\u00bb2&#8243; back_color=\u00bbcolor-115983&#8243; overlay_alpha=\u00bb50&#8243; shift_x=\u00bb0&#8243; shift_y=\u00bb0&#8243; z_index=\u00bb0&#8243; medium_width=\u00bb0&#8243; width=\u00bb1\/4&#8243; el_class=\u00bbbox-case\u00bb css=\u00bb.vc_custom_1612803191771{padding-right: 20px !important;padding-left: 20px !important;}\u00bb][vc_column_text css=\u00bb.vc_custom_1651847462227{padding-right: 0px !important;padding-left: 0px !important;}\u00bb uncode_shortcode_id=\u00bb314909&#8243;]<\/p>\n<h5><span style=\"color: #f44611;\">EXIGENCIAS<\/span><\/h5>\n<p>Flejadora extremadamente veloz para pi\u00f1as, equipada con aplicador autom\u00e1tico de cantoneras<\/p>\n<p><strong>\u00a0<\/strong><\/p>\n<h5><span style=\"color: #f44611;\">SOLUCI\u00d3N<\/span><\/h5>\n<p>Dise\u00f1o y realizaci\u00f3n de una actualizaci\u00f3n de la flejadora Bull<\/p>\n<p>&nbsp;<\/p>\n<h5><span style=\"color: #f44611;\">RESULTADOS<\/span><\/h5>\n<p>Aplicaci\u00f3n de las cantoneras con 9 ligaduras en 1\u2019 45\u2019\u2019, muy por debajo del tiempo pedido (2\u2032)[\/vc_column_text][\/vc_column][\/vc_row][vc_row row_height_percent=\u00bb0&#8243; override_padding=\u00bbyes\u00bb h_padding=\u00bb2&#8243; top_padding=\u00bb0&#8243; bottom_padding=\u00bb2&#8243; overlay_alpha=\u00bb50&#8243; gutter_size=\u00bb3&#8243; shift_y=\u00bb0&#8243;][vc_column width=\u00bb1\/1&#8243;][vc_single_image media=\u00bb72161&#8243; media_width_percent=\u00bb100&#8243;][\/vc_column][\/vc_row][vc_row row_height_percent=\u00bb0&#8243; override_padding=\u00bbyes\u00bb h_padding=\u00bb2&#8243; top_padding=\u00bb0&#8243; bottom_padding=\u00bb0&#8243; back_color=\u00bbcolor-174245&#8243; overlay_alpha=\u00bb50&#8243; gutter_size=\u00bb3&#8243; shift_y=\u00bb0&#8243; css=\u00bb.vc_custom_1612804048804{margin-top: 0px !important;margin-bottom: 0px !important;padding-top: 0px !important;padding-bottom: 0px !important;}\u00bb][vc_column column_width_percent=\u00bb100&#8243; gutter_size=\u00bb3&#8243; overlay_alpha=\u00bb50&#8243; shift_x=\u00bb0&#8243; shift_y=\u00bb0&#8243; z_index=\u00bb0&#8243; medium_width=\u00bb0&#8243; width=\u00bb2\/3&#8243; css=\u00bb.vc_custom_1612804000378{border-top-width: 0px !important;border-bottom-width: 0px !important;padding-top: 0px !important;padding-bottom: 0px !important;}\u00bb][vc_empty_space empty_h=\u00bb2&#8243;][vc_column_text css=\u00bb.vc_custom_1651847285893{padding-top: 0px !important;}\u00bb uncode_shortcode_id=\u00bb339618&#8243;]<\/p>\n<h3><span style=\"color: #f44611;\">Por qu\u00e9 REV<\/span><\/h3>\n<p>REV proporciona soluciones innovadoras para el envasado de productos hortofrut\u00edcolas, personalizadas seg\u00fan las exigencias espec\u00edficas del envasador, como en este caso: eficiencia, \u00f3ptimas prestaciones y sostenibilidad son testiguadas por nuestros propios clientes.[\/vc_column_text][vc_button button_color=\u00bbcolor-122249&#8243; border_width=\u00bb0&#8243; link=\u00bburl:https%3A%2F%2Fwww.revsrl.com%2Fes%2Festudios-de-casos%2F|target:_blank\u00bb button_color_type=\u00bbuncode-palette\u00bb uncode_shortcode_id=\u00bb125968&#8243;]VEA LOS ESTUDIOS DE CASOS[\/vc_button][vc_empty_space empty_h=\u00bb2&#8243;][\/vc_column][\/vc_row]<\/p>\n<\/div>","protected":false},"excerpt":{"rendered":"<p>[vc_row row_height_percent=\u00bb0&#8243; override_padding=\u00bbyes\u00bb h_padding=\u00bb0&#8243; top_padding=\u00bb0&#8243; bottom_padding=\u00bb0&#8243; back_image=\u00bb11770&#8243; back_position=\u00bbright bottom\u00bb parallax=\u00bbyes\u00bb overlay_color=\u00bbcolor-122249&#8243; overlay_alpha=\u00bb70&#8243; gutter_size=\u00bb3&#8243; column_width_percent=\u00bb100&#8243; shift_y=\u00bb0&#8243; z_index=\u00bb0&#8243; medium_visibility=\u00bbyes\u00bb mobile_visibility=\u00bbyes\u00bb row_height_pixel=\u00bb350&#8243; css=\u00bb.vc_custom_1613554016597{padding-bottom: [&hellip;]<\/p>\n","protected":false},"author":11,"featured_media":0,"parent":72135,"menu_order":0,"comment_status":"closed","ping_status":"closed","template":"","meta":{"footnotes":""},"class_list":["post-72159","page","type-page","status-publish","hentry"],"yoast_head":"<!-- This site is optimized with the Yoast SEO plugin v27.1.1 - https:\/\/yoast.com\/product\/yoast-seo-wordpress\/ -->\n<title>Flejado pi\u00f1as para Fyffes \u2013 REV Packaging Solutions<\/title>\n<meta name=\"description\" content=\"Para el principale distribuidor en el mundo de pi\u00f1as hemos dise\u00f1ado una soluci\u00f3n performante, para un establecimiento en Costa Rica.\" \/>\n<meta name=\"robots\" content=\"index, follow, max-snippet:-1, max-image-preview:large, max-video-preview:-1\" \/>\n<link rel=\"canonical\" href=\"https:\/\/www.revsrl.com\/es\/estudios-de-casos\/fyffes-una-flejadora-a-medida-para-el-envasado-de-pinas\/\" \/>\n<meta property=\"og:locale\" content=\"es_ES\" \/>\n<meta property=\"og:type\" content=\"article\" \/>\n<meta property=\"og:title\" content=\"Flejado pi\u00f1as para Fyffes \u2013 REV Packaging Solutions\" \/>\n<meta property=\"og:description\" content=\"Para el principale distribuidor en el mundo de pi\u00f1as hemos dise\u00f1ado una soluci\u00f3n performante, para un establecimiento en Costa Rica.\" \/>\n<meta property=\"og:url\" content=\"https:\/\/www.revsrl.com\/es\/estudios-de-casos\/fyffes-una-flejadora-a-medida-para-el-envasado-de-pinas\/\" \/>\n<meta property=\"og:site_name\" content=\"REV Packaging Solutions\" \/>\n<meta property=\"article:modified_time\" content=\"2026-02-26T11:41:52+00:00\" \/>\n<script type=\"application\/ld+json\" class=\"yoast-schema-graph\">{\"@context\":\"https:\/\/schema.org\",\"@graph\":[{\"@type\":\"WebPage\",\"@id\":\"https:\/\/www.revsrl.com\/es\/estudios-de-casos\/fyffes-una-flejadora-a-medida-para-el-envasado-de-pinas\/\",\"url\":\"https:\/\/www.revsrl.com\/es\/estudios-de-casos\/fyffes-una-flejadora-a-medida-para-el-envasado-de-pinas\/\",\"name\":\"Flejado pi\u00f1as para Fyffes \u2013 REV Packaging Solutions\",\"isPartOf\":{\"@id\":\"https:\/\/www.revsrl.com\/#website\"},\"datePublished\":\"2022-05-06T14:31:51+00:00\",\"dateModified\":\"2026-02-26T11:41:52+00:00\",\"description\":\"Para el principale distribuidor en el mundo de pi\u00f1as hemos dise\u00f1ado una soluci\u00f3n performante, para un establecimiento en Costa Rica.\",\"breadcrumb\":{\"@id\":\"https:\/\/www.revsrl.com\/es\/estudios-de-casos\/fyffes-una-flejadora-a-medida-para-el-envasado-de-pinas\/#breadcrumb\"},\"inLanguage\":\"es\",\"potentialAction\":[{\"@type\":\"ReadAction\",\"target\":[\"https:\/\/www.revsrl.com\/es\/estudios-de-casos\/fyffes-una-flejadora-a-medida-para-el-envasado-de-pinas\/\"]}]},{\"@type\":\"BreadcrumbList\",\"@id\":\"https:\/\/www.revsrl.com\/es\/estudios-de-casos\/fyffes-una-flejadora-a-medida-para-el-envasado-de-pinas\/#breadcrumb\",\"itemListElement\":[{\"@type\":\"ListItem\",\"position\":1,\"name\":\"Home\",\"item\":\"https:\/\/www.revsrl.com\/es\/\"},{\"@type\":\"ListItem\",\"position\":2,\"name\":\"Estudios de casos\",\"item\":\"https:\/\/www.revsrl.com\/es\/estudios-de-casos\/\"},{\"@type\":\"ListItem\",\"position\":3,\"name\":\"FYFFES Una flejadora a medida para el envasado de pi\u00f1as\"}]},{\"@type\":\"WebSite\",\"@id\":\"https:\/\/www.revsrl.com\/#website\",\"url\":\"https:\/\/www.revsrl.com\/\",\"name\":\"REV Packaging Solutions\",\"description\":\"Packaging machines for fruit and vegetables\",\"potentialAction\":[{\"@type\":\"SearchAction\",\"target\":{\"@type\":\"EntryPoint\",\"urlTemplate\":\"https:\/\/www.revsrl.com\/?s={search_term_string}\"},\"query-input\":{\"@type\":\"PropertyValueSpecification\",\"valueRequired\":true,\"valueName\":\"search_term_string\"}}],\"inLanguage\":\"es\"}]}<\/script>\n<!-- \/ Yoast SEO plugin. -->","yoast_head_json":{"title":"Flejado pi\u00f1as para Fyffes \u2013 REV Packaging Solutions","description":"Para el principale distribuidor en el mundo de pi\u00f1as hemos dise\u00f1ado una soluci\u00f3n performante, para un establecimiento en Costa Rica.","robots":{"index":"index","follow":"follow","max-snippet":"max-snippet:-1","max-image-preview":"max-image-preview:large","max-video-preview":"max-video-preview:-1"},"canonical":"https:\/\/www.revsrl.com\/es\/estudios-de-casos\/fyffes-una-flejadora-a-medida-para-el-envasado-de-pinas\/","og_locale":"es_ES","og_type":"article","og_title":"Flejado pi\u00f1as para Fyffes \u2013 REV Packaging Solutions","og_description":"Para el principale distribuidor en el mundo de pi\u00f1as hemos dise\u00f1ado una soluci\u00f3n performante, para un establecimiento en Costa Rica.","og_url":"https:\/\/www.revsrl.com\/es\/estudios-de-casos\/fyffes-una-flejadora-a-medida-para-el-envasado-de-pinas\/","og_site_name":"REV Packaging Solutions","article_modified_time":"2026-02-26T11:41:52+00:00","schema":{"@context":"https:\/\/schema.org","@graph":[{"@type":"WebPage","@id":"https:\/\/www.revsrl.com\/es\/estudios-de-casos\/fyffes-una-flejadora-a-medida-para-el-envasado-de-pinas\/","url":"https:\/\/www.revsrl.com\/es\/estudios-de-casos\/fyffes-una-flejadora-a-medida-para-el-envasado-de-pinas\/","name":"Flejado pi\u00f1as para Fyffes \u2013 REV Packaging Solutions","isPartOf":{"@id":"https:\/\/www.revsrl.com\/#website"},"datePublished":"2022-05-06T14:31:51+00:00","dateModified":"2026-02-26T11:41:52+00:00","description":"Para el principale distribuidor en el mundo de pi\u00f1as hemos dise\u00f1ado una soluci\u00f3n performante, para un establecimiento en Costa Rica.","breadcrumb":{"@id":"https:\/\/www.revsrl.com\/es\/estudios-de-casos\/fyffes-una-flejadora-a-medida-para-el-envasado-de-pinas\/#breadcrumb"},"inLanguage":"es","potentialAction":[{"@type":"ReadAction","target":["https:\/\/www.revsrl.com\/es\/estudios-de-casos\/fyffes-una-flejadora-a-medida-para-el-envasado-de-pinas\/"]}]},{"@type":"BreadcrumbList","@id":"https:\/\/www.revsrl.com\/es\/estudios-de-casos\/fyffes-una-flejadora-a-medida-para-el-envasado-de-pinas\/#breadcrumb","itemListElement":[{"@type":"ListItem","position":1,"name":"Home","item":"https:\/\/www.revsrl.com\/es\/"},{"@type":"ListItem","position":2,"name":"Estudios de casos","item":"https:\/\/www.revsrl.com\/es\/estudios-de-casos\/"},{"@type":"ListItem","position":3,"name":"FYFFES Una flejadora a medida para el envasado de pi\u00f1as"}]},{"@type":"WebSite","@id":"https:\/\/www.revsrl.com\/#website","url":"https:\/\/www.revsrl.com\/","name":"REV Packaging Solutions","description":"Packaging machines for fruit and vegetables","potentialAction":[{"@type":"SearchAction","target":{"@type":"EntryPoint","urlTemplate":"https:\/\/www.revsrl.com\/?s={search_term_string}"},"query-input":{"@type":"PropertyValueSpecification","valueRequired":true,"valueName":"search_term_string"}}],"inLanguage":"es"}]}},"_links":{"self":[{"href":"https:\/\/www.revsrl.com\/es\/wp-json\/wp\/v2\/pages\/72159","targetHints":{"allow":["GET"]}}],"collection":[{"href":"https:\/\/www.revsrl.com\/es\/wp-json\/wp\/v2\/pages"}],"about":[{"href":"https:\/\/www.revsrl.com\/es\/wp-json\/wp\/v2\/types\/page"}],"author":[{"embeddable":true,"href":"https:\/\/www.revsrl.com\/es\/wp-json\/wp\/v2\/users\/11"}],"replies":[{"embeddable":true,"href":"https:\/\/www.revsrl.com\/es\/wp-json\/wp\/v2\/comments?post=72159"}],"version-history":[{"count":9,"href":"https:\/\/www.revsrl.com\/es\/wp-json\/wp\/v2\/pages\/72159\/revisions"}],"predecessor-version":[{"id":78220,"href":"https:\/\/www.revsrl.com\/es\/wp-json\/wp\/v2\/pages\/72159\/revisions\/78220"}],"up":[{"embeddable":true,"href":"https:\/\/www.revsrl.com\/es\/wp-json\/wp\/v2\/pages\/72135"}],"wp:attachment":[{"href":"https:\/\/www.revsrl.com\/es\/wp-json\/wp\/v2\/media?parent=72159"}],"curies":[{"name":"wp","href":"https:\/\/api.w.org\/{rel}","templated":true}]}}