{"id":72165,"date":"2022-05-06T16:38:56","date_gmt":"2022-05-06T14:38:56","guid":{"rendered":"https:\/\/www.revsrl.com\/?page_id=72165"},"modified":"2026-02-26T15:42:12","modified_gmt":"2026-02-26T14:42:12","slug":"dupi-frut-una-linea-de-envasado-para-ajos","status":"publish","type":"page","link":"https:\/\/www.revsrl.com\/es\/estudios-de-casos\/dupi-frut-una-linea-de-envasado-para-ajos\/","title":{"rendered":"DUPI FRUT Una l\u00ednea de envasado para ajos"},"content":{"rendered":"<div class=\"wpb-content-wrapper\"><p>[vc_row row_height_percent=\u00bb0&#8243; override_padding=\u00bbyes\u00bb h_padding=\u00bb0&#8243; top_padding=\u00bb0&#8243; bottom_padding=\u00bb0&#8243; back_image=\u00bb67482&#8243; back_position=\u00bbright bottom\u00bb parallax=\u00bbyes\u00bb overlay_color=\u00bbcolor-122249&#8243; overlay_alpha=\u00bb70&#8243; gutter_size=\u00bb3&#8243; column_width_percent=\u00bb100&#8243; shift_y=\u00bb0&#8243; z_index=\u00bb0&#8243; medium_visibility=\u00bbyes\u00bb mobile_visibility=\u00bbyes\u00bb row_height_pixel=\u00bb350&#8243; css=\u00bb.vc_custom_1635178956508{padding-bottom: 0px !important;}\u00bb uncode_shortcode_id=\u00bb124128&#8243; overlay_color_type=\u00bbuncode-palette\u00bb][vc_column column_width_percent=\u00bb100&#8243; position_vertical=\u00bbmiddle\u00bb align_horizontal=\u00bbalign_center\u00bb gutter_size=\u00bb3&#8243; overlay_alpha=\u00bb50&#8243; shift_x=\u00bb0&#8243; shift_y=\u00bb0&#8243; shift_y_down=\u00bb0&#8243; z_index=\u00bb0&#8243; medium_width=\u00bb0&#8243; mobile_width=\u00bb0&#8243; width=\u00bb1\/1&#8243;][vc_custom_heading text_color=\u00bbcolor-xsdn\u00bb heading_semantic=\u00bbh1&#8243; text_size=\u00bbh1&#8243; uncode_shortcode_id=\u00bb927990&#8243; text_color_type=\u00bbuncode-palette\u00bb]DUPI FRUT<\/p>\n<p>Una l\u00ednea de envasado para ajos[\/vc_custom_heading][\/vc_column][\/vc_row][vc_row row_height_percent=\u00bb0&#8243; override_padding=\u00bbyes\u00bb h_padding=\u00bb0&#8243; top_padding=\u00bb0&#8243; bottom_padding=\u00bb0&#8243; back_image=\u00bb67482&#8243; back_position=\u00bbcenter center\u00bb parallax=\u00bbyes\u00bb overlay_color=\u00bbcolor-122249&#8243; overlay_alpha=\u00bb70&#8243; gutter_size=\u00bb3&#8243; column_width_percent=\u00bb100&#8243; shift_y=\u00bb0&#8243; z_index=\u00bb0&#8243; desktop_visibility=\u00bbyes\u00bb row_height_pixel=\u00bb200&#8243; uncode_shortcode_id=\u00bb190897&#8243; overlay_color_type=\u00bbuncode-palette\u00bb][vc_column column_width_percent=\u00bb100&#8243; position_vertical=\u00bbmiddle\u00bb align_horizontal=\u00bbalign_center\u00bb gutter_size=\u00bb3&#8243; overlay_alpha=\u00bb50&#8243; shift_x=\u00bb0&#8243; shift_y=\u00bb0&#8243; shift_y_down=\u00bb0&#8243; z_index=\u00bb0&#8243; medium_width=\u00bb0&#8243; mobile_width=\u00bb0&#8243; width=\u00bb1\/1&#8243;][vc_custom_heading text_color=\u00bbcolor-xsdn\u00bb heading_semantic=\u00bbh1&#8243; text_size=\u00bbh1&#8243; uncode_shortcode_id=\u00bb154985&#8243; text_color_type=\u00bbuncode-palette\u00bb]DUPI FRUT<\/p>\n<p>Una l\u00ednea de envasado para ajos[\/vc_custom_heading][\/vc_column][\/vc_row][vc_row row_height_percent=\u00bb0&#8243; override_padding=\u00bbyes\u00bb h_padding=\u00bb2&#8243; top_padding=\u00bb2&#8243; bottom_padding=\u00bb0&#8243; overlay_alpha=\u00bb50&#8243; gutter_size=\u00bb3&#8243; shift_y=\u00bb0&#8243; css=\u00bb.vc_custom_1612866035713{margin-top: -80px !important;padding-top: 0px !important;padding-bottom: 0px !important;}\u00bb][vc_column width=\u00bb1\/1&#8243;][vc_single_image media=\u00bb67488&#8243; media_width_use_pixel=\u00bbyes\u00bb alignment=\u00bbcenter\u00bb shape=\u00bbimg-circle\u00bb border=\u00bbyes\u00bb media_width_pixel=\u00bb150&#8243; uncode_shortcode_id=\u00bb117407&#8243;][\/vc_column][\/vc_row][vc_row row_height_percent=\u00bb0&#8243; overlay_alpha=\u00bb50&#8243; gutter_size=\u00bb3&#8243; shift_y=\u00bb0&#8243; css=\u00bb.vc_custom_1612865966246{padding-top: 0px !important;}\u00bb][vc_column width=\u00bb3\/4&#8243;][vc_column_text uncode_shortcode_id=\u00bb560359&#8243;]<\/p>\n<h3><span style=\"color: #f44611;\">LA EMPRESA<\/span><\/h3>\n<p>Dupi Frut es un productor y exportador alban\u00e9s de ajos desde 2015. Con sus 90 hect\u00e1reas de tierra, realiza cada mes 100 toneladas de producto de alta calidad (como la certificaci\u00f3n GLOBALG.A.P prueba) que es pues distribuido en todo el territorio nacional y en Holanda y Estados Unidos.<\/p>\n<h3><span style=\"color: #f44611;\">EL PEDIDO<\/span><\/h3>\n<p>El cliente se ha dirigido a REV impulsado por la necesidad de automatizar el proceso de envasado del ajo, que hasta aquel momento se llevaba a cabo s\u00f3lo manualmente, con gran gasto de energ\u00eda y dinero.<\/p>\n<h3><span style=\"color: #f44611;\">NUESTRA SOLUCI\u00d3N<\/span><\/h3>\n<p>Para satisfacer las exigencias del cliente, REV ha creado una l\u00ednea completa de envasado hecha de:<\/p>\n<ul>\n<li><span style=\"color: #000000;\"><strong>pesadora\u00a0<\/strong><\/span><strong><a href=\"https:\/\/www.revsrl.com\/es\/portfolio\/serie-a-pesadoras-ultradelicadas\/\" rel=\"noopener\">A12<\/a><\/strong>, muy\u00a0<span style=\"color: #000000;\"><strong>simple de utilizar, <\/strong><strong>precisa, delicada y fiable<\/strong><\/span>.<\/li>\n<li><span style=\"color: #000000;\"><strong>Enmalladora autom<\/strong><strong>\u00e1<\/strong><\/span><strong><span style=\"color: #000000;\">tica<\/span><\/strong>\u00a0<a href=\"https:\/\/www.revsrl.com\/es\/portfolio\/tiger-envasadora-de-mallas-termoselladas-en-linea\/\" rel=\"noopener\"><strong>Tiger<\/strong>, <\/a>la sola en grado de realizar, con productos sueltos, envases en l\u00ednea T-Pack monomateriales (en cuanto sin grapa met\u00e1lica), mucho m\u00e1s baratos con respecto a cualquier otra tipolog\u00eda similar presente en el mercado. Tiger ha garantizado al cliente una <span style=\"color: #000000;\"><strong>elevada continuidad de producci<\/strong><strong>\u00f3<\/strong><strong>n <\/strong>y<strong> m<\/strong><strong>\u00ed<\/strong><strong>nimos gastos de material<\/strong><\/span>.<\/li>\n<li><span style=\"color: #000000;\"><strong>Cargador autom<\/strong><strong>\u00e1<\/strong><\/span><strong><span style=\"color: #000000;\">tico de malla<\/span>\u00a0<a href=\"https:\/\/www.revsrl.com\/es\/portfolio\/genius-cargador-automatico-de-malla\/\" rel=\"noopener\">Genius<\/a><\/strong>, combinado con Tiger. La m\u00e1quina permite eliminar completamente los tiempos de inactividad y cualquier maniobra del operador encargado del rellenado de los tubos el cual, posicionando uno de estos y pulsando un s\u00f3lo bot\u00f3n, activa el ciclo autom\u00e1tico de la bobinadora, que completa de manera totalmente aut\u00f3noma el rellenado, acumulando mucha m\u00e1s malla de la generalmente cargada por los dispositivos tradicionales.<\/li>\n<\/ul>\n<h3><span style=\"color: #f44611;\">LOS BENEFICIOS<\/span><\/h3>\n<p>Gracias a la l\u00ednea de envasado REV, el cliente ha <strong>reducido en m<\/strong><strong>\u00e1<\/strong><strong>s de un 65 % el coste de la mano de obra <\/strong>y al mismo tiempo ha <strong>triplicado la producci<\/strong><strong>\u00f3<\/strong><strong>n diaria<\/strong>.<\/p>\n<p>Dupi tambi\u00e9n ha conseguido obtener un <strong>ahorro sobre los materiales<\/strong>, en cuanto la enmalladora Tiger asegura m\u00ednimos gastos.[\/vc_column_text][\/vc_column][vc_column column_width_percent=\u00bb100&#8243; gutter_size=\u00bb2&#8243; back_color=\u00bbcolor-115983&#8243; overlay_alpha=\u00bb50&#8243; shift_x=\u00bb0&#8243; shift_y=\u00bb0&#8243; z_index=\u00bb0&#8243; medium_width=\u00bb0&#8243; width=\u00bb1\/4&#8243; el_class=\u00bbbox-case\u00bb css=\u00bb.vc_custom_1612803191771{padding-right: 20px !important;padding-left: 20px !important;}\u00bb][vc_column_text css=\u00bb.vc_custom_1651847828129{padding-right: 0px !important;padding-left: 0px !important;}\u00bb uncode_shortcode_id=\u00bb385667&#8243;]<\/p>\n<h5><span style=\"color: #f44611;\">EXIGENCIAS<\/span><\/h5>\n<p>Automatizar el proceso de envasado del ajo y reducir los costes de producci\u00f3n<\/p>\n<p><strong>\u00a0<\/strong><\/p>\n<h5><span style=\"color: #f44611;\">SOLUCI\u00d3N<\/span><\/h5>\n<ul>\n<li>Una pesadora extremadamente precisa<\/li>\n<li>Una enmalladora performante<\/li>\n<li>Un cargador de malla para garantizar una elevada continuidad de producci\u00f3n<\/li>\n<\/ul>\n<p>&nbsp;<\/p>\n<h5><span style=\"color: #f44611;\">RISULTADOS<\/span><\/h5>\n<ul>\n<li>Reducci\u00f3n del 65 % del coste de la mano de obra<\/li>\n<li>Producci\u00f3n triplicada<\/li>\n<li>Ahorro sobre el material<\/li>\n<\/ul>\n<p>[\/vc_column_text][\/vc_column][\/vc_row][vc_row row_height_percent=\u00bb0&#8243; override_padding=\u00bbyes\u00bb h_padding=\u00bb2&#8243; top_padding=\u00bb0&#8243; bottom_padding=\u00bb2&#8243; overlay_alpha=\u00bb50&#8243; gutter_size=\u00bb3&#8243; shift_y=\u00bb0&#8243;][vc_column width=\u00bb1\/1&#8243;][vc_single_image media=\u00bb67511&#8243; media_width_percent=\u00bb100&#8243; uncode_shortcode_id=\u00bb101668&#8243;][\/vc_column][\/vc_row][vc_row row_height_percent=\u00bb0&#8243; override_padding=\u00bbyes\u00bb h_padding=\u00bb2&#8243; top_padding=\u00bb0&#8243; bottom_padding=\u00bb0&#8243; back_color=\u00bbcolor-174245&#8243; overlay_alpha=\u00bb50&#8243; gutter_size=\u00bb3&#8243; shift_y=\u00bb0&#8243; css=\u00bb.vc_custom_1612804048804{margin-top: 0px !important;margin-bottom: 0px !important;padding-top: 0px !important;padding-bottom: 0px !important;}\u00bb][vc_column column_width_percent=\u00bb100&#8243; gutter_size=\u00bb3&#8243; overlay_alpha=\u00bb50&#8243; shift_x=\u00bb0&#8243; shift_y=\u00bb0&#8243; z_index=\u00bb0&#8243; medium_width=\u00bb0&#8243; width=\u00bb2\/3&#8243; css=\u00bb.vc_custom_1612804000378{border-top-width: 0px !important;border-bottom-width: 0px !important;padding-top: 0px !important;padding-bottom: 0px !important;}\u00bb][vc_empty_space empty_h=\u00bb2&#8243;][vc_column_text css=\u00bb.vc_custom_1651847757702{padding-top: 0px !important;}\u00bb uncode_shortcode_id=\u00bb102694&#8243;]<\/p>\n<h3><span style=\"color: #f44611;\">Por qu\u00e9 REV<\/span><\/h3>\n<p>REV proporciona soluciones innovadoras para el envasado de productos hortofrut\u00edcolas, personalizadas seg\u00fan las exigencias espec\u00edficas del envasador y automatizando procesos hasta ahora realizados manualmente, como en este caso: eficiencia, \u00f3ptimas prestaciones y sostenibilidad son testiguadas por nuestros propios clientes.[\/vc_column_text][vc_button button_color=\u00bbcolor-122249&#8243; border_width=\u00bb0&#8243; link=\u00bburl:https%3A%2F%2Fwww.revsrl.com%2Fes%2Festudios-de-casos%2F|target:_blank\u00bb button_color_type=\u00bbuncode-palette\u00bb uncode_shortcode_id=\u00bb412104&#8243;]VEA LOS ESTUDIOS DE CASOS[\/vc_button][vc_empty_space empty_h=\u00bb2&#8243;][\/vc_column][\/vc_row]<\/p>\n<\/div>","protected":false},"excerpt":{"rendered":"<p>[vc_row row_height_percent=\u00bb0&#8243; override_padding=\u00bbyes\u00bb h_padding=\u00bb0&#8243; top_padding=\u00bb0&#8243; bottom_padding=\u00bb0&#8243; back_image=\u00bb67482&#8243; back_position=\u00bbright bottom\u00bb parallax=\u00bbyes\u00bb overlay_color=\u00bbcolor-122249&#8243; overlay_alpha=\u00bb70&#8243; gutter_size=\u00bb3&#8243; column_width_percent=\u00bb100&#8243; shift_y=\u00bb0&#8243; z_index=\u00bb0&#8243; medium_visibility=\u00bbyes\u00bb mobile_visibility=\u00bbyes\u00bb row_height_pixel=\u00bb350&#8243; css=\u00bb.vc_custom_1635178956508{padding-bottom: [&hellip;]<\/p>\n","protected":false},"author":11,"featured_media":0,"parent":72135,"menu_order":0,"comment_status":"closed","ping_status":"closed","template":"","meta":{"footnotes":""},"class_list":["post-72165","page","type-page","status-publish","hentry"],"yoast_head":"<!-- This site is optimized with the Yoast SEO plugin v27.1.1 - https:\/\/yoast.com\/product\/yoast-seo-wordpress\/ -->\n<title>Automatizaci\u00f3n envasado ajos para Dupi Frut \u2013 REV<\/title>\n<meta name=\"description\" content=\"Para un productor y exportador alban\u00e9s hemos automatizado el proceso de envasado del ajo y reducido los costes de producci\u00f3n.\" \/>\n<meta name=\"robots\" content=\"index, follow, max-snippet:-1, max-image-preview:large, max-video-preview:-1\" \/>\n<link rel=\"canonical\" href=\"https:\/\/www.revsrl.com\/es\/estudios-de-casos\/dupi-frut-una-linea-de-envasado-para-ajos\/\" \/>\n<meta property=\"og:locale\" content=\"es_ES\" \/>\n<meta property=\"og:type\" content=\"article\" \/>\n<meta property=\"og:title\" content=\"Automatizaci\u00f3n envasado ajos para Dupi Frut \u2013 REV\" \/>\n<meta property=\"og:description\" content=\"Para un productor y exportador alban\u00e9s hemos automatizado el proceso de envasado del ajo y reducido los costes de producci\u00f3n.\" \/>\n<meta property=\"og:url\" content=\"https:\/\/www.revsrl.com\/es\/estudios-de-casos\/dupi-frut-una-linea-de-envasado-para-ajos\/\" \/>\n<meta property=\"og:site_name\" content=\"REV Packaging Solutions\" \/>\n<meta property=\"article:modified_time\" content=\"2026-02-26T14:42:12+00:00\" \/>\n<script type=\"application\/ld+json\" class=\"yoast-schema-graph\">{\"@context\":\"https:\/\/schema.org\",\"@graph\":[{\"@type\":\"WebPage\",\"@id\":\"https:\/\/www.revsrl.com\/es\/estudios-de-casos\/dupi-frut-una-linea-de-envasado-para-ajos\/\",\"url\":\"https:\/\/www.revsrl.com\/es\/estudios-de-casos\/dupi-frut-una-linea-de-envasado-para-ajos\/\",\"name\":\"Automatizaci\u00f3n envasado ajos para Dupi Frut \u2013 REV\",\"isPartOf\":{\"@id\":\"https:\/\/www.revsrl.com\/#website\"},\"datePublished\":\"2022-05-06T14:38:56+00:00\",\"dateModified\":\"2026-02-26T14:42:12+00:00\",\"description\":\"Para un productor y exportador alban\u00e9s hemos automatizado el proceso de envasado del ajo y reducido los costes de producci\u00f3n.\",\"breadcrumb\":{\"@id\":\"https:\/\/www.revsrl.com\/es\/estudios-de-casos\/dupi-frut-una-linea-de-envasado-para-ajos\/#breadcrumb\"},\"inLanguage\":\"es\",\"potentialAction\":[{\"@type\":\"ReadAction\",\"target\":[\"https:\/\/www.revsrl.com\/es\/estudios-de-casos\/dupi-frut-una-linea-de-envasado-para-ajos\/\"]}]},{\"@type\":\"BreadcrumbList\",\"@id\":\"https:\/\/www.revsrl.com\/es\/estudios-de-casos\/dupi-frut-una-linea-de-envasado-para-ajos\/#breadcrumb\",\"itemListElement\":[{\"@type\":\"ListItem\",\"position\":1,\"name\":\"Home\",\"item\":\"https:\/\/www.revsrl.com\/es\/\"},{\"@type\":\"ListItem\",\"position\":2,\"name\":\"Estudios de casos\",\"item\":\"https:\/\/www.revsrl.com\/es\/estudios-de-casos\/\"},{\"@type\":\"ListItem\",\"position\":3,\"name\":\"DUPI FRUT Una l\u00ednea de envasado para ajos\"}]},{\"@type\":\"WebSite\",\"@id\":\"https:\/\/www.revsrl.com\/#website\",\"url\":\"https:\/\/www.revsrl.com\/\",\"name\":\"REV Packaging Solutions\",\"description\":\"Packaging machines for fruit and vegetables\",\"potentialAction\":[{\"@type\":\"SearchAction\",\"target\":{\"@type\":\"EntryPoint\",\"urlTemplate\":\"https:\/\/www.revsrl.com\/?s={search_term_string}\"},\"query-input\":{\"@type\":\"PropertyValueSpecification\",\"valueRequired\":true,\"valueName\":\"search_term_string\"}}],\"inLanguage\":\"es\"}]}<\/script>\n<!-- \/ Yoast SEO plugin. -->","yoast_head_json":{"title":"Automatizaci\u00f3n envasado ajos para Dupi Frut \u2013 REV","description":"Para un productor y exportador alban\u00e9s hemos automatizado el proceso de envasado del ajo y reducido los costes de producci\u00f3n.","robots":{"index":"index","follow":"follow","max-snippet":"max-snippet:-1","max-image-preview":"max-image-preview:large","max-video-preview":"max-video-preview:-1"},"canonical":"https:\/\/www.revsrl.com\/es\/estudios-de-casos\/dupi-frut-una-linea-de-envasado-para-ajos\/","og_locale":"es_ES","og_type":"article","og_title":"Automatizaci\u00f3n envasado ajos para Dupi Frut \u2013 REV","og_description":"Para un productor y exportador alban\u00e9s hemos automatizado el proceso de envasado del ajo y reducido los costes de producci\u00f3n.","og_url":"https:\/\/www.revsrl.com\/es\/estudios-de-casos\/dupi-frut-una-linea-de-envasado-para-ajos\/","og_site_name":"REV Packaging Solutions","article_modified_time":"2026-02-26T14:42:12+00:00","schema":{"@context":"https:\/\/schema.org","@graph":[{"@type":"WebPage","@id":"https:\/\/www.revsrl.com\/es\/estudios-de-casos\/dupi-frut-una-linea-de-envasado-para-ajos\/","url":"https:\/\/www.revsrl.com\/es\/estudios-de-casos\/dupi-frut-una-linea-de-envasado-para-ajos\/","name":"Automatizaci\u00f3n envasado ajos para Dupi Frut \u2013 REV","isPartOf":{"@id":"https:\/\/www.revsrl.com\/#website"},"datePublished":"2022-05-06T14:38:56+00:00","dateModified":"2026-02-26T14:42:12+00:00","description":"Para un productor y exportador alban\u00e9s hemos automatizado el proceso de envasado del ajo y reducido los costes de producci\u00f3n.","breadcrumb":{"@id":"https:\/\/www.revsrl.com\/es\/estudios-de-casos\/dupi-frut-una-linea-de-envasado-para-ajos\/#breadcrumb"},"inLanguage":"es","potentialAction":[{"@type":"ReadAction","target":["https:\/\/www.revsrl.com\/es\/estudios-de-casos\/dupi-frut-una-linea-de-envasado-para-ajos\/"]}]},{"@type":"BreadcrumbList","@id":"https:\/\/www.revsrl.com\/es\/estudios-de-casos\/dupi-frut-una-linea-de-envasado-para-ajos\/#breadcrumb","itemListElement":[{"@type":"ListItem","position":1,"name":"Home","item":"https:\/\/www.revsrl.com\/es\/"},{"@type":"ListItem","position":2,"name":"Estudios de casos","item":"https:\/\/www.revsrl.com\/es\/estudios-de-casos\/"},{"@type":"ListItem","position":3,"name":"DUPI FRUT Una l\u00ednea de envasado para ajos"}]},{"@type":"WebSite","@id":"https:\/\/www.revsrl.com\/#website","url":"https:\/\/www.revsrl.com\/","name":"REV Packaging Solutions","description":"Packaging machines for fruit and vegetables","potentialAction":[{"@type":"SearchAction","target":{"@type":"EntryPoint","urlTemplate":"https:\/\/www.revsrl.com\/?s={search_term_string}"},"query-input":{"@type":"PropertyValueSpecification","valueRequired":true,"valueName":"search_term_string"}}],"inLanguage":"es"}]}},"_links":{"self":[{"href":"https:\/\/www.revsrl.com\/es\/wp-json\/wp\/v2\/pages\/72165","targetHints":{"allow":["GET"]}}],"collection":[{"href":"https:\/\/www.revsrl.com\/es\/wp-json\/wp\/v2\/pages"}],"about":[{"href":"https:\/\/www.revsrl.com\/es\/wp-json\/wp\/v2\/types\/page"}],"author":[{"embeddable":true,"href":"https:\/\/www.revsrl.com\/es\/wp-json\/wp\/v2\/users\/11"}],"replies":[{"embeddable":true,"href":"https:\/\/www.revsrl.com\/es\/wp-json\/wp\/v2\/comments?post=72165"}],"version-history":[{"count":10,"href":"https:\/\/www.revsrl.com\/es\/wp-json\/wp\/v2\/pages\/72165\/revisions"}],"predecessor-version":[{"id":78238,"href":"https:\/\/www.revsrl.com\/es\/wp-json\/wp\/v2\/pages\/72165\/revisions\/78238"}],"up":[{"embeddable":true,"href":"https:\/\/www.revsrl.com\/es\/wp-json\/wp\/v2\/pages\/72135"}],"wp:attachment":[{"href":"https:\/\/www.revsrl.com\/es\/wp-json\/wp\/v2\/media?parent=72165"}],"curies":[{"name":"wp","href":"https:\/\/api.w.org\/{rel}","templated":true}]}}