{"id":72167,"date":"2022-05-06T16:44:19","date_gmt":"2022-05-06T14:44:19","guid":{"rendered":"https:\/\/www.revsrl.com\/?page_id=72167"},"modified":"2026-02-26T12:40:39","modified_gmt":"2026-02-26T11:40:39","slug":"coop-messi-dos-lineas-para-envasar-melocotones-nectarinas-y-kiwis","status":"publish","type":"page","link":"https:\/\/www.revsrl.com\/es\/estudios-de-casos\/coop-messi-dos-lineas-para-envasar-melocotones-nectarinas-y-kiwis\/","title":{"rendered":"MESSI COOP Dos l\u00edneas para envasar melocotones, nectarinas y kiwis"},"content":{"rendered":"<div class=\"wpb-content-wrapper\"><p>[vc_row row_height_percent=\u00bb0&#8243; override_padding=\u00bbyes\u00bb h_padding=\u00bb0&#8243; top_padding=\u00bb0&#8243; bottom_padding=\u00bb0&#8243; back_image=\u00bb68846&#8243; back_position=\u00bbright bottom\u00bb parallax=\u00bbyes\u00bb overlay_color=\u00bbcolor-122249&#8243; overlay_alpha=\u00bb70&#8243; gutter_size=\u00bb3&#8243; column_width_percent=\u00bb100&#8243; shift_y=\u00bb0&#8243; z_index=\u00bb0&#8243; medium_visibility=\u00bbyes\u00bb mobile_visibility=\u00bbyes\u00bb row_height_pixel=\u00bb350&#8243; css=\u00bb.vc_custom_1636988351342{padding-bottom: 0px !important;}\u00bb uncode_shortcode_id=\u00bb396593&#8243; overlay_color_type=\u00bbuncode-palette\u00bb][vc_column column_width_percent=\u00bb100&#8243; position_vertical=\u00bbmiddle\u00bb align_horizontal=\u00bbalign_center\u00bb gutter_size=\u00bb3&#8243; overlay_alpha=\u00bb50&#8243; shift_x=\u00bb0&#8243; shift_y=\u00bb0&#8243; shift_y_down=\u00bb0&#8243; z_index=\u00bb0&#8243; medium_width=\u00bb0&#8243; mobile_width=\u00bb0&#8243; width=\u00bb1\/1&#8243;][vc_custom_heading text_color=\u00bbcolor-xsdn\u00bb heading_semantic=\u00bbh1&#8243; text_size=\u00bbh1&#8243; uncode_shortcode_id=\u00bb966167&#8243; text_color_type=\u00bbuncode-palette\u00bb]MESSI COOP<\/p>\n<p>Dos l\u00edneas para envasar melocotones, nectarinas y kiwis[\/vc_custom_heading][\/vc_column][\/vc_row][vc_row row_height_percent=\u00bb0&#8243; override_padding=\u00bbyes\u00bb h_padding=\u00bb0&#8243; top_padding=\u00bb0&#8243; bottom_padding=\u00bb0&#8243; back_image=\u00bb68846&#8243; back_position=\u00bbcenter center\u00bb parallax=\u00bbyes\u00bb overlay_color=\u00bbcolor-122249&#8243; overlay_alpha=\u00bb70&#8243; gutter_size=\u00bb3&#8243; column_width_percent=\u00bb100&#8243; shift_y=\u00bb0&#8243; z_index=\u00bb0&#8243; desktop_visibility=\u00bbyes\u00bb row_height_pixel=\u00bb200&#8243; uncode_shortcode_id=\u00bb134678&#8243; overlay_color_type=\u00bbuncode-palette\u00bb][vc_column column_width_percent=\u00bb100&#8243; position_vertical=\u00bbmiddle\u00bb align_horizontal=\u00bbalign_center\u00bb gutter_size=\u00bb3&#8243; overlay_alpha=\u00bb50&#8243; shift_x=\u00bb0&#8243; shift_y=\u00bb0&#8243; shift_y_down=\u00bb0&#8243; z_index=\u00bb0&#8243; medium_width=\u00bb0&#8243; mobile_width=\u00bb0&#8243; width=\u00bb1\/1&#8243;][vc_custom_heading text_color=\u00bbcolor-xsdn\u00bb heading_semantic=\u00bbh1&#8243; text_size=\u00bbh1&#8243; uncode_shortcode_id=\u00bb919747&#8243; text_color_type=\u00bbuncode-palette\u00bb]MESSI COOP<\/p>\n<p>Dos l\u00edneas para envasar melocotones, nectarinas y kiwis[\/vc_custom_heading][\/vc_column][\/vc_row][vc_row row_height_percent=\u00bb0&#8243; override_padding=\u00bbyes\u00bb h_padding=\u00bb2&#8243; top_padding=\u00bb2&#8243; bottom_padding=\u00bb0&#8243; overlay_alpha=\u00bb50&#8243; gutter_size=\u00bb3&#8243; shift_y=\u00bb0&#8243; css=\u00bb.vc_custom_1612866035713{margin-top: -80px !important;padding-top: 0px !important;padding-bottom: 0px !important;}\u00bb][vc_column width=\u00bb1\/1&#8243;][vc_single_image media=\u00bb68843&#8243; media_width_use_pixel=\u00bbyes\u00bb alignment=\u00bbcenter\u00bb shape=\u00bbimg-circle\u00bb border=\u00bbyes\u00bb media_width_pixel=\u00bb150&#8243; uncode_shortcode_id=\u00bb482404&#8243;][\/vc_column][\/vc_row][vc_row row_height_percent=\u00bb0&#8243; overlay_alpha=\u00bb50&#8243; gutter_size=\u00bb3&#8243; shift_y=\u00bb0&#8243; css=\u00bb.vc_custom_1612865966246{padding-top: 0px !important;}\u00bb][vc_column width=\u00bb3\/4&#8243;][vc_column_text uncode_shortcode_id=\u00bb170123&#8243;]<\/p>\n<h3><span style=\"color: #f44611;\">LA EMPRESA<\/span><\/h3>\n<p>Messi Coop representa una de las realidades m\u00e1s din\u00e1micas y en expansi\u00f3n de toda Grecia. Con sus 450 socios-agricultores que cultivan en su conjunto 1200 hect\u00e1reas de tierra, Messi Coop se ha convertido en uno de los productores principales de todo el pa\u00eds, consiguiendo distribuir cada a\u00f1o acerca de 15000 toneladas de fruta fresca y 10000 de melocotones, en toda Europa, Canad\u00e1, \u00c1frica, Asia y Medio Oriente.<\/p>\n<h3><span style=\"color: #f44611;\">EL PEDIDO<\/span><\/h3>\n<p>El cliente necesitaba automatizar el proceso de envasado en cestas de melocotones, nectarinas y kiwis, con el objetivo de reducir notablemente los altos costes de producci\u00f3n. Adem\u00e1s, para exigencias de espacio, hab\u00eda pedido que la l\u00ednea fuera particularmente compacta.<\/p>\n<h3><span style=\"color: #f44611;\">NUESTRA SOLUCI\u00d3N<\/span><\/h3>\n<p>REV, para satisfacer las dos necesidades del cliente, ha dise\u00f1ado y realizado dos l\u00edneas de envasado completas hechas de:<\/p>\n<ul>\n<li><strong><span style=\"color: #000000;\">contadora de frutas con sistema de rellenado de cestas<\/span>\u00a0<a href=\"https:\/\/www.revsrl.com\/es\/portfolio\/f16-tc-contadora-de-frutas-con-sistema-de-rellenado-de-cestas\/\" rel=\"noopener\">F16-TC<\/a><\/strong>, una m\u00e1quina de alta productividad compuesta por contadora de frutas, desapilador y rellenadora, para el llenado autom\u00e1tico de cestas seg\u00fan un n\u00famero de frutas predeterminado. F16-TC es extremadamente r\u00e1pida, delicada y compacta;<\/li>\n<li><span style=\"color: #000000;\"><strong>rellenadora de cajas <\/strong><\/span><strong><a href=\"https:\/\/www.revsrl.com\/es\/portfolio\/rooster-rellenadora-de-cajas-con-cestas\/\" rel=\"noopener\">Rooster<\/a><\/strong>, autom\u00e1tica, performante y apta para el rellenado de cajas 60\u00d740 con diez cestas. Rooster es altamente fiable, r\u00e1pida y f\u00e1cil de utilizar y tiene tama\u00f1os contenidos;<\/li>\n<li><strong><span style=\"color: #000000;\">paletizador con pinza<\/span>\u00a0<a href=\"https:\/\/www.revsrl.com\/es\/portfolio\/falcon-paletizador-con-pinza\/\" rel=\"noopener\">Falcon<\/a><\/strong>. Falcon adopta una soluci\u00f3n revolucionaria que permite la movilizaci\u00f3n de las cajas sobre dos ejes, por medio de dos circuitos de cadenas paralelos y una motorizaci\u00f3n \u00fanica. Asimismo, para optimizar las dimensiones de la m\u00e1quina, la preparaci\u00f3n del pal\u00e9 ocurre dentro de la estructura principal.<\/li>\n<\/ul>\n<h3><span style=\"color: #f44611;\">LOS BENEFICIOS<\/span><\/h3>\n<p>Gracias a la planta realizada por REV, la Cooperativa Messi ha alcanzado un excelente resultado: <strong>frente a la misma capacidad productiva, <\/strong>ha <strong>reducido en un 50 % el coste del trabajo<\/strong>.[\/vc_column_text][\/vc_column][vc_column column_width_percent=\u00bb100&#8243; gutter_size=\u00bb2&#8243; back_color=\u00bbcolor-115983&#8243; overlay_alpha=\u00bb50&#8243; shift_x=\u00bb0&#8243; shift_y=\u00bb0&#8243; z_index=\u00bb0&#8243; medium_width=\u00bb0&#8243; width=\u00bb1\/4&#8243; el_class=\u00bbbox-case\u00bb css=\u00bb.vc_custom_1612803191771{padding-right: 20px !important;padding-left: 20px !important;}\u00bb][vc_column_text css=\u00bb.vc_custom_1771414050513{padding-right: 0px !important;padding-left: 0px !important;}\u00bb uncode_shortcode_id=\u00bb720392&#8243;]<\/p>\n<h5><span style=\"color: #f44611;\">EXIGENCIAS<\/span><\/h5>\n<p>Automatizar el proceso de envasado de frutas y verduras en cestas para reducir los costes de producci\u00f3n<\/p>\n<p><strong>\u00a0<\/strong><\/p>\n<h5><span style=\"color: #f44611;\">SOLUCI\u00d3N<\/span><\/h5>\n<p>2 l\u00edneas de envasado compactas, para adaptarse a los espacios del cliente<\/p>\n<p>&nbsp;<\/p>\n<h5><span style=\"color: #f44611;\">RESULTADOS<\/span><\/h5>\n<p>Reducci\u00f3n del 50 % de los costes, en igualdad de producci\u00f3n[\/vc_column_text][\/vc_column][\/vc_row][vc_row row_height_percent=\u00bb0&#8243; override_padding=\u00bbyes\u00bb h_padding=\u00bb2&#8243; top_padding=\u00bb0&#8243; bottom_padding=\u00bb2&#8243; overlay_alpha=\u00bb50&#8243; gutter_size=\u00bb3&#8243; shift_y=\u00bb0&#8243;][vc_column width=\u00bb1\/1&#8243;][vc_single_image media=\u00bb68882&#8243; media_width_percent=\u00bb100&#8243; uncode_shortcode_id=\u00bb267013&#8243;][\/vc_column][\/vc_row][vc_row row_height_percent=\u00bb0&#8243; override_padding=\u00bbyes\u00bb h_padding=\u00bb2&#8243; top_padding=\u00bb0&#8243; bottom_padding=\u00bb0&#8243; back_color=\u00bbcolor-174245&#8243; overlay_alpha=\u00bb50&#8243; gutter_size=\u00bb3&#8243; shift_y=\u00bb0&#8243; css=\u00bb.vc_custom_1612804048804{margin-top: 0px !important;margin-bottom: 0px !important;padding-top: 0px !important;padding-bottom: 0px !important;}\u00bb][vc_column column_width_percent=\u00bb100&#8243; gutter_size=\u00bb3&#8243; overlay_alpha=\u00bb50&#8243; shift_x=\u00bb0&#8243; shift_y=\u00bb0&#8243; z_index=\u00bb0&#8243; medium_width=\u00bb0&#8243; width=\u00bb2\/3&#8243; css=\u00bb.vc_custom_1612804000378{border-top-width: 0px !important;border-bottom-width: 0px !important;padding-top: 0px !important;padding-bottom: 0px !important;}\u00bb][vc_empty_space empty_h=\u00bb2&#8243;][vc_column_text css=\u00bb.vc_custom_1651848082316{padding-top: 0px !important;}\u00bb uncode_shortcode_id=\u00bb111038&#8243;]<\/p>\n<h3><span style=\"color: #f44611;\">Perch\u00e9 REV<\/span><\/h3>\n<p>REV proporciona soluciones innovadoras para el envasado de productos hortofrut\u00edcolas, personalizadas seg\u00fan las exigencias espec\u00edficas del envasador y automatizando procesos hasta ahora realizados manualmente, como en este caso: eficiencia, \u00f3ptimas prestaciones y sostenibilidad son testiguadas por nuestros propios clientes.[\/vc_column_text][vc_button button_color=\u00bbcolor-122249&#8243; border_width=\u00bb0&#8243; link=\u00bburl:https%3A%2F%2Fwww.revsrl.com%2Fes%2Festudios-de-casos%2F|target:_blank\u00bb button_color_type=\u00bbuncode-palette\u00bb uncode_shortcode_id=\u00bb793114&#8243;]VEA LOS ESTUDIOS DE CASOS[\/vc_button][vc_empty_space empty_h=\u00bb2&#8243;][\/vc_column][\/vc_row]<\/p>\n<\/div>","protected":false},"excerpt":{"rendered":"<p>[vc_row row_height_percent=\u00bb0&#8243; override_padding=\u00bbyes\u00bb h_padding=\u00bb0&#8243; top_padding=\u00bb0&#8243; bottom_padding=\u00bb0&#8243; back_image=\u00bb68846&#8243; back_position=\u00bbright bottom\u00bb parallax=\u00bbyes\u00bb overlay_color=\u00bbcolor-122249&#8243; overlay_alpha=\u00bb70&#8243; gutter_size=\u00bb3&#8243; column_width_percent=\u00bb100&#8243; shift_y=\u00bb0&#8243; z_index=\u00bb0&#8243; medium_visibility=\u00bbyes\u00bb mobile_visibility=\u00bbyes\u00bb row_height_pixel=\u00bb350&#8243; css=\u00bb.vc_custom_1636988351342{padding-bottom: [&hellip;]<\/p>\n","protected":false},"author":11,"featured_media":0,"parent":72135,"menu_order":0,"comment_status":"closed","ping_status":"closed","template":"","meta":{"footnotes":""},"class_list":["post-72167","page","type-page","status-publish","hentry"],"yoast_head":"<!-- This site is optimized with the Yoast SEO plugin v27.1.1 - https:\/\/yoast.com\/product\/yoast-seo-wordpress\/ -->\n<title>Envasado melocotones y kiwis Messi Coop \u2013 REV<\/title>\n<meta name=\"description\" content=\"Para uno de los principales productores de Grecia hemos realizado 2 l\u00edneas para automatizar el envasado en cestas de melocotones y kiwis.\" \/>\n<meta name=\"robots\" content=\"index, follow, max-snippet:-1, max-image-preview:large, max-video-preview:-1\" \/>\n<link rel=\"canonical\" href=\"https:\/\/www.revsrl.com\/es\/estudios-de-casos\/coop-messi-dos-lineas-para-envasar-melocotones-nectarinas-y-kiwis\/\" \/>\n<meta property=\"og:locale\" content=\"es_ES\" \/>\n<meta property=\"og:type\" content=\"article\" \/>\n<meta property=\"og:title\" content=\"Envasado melocotones y kiwis Messi Coop \u2013 REV\" \/>\n<meta property=\"og:description\" content=\"Para uno de los principales productores de Grecia hemos realizado 2 l\u00edneas para automatizar el envasado en cestas de melocotones y kiwis.\" \/>\n<meta property=\"og:url\" content=\"https:\/\/www.revsrl.com\/es\/estudios-de-casos\/coop-messi-dos-lineas-para-envasar-melocotones-nectarinas-y-kiwis\/\" \/>\n<meta property=\"og:site_name\" content=\"REV Packaging Solutions\" \/>\n<meta property=\"article:modified_time\" content=\"2026-02-26T11:40:39+00:00\" \/>\n<script type=\"application\/ld+json\" class=\"yoast-schema-graph\">{\"@context\":\"https:\/\/schema.org\",\"@graph\":[{\"@type\":\"WebPage\",\"@id\":\"https:\/\/www.revsrl.com\/es\/estudios-de-casos\/coop-messi-dos-lineas-para-envasar-melocotones-nectarinas-y-kiwis\/\",\"url\":\"https:\/\/www.revsrl.com\/es\/estudios-de-casos\/coop-messi-dos-lineas-para-envasar-melocotones-nectarinas-y-kiwis\/\",\"name\":\"Envasado melocotones y kiwis Messi Coop \u2013 REV\",\"isPartOf\":{\"@id\":\"https:\/\/www.revsrl.com\/#website\"},\"datePublished\":\"2022-05-06T14:44:19+00:00\",\"dateModified\":\"2026-02-26T11:40:39+00:00\",\"description\":\"Para uno de los principales productores de Grecia hemos realizado 2 l\u00edneas para automatizar el envasado en cestas de melocotones y kiwis.\",\"breadcrumb\":{\"@id\":\"https:\/\/www.revsrl.com\/es\/estudios-de-casos\/coop-messi-dos-lineas-para-envasar-melocotones-nectarinas-y-kiwis\/#breadcrumb\"},\"inLanguage\":\"es\",\"potentialAction\":[{\"@type\":\"ReadAction\",\"target\":[\"https:\/\/www.revsrl.com\/es\/estudios-de-casos\/coop-messi-dos-lineas-para-envasar-melocotones-nectarinas-y-kiwis\/\"]}]},{\"@type\":\"BreadcrumbList\",\"@id\":\"https:\/\/www.revsrl.com\/es\/estudios-de-casos\/coop-messi-dos-lineas-para-envasar-melocotones-nectarinas-y-kiwis\/#breadcrumb\",\"itemListElement\":[{\"@type\":\"ListItem\",\"position\":1,\"name\":\"Home\",\"item\":\"https:\/\/www.revsrl.com\/es\/\"},{\"@type\":\"ListItem\",\"position\":2,\"name\":\"Estudios de casos\",\"item\":\"https:\/\/www.revsrl.com\/es\/estudios-de-casos\/\"},{\"@type\":\"ListItem\",\"position\":3,\"name\":\"MESSI COOP Dos l\u00edneas para envasar melocotones, nectarinas y kiwis\"}]},{\"@type\":\"WebSite\",\"@id\":\"https:\/\/www.revsrl.com\/#website\",\"url\":\"https:\/\/www.revsrl.com\/\",\"name\":\"REV Packaging Solutions\",\"description\":\"Packaging machines for fruit and vegetables\",\"potentialAction\":[{\"@type\":\"SearchAction\",\"target\":{\"@type\":\"EntryPoint\",\"urlTemplate\":\"https:\/\/www.revsrl.com\/?s={search_term_string}\"},\"query-input\":{\"@type\":\"PropertyValueSpecification\",\"valueRequired\":true,\"valueName\":\"search_term_string\"}}],\"inLanguage\":\"es\"}]}<\/script>\n<!-- \/ Yoast SEO plugin. -->","yoast_head_json":{"title":"Envasado melocotones y kiwis Messi Coop \u2013 REV","description":"Para uno de los principales productores de Grecia hemos realizado 2 l\u00edneas para automatizar el envasado en cestas de melocotones y kiwis.","robots":{"index":"index","follow":"follow","max-snippet":"max-snippet:-1","max-image-preview":"max-image-preview:large","max-video-preview":"max-video-preview:-1"},"canonical":"https:\/\/www.revsrl.com\/es\/estudios-de-casos\/coop-messi-dos-lineas-para-envasar-melocotones-nectarinas-y-kiwis\/","og_locale":"es_ES","og_type":"article","og_title":"Envasado melocotones y kiwis Messi Coop \u2013 REV","og_description":"Para uno de los principales productores de Grecia hemos realizado 2 l\u00edneas para automatizar el envasado en cestas de melocotones y kiwis.","og_url":"https:\/\/www.revsrl.com\/es\/estudios-de-casos\/coop-messi-dos-lineas-para-envasar-melocotones-nectarinas-y-kiwis\/","og_site_name":"REV Packaging Solutions","article_modified_time":"2026-02-26T11:40:39+00:00","schema":{"@context":"https:\/\/schema.org","@graph":[{"@type":"WebPage","@id":"https:\/\/www.revsrl.com\/es\/estudios-de-casos\/coop-messi-dos-lineas-para-envasar-melocotones-nectarinas-y-kiwis\/","url":"https:\/\/www.revsrl.com\/es\/estudios-de-casos\/coop-messi-dos-lineas-para-envasar-melocotones-nectarinas-y-kiwis\/","name":"Envasado melocotones y kiwis Messi Coop \u2013 REV","isPartOf":{"@id":"https:\/\/www.revsrl.com\/#website"},"datePublished":"2022-05-06T14:44:19+00:00","dateModified":"2026-02-26T11:40:39+00:00","description":"Para uno de los principales productores de Grecia hemos realizado 2 l\u00edneas para automatizar el envasado en cestas de melocotones y kiwis.","breadcrumb":{"@id":"https:\/\/www.revsrl.com\/es\/estudios-de-casos\/coop-messi-dos-lineas-para-envasar-melocotones-nectarinas-y-kiwis\/#breadcrumb"},"inLanguage":"es","potentialAction":[{"@type":"ReadAction","target":["https:\/\/www.revsrl.com\/es\/estudios-de-casos\/coop-messi-dos-lineas-para-envasar-melocotones-nectarinas-y-kiwis\/"]}]},{"@type":"BreadcrumbList","@id":"https:\/\/www.revsrl.com\/es\/estudios-de-casos\/coop-messi-dos-lineas-para-envasar-melocotones-nectarinas-y-kiwis\/#breadcrumb","itemListElement":[{"@type":"ListItem","position":1,"name":"Home","item":"https:\/\/www.revsrl.com\/es\/"},{"@type":"ListItem","position":2,"name":"Estudios de casos","item":"https:\/\/www.revsrl.com\/es\/estudios-de-casos\/"},{"@type":"ListItem","position":3,"name":"MESSI COOP Dos l\u00edneas para envasar melocotones, nectarinas y kiwis"}]},{"@type":"WebSite","@id":"https:\/\/www.revsrl.com\/#website","url":"https:\/\/www.revsrl.com\/","name":"REV Packaging Solutions","description":"Packaging machines for fruit and vegetables","potentialAction":[{"@type":"SearchAction","target":{"@type":"EntryPoint","urlTemplate":"https:\/\/www.revsrl.com\/?s={search_term_string}"},"query-input":{"@type":"PropertyValueSpecification","valueRequired":true,"valueName":"search_term_string"}}],"inLanguage":"es"}]}},"_links":{"self":[{"href":"https:\/\/www.revsrl.com\/es\/wp-json\/wp\/v2\/pages\/72167","targetHints":{"allow":["GET"]}}],"collection":[{"href":"https:\/\/www.revsrl.com\/es\/wp-json\/wp\/v2\/pages"}],"about":[{"href":"https:\/\/www.revsrl.com\/es\/wp-json\/wp\/v2\/types\/page"}],"author":[{"embeddable":true,"href":"https:\/\/www.revsrl.com\/es\/wp-json\/wp\/v2\/users\/11"}],"replies":[{"embeddable":true,"href":"https:\/\/www.revsrl.com\/es\/wp-json\/wp\/v2\/comments?post=72167"}],"version-history":[{"count":8,"href":"https:\/\/www.revsrl.com\/es\/wp-json\/wp\/v2\/pages\/72167\/revisions"}],"predecessor-version":[{"id":78216,"href":"https:\/\/www.revsrl.com\/es\/wp-json\/wp\/v2\/pages\/72167\/revisions\/78216"}],"up":[{"embeddable":true,"href":"https:\/\/www.revsrl.com\/es\/wp-json\/wp\/v2\/pages\/72135"}],"wp:attachment":[{"href":"https:\/\/www.revsrl.com\/es\/wp-json\/wp\/v2\/media?parent=72167"}],"curies":[{"name":"wp","href":"https:\/\/api.w.org\/{rel}","templated":true}]}}