{"id":72255,"date":"2022-05-06T18:04:06","date_gmt":"2022-05-06T16:04:06","guid":{"rendered":"https:\/\/www.revsrl.com\/?page_id=72255"},"modified":"2026-02-26T09:37:20","modified_gmt":"2026-02-26T08:37:20","slug":"noticias-eventos","status":"publish","type":"page","link":"https:\/\/www.revsrl.com\/es\/noticias-eventos\/","title":{"rendered":"Noticias y Eventos"},"content":{"rendered":"<div class=\"wpb-content-wrapper\"><p>[vc_row row_height_percent=\u00bb0&#8243; override_padding=\u00bbyes\u00bb h_padding=\u00bb0&#8243; top_padding=\u00bb0&#8243; bottom_padding=\u00bb0&#8243; back_image=\u00bb2404&#8243; back_position=\u00bbcenter bottom\u00bb parallax=\u00bbyes\u00bb overlay_color=\u00bbcolor-122249&#8243; overlay_alpha=\u00bb70&#8243; gutter_size=\u00bb3&#8243; column_width_percent=\u00bb100&#8243; shift_y=\u00bb0&#8243; z_index=\u00bb0&#8243; medium_visibility=\u00bbyes\u00bb mobile_visibility=\u00bbyes\u00bb row_height_pixel=\u00bb300&#8243;][vc_column column_width_percent=\u00bb100&#8243; position_vertical=\u00bbmiddle\u00bb align_horizontal=\u00bbalign_center\u00bb gutter_size=\u00bb3&#8243; overlay_alpha=\u00bb50&#8243; shift_x=\u00bb0&#8243; shift_y=\u00bb0&#8243; shift_y_down=\u00bb0&#8243; z_index=\u00bb0&#8243; medium_width=\u00bb0&#8243; mobile_width=\u00bb0&#8243; width=\u00bb1\/1&#8243;][vc_custom_heading text_color=\u00bbcolor-xsdn\u00bb heading_semantic=\u00bbh1&#8243; text_size=\u00bbh1&#8243; uncode_shortcode_id=\u00bb572163&#8243; text_color_type=\u00bbuncode-palette\u00bb]NOTICIAS Y EVENTOS[\/vc_custom_heading][\/vc_column][\/vc_row][vc_row row_height_percent=\u00bb0&#8243; override_padding=\u00bbyes\u00bb h_padding=\u00bb0&#8243; top_padding=\u00bb0&#8243; bottom_padding=\u00bb0&#8243; back_image=\u00bb2426&#8243; back_position=\u00bbcenter bottom\u00bb parallax=\u00bbyes\u00bb overlay_color=\u00bbcolor-122249&#8243; overlay_alpha=\u00bb70&#8243; gutter_size=\u00bb3&#8243; column_width_percent=\u00bb100&#8243; shift_y=\u00bb0&#8243; z_index=\u00bb0&#8243; desktop_visibility=\u00bbyes\u00bb row_height_pixel=\u00bb200&#8243;][vc_column column_width_percent=\u00bb100&#8243; position_vertical=\u00bbmiddle\u00bb align_horizontal=\u00bbalign_center\u00bb gutter_size=\u00bb3&#8243; overlay_alpha=\u00bb50&#8243; shift_x=\u00bb0&#8243; shift_y=\u00bb0&#8243; shift_y_down=\u00bb0&#8243; z_index=\u00bb0&#8243; medium_width=\u00bb0&#8243; mobile_width=\u00bb0&#8243; width=\u00bb1\/1&#8243;][vc_custom_heading text_color=\u00bbcolor-xsdn\u00bb heading_semantic=\u00bbh1&#8243; text_size=\u00bbh1&#8243; uncode_shortcode_id=\u00bb147932&#8243; text_color_type=\u00bbuncode-palette\u00bb]NOTICIAS Y EVENTOS[\/vc_custom_heading][\/vc_column][\/vc_row][vc_row unlock_row_content=\u00bbyes\u00bb row_height_percent=\u00bb0&#8243; override_padding=\u00bbyes\u00bb h_padding=\u00bb3&#8243; top_padding=\u00bb3&#8243; bottom_padding=\u00bb3&#8243; overlay_alpha=\u00bb50&#8243; gutter_size=\u00bb3&#8243; shift_y=\u00bb0&#8243;][vc_column width=\u00bb1\/1&#8243;][uncode_index el_id=\u00bbindex-155280&#8243; isotope_mode=\u00bbfitRows\u00bb loop=\u00bbsize:All|order_by:date|post_type:post|taxonomy_count:10&#8243; screen_lg=\u00bb1000&#8243; screen_md=\u00bb600&#8243; screen_sm=\u00bb480&#8243; gutter_size=\u00bb2&#8243; post_items=\u00bbmedia|featured|onpost|original,title,sep-one|reduced,text|excerpt\u00bb single_width=\u00bb3&#8243; single_back_color=\u00bbcolor-115983&#8243; single_shape=\u00bbround\u00bb single_overlay_color=\u00bbcolor-122249&#8243; single_overlay_opacity=\u00bb50&#8243; single_overlay_anim=\u00bbno\u00bb single_text_anim=\u00bbno\u00bb single_padding=\u00bb2&#8243; single_border=\u00bbyes\u00bb custom_order=\u00bbyes\u00bb order_ids=\u00bb78168,78059,78005,77714,77691,77669,77565,77431,77404,77356,77312,77174,76931,76853,75704,75556,75364,75316,75295,75018,74884,74609,74419,74258,74198,74042,73984,73070,72299,72274,72270,72264,72258,72261&#8243; uncode_shortcode_id=\u00bb173649&#8243; items=\u00bbeyI3MjI5OV9pIjp7InNpbmdsZV9saW5rIjoidXJsOmh0dHBzJTNBJTJGJTJGd3d3LnJldnNybC5jb20lMkZlcyUyRnVuYS12ZXotbWFzLWRpcmVjY2lvbi1iZXJsaW4lMkYifSwiNzIyODdfaSI6eyJzaW5nbGVfbGluayI6InVybDpodHRwcyUzQSUyRiUyRnd3dy5yZXZzcmwuY29tJTJGZXMlMkZmcmVzaHBsYXphLWN1ZW50YS1sb3MtcHJveWVjdG9zLWRlLXJldi1wYXJhLXVuLWRlc2Fycm9sbG8tc29zdGVuaWJsZSUyRiJ9LCI3MjI3NF9pIjp7InNpbmdsZV9saW5rIjoidXJsOmh0dHBzJTNBJTJGJTJGd3d3LnJldnNybC5jb20lMkZlcyUyRmZyZXNocGxhemEtcHJlc2VudGEtZWxlcGhhbnQlMkYifSwiNzIyNzBfaSI6eyJzaW5nbGVfbGluayI6InVybDpodHRwcyUzQSUyRiUyRnd3dy5yZXZzcmwuY29tJTJGZXMlMkZzaXZhbC0yMDIyLWFncm9lY29sb2dpYS1hbC1zZXJ2aWNpby1kZWwtcGxhbmV0YSUyRiJ9LCI3MjI2NF9pIjp7InNpbmdsZV9saW5rIjoidXJsOmh0dHBzJTNBJTJGJTJGd3d3LnJldnNybC5jb20lMkZlcyUyRmVudmFzZS1tb25vbWF0ZXJpYWwtbGEtc29sdWNpb24taW50ZWxpZ2VudGUteS1yZWFsbWVudGUtZWNvc29zdGVuaWJsZSUyRiJ9LCI3NDg4Ml9pIjp7InNpbmdsZV9saW5rIjoidGFyZ2V0Ol9ibGFuayJ9LCI3NDg4NF9pIjp7InNpbmdsZV9saW5rIjoiIn0sIjcyMjU4X2kiOnsic2luZ2xlX2xpbmsiOiJ1cmw6aHR0cHMlM0ElMkYlMkZ3d3cucmV2c3JsLmNvbSUyRmVzJTJGb2stY29tcG9zdC1lc3RhbW9zLWxpc3RvcyUyRiJ9fQ==\u00bb][\/vc_column][\/vc_row]<\/p>\n<\/div>","protected":false},"excerpt":{"rendered":"<p>[vc_row row_height_percent=\u00bb0&#8243; override_padding=\u00bbyes\u00bb h_padding=\u00bb0&#8243; top_padding=\u00bb0&#8243; bottom_padding=\u00bb0&#8243; back_image=\u00bb2404&#8243; back_position=\u00bbcenter bottom\u00bb parallax=\u00bbyes\u00bb overlay_color=\u00bbcolor-122249&#8243; overlay_alpha=\u00bb70&#8243; gutter_size=\u00bb3&#8243; column_width_percent=\u00bb100&#8243; shift_y=\u00bb0&#8243; z_index=\u00bb0&#8243; medium_visibility=\u00bbyes\u00bb mobile_visibility=\u00bbyes\u00bb row_height_pixel=\u00bb300&#8243;][vc_column column_width_percent=\u00bb100&#8243; [&hellip;]<\/p>\n","protected":false},"author":11,"featured_media":0,"parent":0,"menu_order":0,"comment_status":"closed","ping_status":"closed","template":"","meta":{"footnotes":""},"class_list":["post-72255","page","type-page","status-publish","hentry"],"yoast_head":"<!-- This site is optimized with the Yoast SEO plugin v27.1.1 - https:\/\/yoast.com\/product\/yoast-seo-wordpress\/ -->\n<title>Novedades e informaci\u00f3n \u00fatil de REV - REV Packaging Solutions<\/title>\n<meta name=\"description\" content=\"Visita la secci\u00f3n dedicada a los eventos y las actualizaciones sobre REV y el envasado de frutas y hortalizas, para mantenerte actualizado.\" \/>\n<meta name=\"robots\" content=\"index, follow, max-snippet:-1, max-image-preview:large, max-video-preview:-1\" \/>\n<link rel=\"canonical\" href=\"https:\/\/www.revsrl.com\/es\/noticias-eventos\/\" \/>\n<meta property=\"og:locale\" content=\"es_ES\" \/>\n<meta property=\"og:type\" content=\"article\" \/>\n<meta property=\"og:title\" content=\"Novedades e informaci\u00f3n \u00fatil de REV - REV Packaging Solutions\" \/>\n<meta property=\"og:description\" content=\"Visita la secci\u00f3n dedicada a los eventos y las actualizaciones sobre REV y el envasado de frutas y hortalizas, para mantenerte actualizado.\" \/>\n<meta property=\"og:url\" content=\"https:\/\/www.revsrl.com\/es\/noticias-eventos\/\" \/>\n<meta property=\"og:site_name\" content=\"REV Packaging Solutions\" \/>\n<meta property=\"article:modified_time\" content=\"2026-02-26T08:37:20+00:00\" \/>\n<script type=\"application\/ld+json\" class=\"yoast-schema-graph\">{\"@context\":\"https:\/\/schema.org\",\"@graph\":[{\"@type\":\"WebPage\",\"@id\":\"https:\/\/www.revsrl.com\/es\/noticias-eventos\/\",\"url\":\"https:\/\/www.revsrl.com\/es\/noticias-eventos\/\",\"name\":\"Novedades e informaci\u00f3n \u00fatil de REV - REV Packaging Solutions\",\"isPartOf\":{\"@id\":\"https:\/\/www.revsrl.com\/#website\"},\"datePublished\":\"2022-05-06T16:04:06+00:00\",\"dateModified\":\"2026-02-26T08:37:20+00:00\",\"description\":\"Visita la secci\u00f3n dedicada a los eventos y las actualizaciones sobre REV y el envasado de frutas y hortalizas, para mantenerte actualizado.\",\"breadcrumb\":{\"@id\":\"https:\/\/www.revsrl.com\/es\/noticias-eventos\/#breadcrumb\"},\"inLanguage\":\"es\",\"potentialAction\":[{\"@type\":\"ReadAction\",\"target\":[\"https:\/\/www.revsrl.com\/es\/noticias-eventos\/\"]}]},{\"@type\":\"BreadcrumbList\",\"@id\":\"https:\/\/www.revsrl.com\/es\/noticias-eventos\/#breadcrumb\",\"itemListElement\":[{\"@type\":\"ListItem\",\"position\":1,\"name\":\"Home\",\"item\":\"https:\/\/www.revsrl.com\/es\/\"},{\"@type\":\"ListItem\",\"position\":2,\"name\":\"Noticias y Eventos\"}]},{\"@type\":\"WebSite\",\"@id\":\"https:\/\/www.revsrl.com\/#website\",\"url\":\"https:\/\/www.revsrl.com\/\",\"name\":\"REV Packaging Solutions\",\"description\":\"Packaging machines for fruit and vegetables\",\"potentialAction\":[{\"@type\":\"SearchAction\",\"target\":{\"@type\":\"EntryPoint\",\"urlTemplate\":\"https:\/\/www.revsrl.com\/?s={search_term_string}\"},\"query-input\":{\"@type\":\"PropertyValueSpecification\",\"valueRequired\":true,\"valueName\":\"search_term_string\"}}],\"inLanguage\":\"es\"}]}<\/script>\n<!-- \/ Yoast SEO plugin. -->","yoast_head_json":{"title":"Novedades e informaci\u00f3n \u00fatil de REV - REV Packaging Solutions","description":"Visita la secci\u00f3n dedicada a los eventos y las actualizaciones sobre REV y el envasado de frutas y hortalizas, para mantenerte actualizado.","robots":{"index":"index","follow":"follow","max-snippet":"max-snippet:-1","max-image-preview":"max-image-preview:large","max-video-preview":"max-video-preview:-1"},"canonical":"https:\/\/www.revsrl.com\/es\/noticias-eventos\/","og_locale":"es_ES","og_type":"article","og_title":"Novedades e informaci\u00f3n \u00fatil de REV - REV Packaging Solutions","og_description":"Visita la secci\u00f3n dedicada a los eventos y las actualizaciones sobre REV y el envasado de frutas y hortalizas, para mantenerte actualizado.","og_url":"https:\/\/www.revsrl.com\/es\/noticias-eventos\/","og_site_name":"REV Packaging Solutions","article_modified_time":"2026-02-26T08:37:20+00:00","schema":{"@context":"https:\/\/schema.org","@graph":[{"@type":"WebPage","@id":"https:\/\/www.revsrl.com\/es\/noticias-eventos\/","url":"https:\/\/www.revsrl.com\/es\/noticias-eventos\/","name":"Novedades e informaci\u00f3n \u00fatil de REV - REV Packaging Solutions","isPartOf":{"@id":"https:\/\/www.revsrl.com\/#website"},"datePublished":"2022-05-06T16:04:06+00:00","dateModified":"2026-02-26T08:37:20+00:00","description":"Visita la secci\u00f3n dedicada a los eventos y las actualizaciones sobre REV y el envasado de frutas y hortalizas, para mantenerte actualizado.","breadcrumb":{"@id":"https:\/\/www.revsrl.com\/es\/noticias-eventos\/#breadcrumb"},"inLanguage":"es","potentialAction":[{"@type":"ReadAction","target":["https:\/\/www.revsrl.com\/es\/noticias-eventos\/"]}]},{"@type":"BreadcrumbList","@id":"https:\/\/www.revsrl.com\/es\/noticias-eventos\/#breadcrumb","itemListElement":[{"@type":"ListItem","position":1,"name":"Home","item":"https:\/\/www.revsrl.com\/es\/"},{"@type":"ListItem","position":2,"name":"Noticias y Eventos"}]},{"@type":"WebSite","@id":"https:\/\/www.revsrl.com\/#website","url":"https:\/\/www.revsrl.com\/","name":"REV Packaging Solutions","description":"Packaging machines for fruit and vegetables","potentialAction":[{"@type":"SearchAction","target":{"@type":"EntryPoint","urlTemplate":"https:\/\/www.revsrl.com\/?s={search_term_string}"},"query-input":{"@type":"PropertyValueSpecification","valueRequired":true,"valueName":"search_term_string"}}],"inLanguage":"es"}]}},"_links":{"self":[{"href":"https:\/\/www.revsrl.com\/es\/wp-json\/wp\/v2\/pages\/72255","targetHints":{"allow":["GET"]}}],"collection":[{"href":"https:\/\/www.revsrl.com\/es\/wp-json\/wp\/v2\/pages"}],"about":[{"href":"https:\/\/www.revsrl.com\/es\/wp-json\/wp\/v2\/types\/page"}],"author":[{"embeddable":true,"href":"https:\/\/www.revsrl.com\/es\/wp-json\/wp\/v2\/users\/11"}],"replies":[{"embeddable":true,"href":"https:\/\/www.revsrl.com\/es\/wp-json\/wp\/v2\/comments?post=72255"}],"version-history":[{"count":19,"href":"https:\/\/www.revsrl.com\/es\/wp-json\/wp\/v2\/pages\/72255\/revisions"}],"predecessor-version":[{"id":78185,"href":"https:\/\/www.revsrl.com\/es\/wp-json\/wp\/v2\/pages\/72255\/revisions\/78185"}],"wp:attachment":[{"href":"https:\/\/www.revsrl.com\/es\/wp-json\/wp\/v2\/media?parent=72255"}],"curies":[{"name":"wp","href":"https:\/\/api.w.org\/{rel}","templated":true}]}}