{"id":76744,"date":"2025-01-10T18:36:02","date_gmt":"2025-01-10T17:36:02","guid":{"rendered":"https:\/\/www.revsrl.com\/smart-revolution-la-pesatura-e-retinatura-si-fa-intelligente\/"},"modified":"2025-01-16T12:15:28","modified_gmt":"2025-01-16T11:15:28","slug":"revolucion-smart-en-el-pesado-y-enmallado","status":"publish","type":"page","link":"https:\/\/www.revsrl.com\/es\/revolucion-smart-en-el-pesado-y-enmallado\/","title":{"rendered":"Revoluci\u00f3n smart en el pesado y enmallado"},"content":{"rendered":"<div class=\"wpb-content-wrapper\"><p>[vc_row row_height_percent=\u00bb0&#8243; override_padding=\u00bbyes\u00bb h_padding=\u00bb0&#8243; top_padding=\u00bb0&#8243; bottom_padding=\u00bb0&#8243; back_image=\u00bb76500&#8243; back_repeat=\u00bbno-repeat\u00bb back_attachment=\u00bbscroll\u00bb back_position=\u00bbcenter center\u00bb parallax=\u00bbyes\u00bb overlay_color=\u00bbcolor-122249&#8243; overlay_alpha=\u00bb70&#8243; gutter_size=\u00bb3&#8243; column_width_percent=\u00bb100&#8243; shift_y=\u00bb0&#8243; z_index=\u00bb0&#8243; row_height_pixel=\u00bb350&#8243; uncode_shortcode_id=\u00bb757311&#8243; overlay_color_type=\u00bbuncode-palette\u00bb][vc_column column_width_percent=\u00bb100&#8243; position_vertical=\u00bbmiddle\u00bb align_horizontal=\u00bbalign_center\u00bb gutter_size=\u00bb3&#8243; overlay_alpha=\u00bb50&#8243; shift_x=\u00bb0&#8243; shift_y=\u00bb0&#8243; shift_y_down=\u00bb0&#8243; z_index=\u00bb0&#8243; medium_width=\u00bb0&#8243; mobile_width=\u00bb0&#8243; width=\u00bb1\/1&#8243;][vc_custom_heading text_color=\u00bbcolor-xsdn\u00bb heading_semantic=\u00bbh1&#8243; text_size=\u00bbh1&#8243; uncode_shortcode_id=\u00bb103609&#8243; text_color_type=\u00bbuncode-palette\u00bb]REVOLUCI\u00d3N SMART EN EL PESADO Y ENMALLADO[\/vc_custom_heading][\/vc_column][\/vc_row][vc_row row_height_percent=\u00bb0&#8243; overlay_alpha=\u00bb50&#8243; gutter_size=\u00bb3&#8243; shift_y=\u00bb0&#8243; css=\u00bb.vc_custom_1612800074356{padding-bottom: 40px !important;}\u00bb][vc_column width=\u00bb1\/1&#8243;][vc_empty_space empty_h=\u00bb1&#8243;][vc_column_text css_animation=\u00bbzoom-in\u00bb uncode_shortcode_id=\u00bb115090&#8243;]<\/p>\n<h2 style=\"text-align: center;\"><span style=\"color: #fe5000;\"><strong>M\u00c1XIMA EFICIENCIA CON 6+6 Y VEGA<\/strong><\/span><\/h2>\n<h5 style=\"text-align: center;\">En REV creemos que todo puede ser perfeccionado, \u00a1incluso Vega! As\u00ed naci\u00f3 la combinaci\u00f3n con 6+6: la enmalladora m\u00e1s vers\u00e1til que existe y la pesadora que lo hace todo, juntas para <strong>reducir sustancialmente el peso excedente<\/strong> y <strong>producir m\u00e1s, en menos tiempo y con menos operadores<\/strong> en comparaci\u00f3n con una enmalladora alimentada con una balanza manual. Todo esto sin comprometer la precisi\u00f3n ni la delicadeza.<\/h5>\n<h5><\/h5>\n<p>[\/vc_column_text][vc_separator sep_color=\u00bb,Default\u00bb][vc_row_inner][vc_column_inner width=\u00bb1\/6&#8243;][\/vc_column_inner][vc_column_inner width=\u00bb1\/6&#8243;][vc_icon icon_image=\u00bb76435&#8243; media_size=\u00bb130&#215;130&#8243; heading_semantic=\u00bbdiv\u00bb text_font=\u00bbfont-547818&#8243; text_size=\u00bbh5&#8243; text_weight=\u00bb700&#8243; uncode_shortcode_id=\u00bb144123&#8243; title=\u00bbPRECISI\u00d3N\u00bb][\/vc_icon][\/vc_column_inner][vc_column_inner width=\u00bb1\/6&#8243;][vc_icon icon_image=\u00bb76438&#8243; media_size=\u00bb130&#215;130&#8243; heading_semantic=\u00bbdiv\u00bb text_font=\u00bbfont-547818&#8243; text_size=\u00bbh5&#8243; text_weight=\u00bb700&#8243; uncode_shortcode_id=\u00bb127123&#8243; title=\u00bbDELICADEZA\u00bb][\/vc_icon][\/vc_column_inner][vc_column_inner width=\u00bb1\/6&#8243;][vc_icon icon_image=\u00bb76441&#8243; media_size=\u00bb130&#215;130&#8243; heading_semantic=\u00bbdiv\u00bb text_font=\u00bbfont-547818&#8243; text_size=\u00bbh5&#8243; text_weight=\u00bb700&#8243; uncode_shortcode_id=\u00bb100783&#8243; title=\u00bbVERSATILIDAD\u00bb][\/vc_icon][\/vc_column_inner][vc_column_inner width=\u00bb1\/6&#8243;][\/vc_column_inner][\/vc_row_inner][\/vc_column][\/vc_row][vc_row row_height_percent=\u00bb0&#8243; override_padding=\u00bbyes\u00bb h_padding=\u00bb2&#8243; top_padding=\u00bb3&#8243; bottom_padding=\u00bb0&#8243; overlay_color=\u00bbcolor-174245&#8243; overlay_alpha=\u00bb70&#8243; gutter_size=\u00bb3&#8243; column_width_percent=\u00bb100&#8243; shift_y=\u00bb0&#8243; z_index=\u00bb0&#8243; uncode_shortcode_id=\u00bb178310&#8243; overlay_color_type=\u00bbuncode-palette\u00bb row_name=\u00bbpuma\u00bb css=\u00bb.vc_custom_1734021501381{padding-bottom: 60px !important;}\u00bb][vc_column width=\u00bb1\/1&#8243;][vc_column_text uncode_shortcode_id=\u00bb106055&#8243;]<\/p>\n<h2 style=\"text-align: center;\"><span style=\"color: #fe5000;\">MIRA 6+6 Y VEGA EN ACCI\u00d3N<\/span><\/h2>\n<p>[\/vc_column_text][vc_raw_html]JTNDaWZyYW1lJTIwd2lkdGglM0QlMjI1NjAlMjIlMjBoZWlnaHQlM0QlMjI0MjAlMjIlMjBzcmMlM0QlMjJodHRwcyUzQSUyRiUyRnd3dy55b3V0dWJlLmNvbSUyRmVtYmVkJTJGWWt5LXV6Y3hSNEklM0ZyZWwlM0QwJTIyJTIwZnJhbWVib3JkZXIlM0QlMjIwJTIyJTIwYWxsb3dmdWxsc2NyZWVuJTNFJTNDJTJGaWZyYW1lJTNF[\/vc_raw_html][\/vc_column][\/vc_row][vc_row row_height_percent=\u00bb0&#8243; overlay_alpha=\u00bb70&#8243; gutter_size=\u00bb3&#8243; column_width_percent=\u00bb100&#8243; shift_y=\u00bb0&#8243; z_index=\u00bb0&#8243; css=\u00bb.vc_custom_1633005890427{padding-bottom: 0px !important;}\u00bb uncode_shortcode_id=\u00bb154962&#8243;][vc_column width=\u00bb1\/1&#8243;][vc_empty_space empty_h=\u00bb1&#8243;][vc_column_text uncode_shortcode_id=\u00bb172958&#8243;]<\/p>\n<div style=\"text-align: center;\">\n<h2><span style=\"color: #fe5000;\"><strong>RETORNO SOBRE LA INVERSI\u00d3N INMEDIATO<\/strong><\/span><\/h2>\n<\/div>\n<p>[\/vc_column_text][vc_separator sep_color=\u00bb\u00bb uncode_shortcode_id=\u00bb203711&#8243;][vc_row_inner][vc_column_inner width=\u00bb1\/4&#8243;][vc_icon display=\u00bbinline\u00bb icon_image=\u00bb76772&#8243; media_size=\u00bb180&#215;180&#8243; heading_semantic=\u00bbdiv\u00bb text_font=\u00bbfont-547818&#8243; text_size=\u00bbh5&#8243; text_weight=\u00bb700&#8243; css_animation=\u00bbzoom-in\u00bb uncode_shortcode_id=\u00bb571993&#8243; title=\u00bbPESO EXCEDENTE\u00bb][\/vc_icon][\/vc_column_inner][vc_column_inner width=\u00bb1\/4&#8243;][vc_icon display=\u00bbinline\u00bb icon_image=\u00bb76536&#8243; media_size=\u00bb130&#215;130&#8243; heading_semantic=\u00bbdiv\u00bb text_font=\u00bbfont-547818&#8243; text_size=\u00bbh5&#8243; text_weight=\u00bb700&#8243; css_animation=\u00bbzoom-in\u00bb uncode_shortcode_id=\u00bb577868&#8243; title=\u00bbREDUCCI\u00d3N DE LA MANO DE OBRA\u00bb][\/vc_icon][\/vc_column_inner][vc_column_inner width=\u00bb1\/4&#8243;][vc_icon display=\u00bbinline\u00bb icon_image=\u00bb76533&#8243; media_size=\u00bb130&#215;130&#8243; heading_semantic=\u00bbdiv\u00bb text_font=\u00bbfont-547818&#8243; text_size=\u00bbh5&#8243; text_weight=\u00bb700&#8243; css_animation=\u00bbzoom-in\u00bb uncode_shortcode_id=\u00bb206759&#8243; title=\u00bbDISMINUCI\u00d3N DE LOS COSTOS DE PROCESAMIENTO\u00bb][\/vc_icon][\/vc_column_inner][vc_column_inner width=\u00bb1\/4&#8243;][vc_icon display=\u00bbinline\u00bb icon_image=\u00bb76703&#8243; media_size=\u00bb130&#215;130&#8243; heading_semantic=\u00bbdiv\u00bb text_font=\u00bbfont-547818&#8243; text_size=\u00bbh5&#8243; text_weight=\u00bb700&#8243; css_animation=\u00bbzoom-in\u00bb uncode_shortcode_id=\u00bb890863&#8243; title=\u00bbAUMENTO DE LA PRODUCTIVIDAD\u00bb][\/vc_icon][\/vc_column_inner][\/vc_row_inner][vc_empty_space empty_h=\u00bb2&#8243;][\/vc_column][\/vc_row][vc_row unlock_row_content=\u00bbyes\u00bb row_height_percent=\u00bb0&#8243; override_padding=\u00bbyes\u00bb h_padding=\u00bb2&#8243; top_padding=\u00bb1&#8243; bottom_padding=\u00bb1&#8243; overlay_alpha=\u00bb100&#8243; equal_height=\u00bbyes\u00bb gutter_size=\u00bb3&#8243; column_width_percent=\u00bb100&#8243; shift_y=\u00bb0&#8243; z_index=\u00bb0&#8243; uncode_shortcode_id=\u00bb338995&#8243; overlay_color_type=\u00bbuncode-solid\u00bb css=\u00bb.vc_custom_1734025733279{padding-top: 20px !important;padding-bottom: 20px !important;}\u00bb el_class=\u00bbctablock\u00bb overlay_color_solid=\u00bb#fe5000&#8243;][vc_column column_width_percent=\u00bb100&#8243; align_horizontal=\u00bbalign_center\u00bb gutter_size=\u00bb3&#8243; overlay_alpha=\u00bb50&#8243; shift_x=\u00bb0&#8243; shift_y=\u00bb0&#8243; shift_y_down=\u00bb0&#8243; z_index=\u00bb0&#8243; medium_width=\u00bb0&#8243; mobile_width=\u00bb0&#8243; width=\u00bb1\/1&#8243; uncode_shortcode_id=\u00bb830856&#8243;][vc_custom_heading heading_semantic=\u00bbh4&#8243; uncode_shortcode_id=\u00bb122734&#8243; el_class=\u00bbctap\u00bb]<\/p>\n<h3 style=\"text-align: center;\"><span style=\"color: #ffffff;\"><strong>\u00bfDeseas m\u00e1s informaci\u00f3n sobre 6+6 y Vega?<\/strong><\/span><\/h3>\n<p>[\/vc_custom_heading][vc_button button_color=\u00bbcolor-115983&#8243; size=\u00bbbtn-xl\u00bb radius=\u00bbbtn-round\u00bb border_width=\u00bb0&#8243; uncode_shortcode_id=\u00bb503726&#8243; link=\u00bburl:https%3A%2F%2Fwww.revsrl.com%2Fes%2Fcontacto%2F\u00bb button_color_type=\u00bbuncode-palette\u00bb el_class=\u00bbcta\u00bb]CONT\u00c1CTANOS[\/vc_button][\/vc_column][\/vc_row][vc_row row_height_percent=\u00bb0&#8243; override_padding=\u00bbyes\u00bb h_padding=\u00bb2&#8243; top_padding=\u00bb0&#8243; bottom_padding=\u00bb3&#8243; overlay_color=\u00bbcolor-174245&#8243; overlay_alpha=\u00bb70&#8243; gutter_size=\u00bb3&#8243; column_width_percent=\u00bb100&#8243; shift_y=\u00bb0&#8243; z_index=\u00bb0&#8243; uncode_shortcode_id=\u00bb304265&#8243; overlay_color_type=\u00bbuncode-palette\u00bb][vc_column width=\u00bb1\/1&#8243;][vc_empty_space empty_h=\u00bb3&#8243;][vc_gallery el_id=\u00bbgallery-150036&#8243; type=\u00bbcarousel\u00bb medias=\u00bb76606,76603,76609,76600&#8243; carousel_lg=\u00bb3&#8243; carousel_md=\u00bb3&#8243; carousel_sm=\u00bb1&#8243; gutter_size=\u00bb3&#8243; inner_padding=\u00bbyes\u00bb carousel_interval=\u00bb3000&#8243; carousel_navspeed=\u00bb200&#8243; carousel_loop=\u00bbyes\u00bb carousel_nav=\u00bbyes\u00bb carousel_nav_mobile=\u00bbyes\u00bb stage_padding=\u00bb0&#8243; single_overlay_opacity=\u00bb50&#8243; single_padding=\u00bb2&#8243; lbox_deep=\u00bbyes\u00bb uncode_shortcode_id=\u00bb170493&#8243;][vc_empty_space empty_h=\u00bb2&#8243;][vc_column_text text_lead=\u00bbsmall\u00bb text_color=\u00bbcolor-122249&#8243; css_animation=\u00bbzoom-in\u00bb uncode_shortcode_id=\u00bb104350&#8243; text_color_type=\u00bbuncode-palette\u00bb]<\/p>\n<h3 style=\"text-align: center;\"><span style=\"color: #fe5000;\"><strong>SINERGIAS PERFECTAS<\/strong><\/span><\/h3>\n<h5 style=\"text-align: center;\">La combinaci\u00f3n dise\u00f1ada a medida garantiza una <strong>comunicaci\u00f3n impecable entre las m\u00e1quinas<\/strong>, asegurando siempre la mejor combinaci\u00f3n para la composici\u00f3n de la dosis, en el menor tiempo posible, y con un peso excedente reducido hasta un 90 % en comparaci\u00f3n con una enmalladora alimentada con balanza manual. \u00a1Despu\u00e9s de todo, Vega y 6+6 parecen hechas para trabajar juntas!<\/h5>\n<p>[\/vc_column_text][vc_single_image media=\u00bb76527&#8243; media_width_percent=\u00bb15&#8243; alignment=\u00bbcenter\u00bb uncode_shortcode_id=\u00bb568905&#8243;][vc_column_text text_lead=\u00bbsmall\u00bb text_color=\u00bbcolor-122249&#8243; uncode_shortcode_id=\u00bb340614&#8243; text_color_type=\u00bbuncode-palette\u00bb]<\/p>\n<h3 style=\"text-align: center;\"><span style=\"color: #fe5000;\">PESADORA ULTRADELICADA<\/span><\/h3>\n<p>[\/vc_column_text][vc_column_text uncode_shortcode_id=\u00bb201336&#8243;]<\/p>\n<h5 style=\"text-align: center;\">6+6, pesadora ultradelicada, ha sido dise\u00f1ada para minimizar el peso excedente. S\u00faper vers\u00e1til, es perfecta para trabajar productos de todo tipo, incluidos los m\u00e1s delicados, siempre que quepan en las balanzas, ya sean frescos, congelados, h\u00famedos, deshidratados, pegajosos o al vac\u00edo.<\/h5>\n<h5 style=\"text-align: center;\">6+6 presenta un dise\u00f1o compacto y una interfaz especialmente intuitiva, adem\u00e1s de ser muy f\u00e1cil de desinfectar: \u00a1las cintas balanza se pueden quitar en solo unos segundos sin necesidad de herramientas!<\/h5>\n<p>[\/vc_column_text][vc_column_text css_animation=\u00bbzoom-in\u00bb uncode_shortcode_id=\u00bb121686&#8243;]<\/p>\n<h4 style=\"text-align: center;\"><span style=\"color: #fe5000;\"><strong>PRECISA<br \/>\nULTRADELICADA<br \/>\nS\u00daPER VERS\u00c1TIL<br \/>\nSANIFICABILE (IP65)<\/strong><\/span><\/h4>\n<p>[\/vc_column_text][vc_empty_space][vc_single_image media=\u00bb76539&#8243; media_width_percent=\u00bb15&#8243; alignment=\u00bbcenter\u00bb uncode_shortcode_id=\u00bb188308&#8243;][vc_column_text text_lead=\u00bbsmall\u00bb text_color=\u00bbcolor-122249&#8243; uncode_shortcode_id=\u00bb856269&#8243; text_color_type=\u00bbuncode-palette\u00bb]<\/p>\n<h3 style=\"text-align: center;\"><span style=\"color: #fe5000;\">ENMALLADORA HORIZONTAL CON GRAPA<\/span><\/h3>\n<p>[\/vc_column_text][vc_column_text uncode_shortcode_id=\u00bb928732&#8243;]<\/p>\n<h5 style=\"text-align: center;\">Vega, enmalladora autom\u00e1tica, es adecuada para el procesamiento de una amplia gama de productos (principalmente frutas y verduras, incluso las m\u00e1s delicadas, pero no solo); puede enmallar productos sueltos hasta 2 kg, as\u00ed como cestas, bandejas y peque\u00f1os cartones, utilizando malla en pl\u00e1stico, extruida o tejida, o en fibras naturales, y aplicar una etiqueta wineglass al envase, incluso de papel, junto con una cinta que funcione como asa.<\/h5>\n<h5 style=\"text-align: center;\">Vega es altamente personalizable y permite cambiar el formato de manera extremadamente sencilla.<\/h5>\n<p>[\/vc_column_text][vc_column_text css_animation=\u00bbzoom-in\u00bb uncode_shortcode_id=\u00bb178982&#8243;]<\/p>\n<h4 style=\"text-align: center;\"><span style=\"color: #fe5000;\"><strong>REALIZA DIFERENTES TIPOS DE ENVASES<\/strong><\/span><br \/>\n<span style=\"color: #fe5000;\"><strong>MUY DELICADA, VELOZ Y FIABLE<\/strong><\/span><br \/>\n<span style=\"color: #fe5000;\"><strong>VERS\u00c1TIL Y PERSONALIZABLE<\/strong><\/span><\/h4>\n<p>[\/vc_column_text][vc_row_inner][vc_column_inner width=\u00bb1\/2&#8243;][vc_single_image media=\u00bb76675&#8243; media_width_percent=\u00bb100&#8243; uncode_shortcode_id=\u00bb210289&#8243;][\/vc_column_inner][vc_column_inner width=\u00bb1\/2&#8243;][vc_single_image media=\u00bb76619&#8243; media_width_percent=\u00bb100&#8243; uncode_shortcode_id=\u00bb129500&#8243;][\/vc_column_inner][\/vc_row_inner][\/vc_column][\/vc_row][vc_row][vc_column width=\u00bb1\/1&#8243;][vc_empty_space empty_h=\u00bb1&#8243;][vc_column_text uncode_shortcode_id=\u00bb187406&#8243;]<\/p>\n<div style=\"text-align: center;\">\n<h2><span style=\"color: #fe5000;\">MIRA 6+6 EN ACCI\u00d3N<\/span><\/h2>\n<\/div>\n<p>[\/vc_column_text][vc_raw_html]JTNDaWZyYW1lJTIwd2lkdGglM0QlMjI1NjAlMjIlMjBoZWlnaHQlM0QlMjI0MjAlMjIlMjBzcmMlM0QlMjJodHRwcyUzQSUyRiUyRnd3dy55b3V0dWJlLmNvbSUyRmVtYmVkJTJGelMtR0FkQWNYdDAlM0ZyZWwlM0QwJTIyZnJhbWVib3JkZXIlM0QlMjIwJTIyYWxsb3dmdWxsc2NyZWVuJTNFJTNDJTJGaWZyYW1lJTNF[\/vc_raw_html][vc_empty_space empty_h=\u00bb1&#8243;][vc_column_text uncode_shortcode_id=\u00bb111614&#8243;]<\/p>\n<div style=\"text-align: center;\">\n<h2><span style=\"color: #fe5000;\">MIRA VEGA EN ACCI\u00d3N<\/span><\/h2>\n<h2><\/h2>\n<\/div>\n<p>[\/vc_column_text][vc_raw_html]JTNDaWZyYW1lJTIwd2lkdGglM0QlMjI1NjAlMjIlMjBoZWlnaHQlM0QlMjI0MjAlMjIlMjBzcmMlM0QlMjJodHRwcyUzQSUyRiUyRnd3dy55b3V0dWJlLmNvbSUyRmVtYmVkJTJGMVFKSUxkTEh2YW8lM0ZyZWwlM0QwJTIyJTIwZnJhbWVib3JkZXIlM0QlMjIwJTIyJTIwYWxsb3dmdWxsc2NyZWVuJTNFJTNDJTJGaWZyYW1lJTNF[\/vc_raw_html][\/vc_column][\/vc_row][vc_row unlock_row_content=\u00bbyes\u00bb row_height_percent=\u00bb0&#8243; override_padding=\u00bbyes\u00bb h_padding=\u00bb2&#8243; top_padding=\u00bb1&#8243; bottom_padding=\u00bb1&#8243; overlay_alpha=\u00bb100&#8243; equal_height=\u00bbyes\u00bb gutter_size=\u00bb3&#8243; column_width_percent=\u00bb100&#8243; shift_y=\u00bb0&#8243; z_index=\u00bb0&#8243; uncode_shortcode_id=\u00bb116816&#8243; overlay_color_type=\u00bbuncode-solid\u00bb css=\u00bb.vc_custom_1736514297590{padding-top: 20px !important;padding-bottom: 20px !important;}\u00bb el_class=\u00bbctablock\u00bb overlay_color_solid=\u00bb#fe5000&#8243;][vc_column column_width_percent=\u00bb100&#8243; align_horizontal=\u00bbalign_center\u00bb gutter_size=\u00bb3&#8243; overlay_alpha=\u00bb50&#8243; shift_x=\u00bb0&#8243; shift_y=\u00bb0&#8243; shift_y_down=\u00bb0&#8243; z_index=\u00bb0&#8243; medium_width=\u00bb0&#8243; mobile_width=\u00bb0&#8243; width=\u00bb1\/1&#8243; uncode_shortcode_id=\u00bb830856&#8243;][vc_custom_heading heading_semantic=\u00bbh4&#8243; uncode_shortcode_id=\u00bb274794&#8243; el_class=\u00bbctap\u00bb]<\/p>\n<h3 style=\"text-align: center;\"><strong><span style=\"color: #ffffff;\">\u00bfQuieres descubrir todos los detalles sobre 6+6 y Vega?<\/span><\/strong><\/h3>\n<p>[\/vc_custom_heading][vc_button button_color=\u00bbcolor-115983&#8243; size=\u00bbbtn-xl\u00bb radius=\u00bbbtn-round\u00bb border_width=\u00bb0&#8243; uncode_shortcode_id=\u00bb124862&#8243; link=\u00bburl:https%3A%2F%2Fwww.revsrl.com%2Fes%2Fcontacto%2F\u00bb button_color_type=\u00bbuncode-palette\u00bb el_class=\u00bbcta\u00bb]CONT\u00c1CTANOS[\/vc_button][\/vc_column][\/vc_row][vc_row][vc_column width=\u00bb1\/1&#8243;][vc_empty_space empty_h=\u00bb2&#8243;][\/vc_column][\/vc_row]<\/p>\n<\/div>","protected":false},"excerpt":{"rendered":"<p>[vc_row row_height_percent=\u00bb0&#8243; override_padding=\u00bbyes\u00bb h_padding=\u00bb0&#8243; top_padding=\u00bb0&#8243; bottom_padding=\u00bb0&#8243; back_image=\u00bb76500&#8243; back_repeat=\u00bbno-repeat\u00bb back_attachment=\u00bbscroll\u00bb back_position=\u00bbcenter center\u00bb parallax=\u00bbyes\u00bb overlay_color=\u00bbcolor-122249&#8243; overlay_alpha=\u00bb70&#8243; gutter_size=\u00bb3&#8243; column_width_percent=\u00bb100&#8243; shift_y=\u00bb0&#8243; z_index=\u00bb0&#8243; row_height_pixel=\u00bb350&#8243; uncode_shortcode_id=\u00bb757311&#8243; [&hellip;]<\/p>\n","protected":false},"author":11,"featured_media":0,"parent":0,"menu_order":0,"comment_status":"closed","ping_status":"closed","template":"","meta":{"footnotes":""},"class_list":["post-76744","page","type-page","status-publish","hentry"],"yoast_head":"<!-- This site is optimized with the Yoast SEO plugin v27.1.1 - https:\/\/yoast.com\/product\/yoast-seo-wordpress\/ -->\n<title>6+6 y Vega - REV Packaging Solutions<\/title>\n<meta name=\"description\" content=\"6+6 y Vega juntas reducen el peso excedente y permiten producir m\u00e1s, en menos tiempo y con menos operadores.\" \/>\n<meta name=\"robots\" content=\"noindex, follow\" \/>\n<meta property=\"og:locale\" content=\"es_ES\" \/>\n<meta property=\"og:type\" content=\"article\" \/>\n<meta property=\"og:title\" content=\"6+6 y Vega - REV Packaging Solutions\" \/>\n<meta property=\"og:description\" content=\"6+6 y Vega juntas reducen el peso excedente y permiten producir m\u00e1s, en menos tiempo y con menos operadores.\" \/>\n<meta property=\"og:url\" content=\"https:\/\/www.revsrl.com\/es\/revolucion-smart-en-el-pesado-y-enmallado\/\" \/>\n<meta property=\"og:site_name\" content=\"REV Packaging Solutions\" \/>\n<meta property=\"article:modified_time\" content=\"2025-01-16T11:15:28+00:00\" \/>\n<script type=\"application\/ld+json\" class=\"yoast-schema-graph\">{\"@context\":\"https:\/\/schema.org\",\"@graph\":[{\"@type\":\"WebPage\",\"@id\":\"https:\/\/www.revsrl.com\/es\/revolucion-smart-en-el-pesado-y-enmallado\/\",\"url\":\"https:\/\/www.revsrl.com\/es\/revolucion-smart-en-el-pesado-y-enmallado\/\",\"name\":\"6+6 y Vega - REV Packaging Solutions\",\"isPartOf\":{\"@id\":\"https:\/\/www.revsrl.com\/#website\"},\"datePublished\":\"2025-01-10T17:36:02+00:00\",\"dateModified\":\"2025-01-16T11:15:28+00:00\",\"description\":\"6+6 y Vega juntas reducen el peso excedente y permiten producir m\u00e1s, en menos tiempo y con menos operadores.\",\"breadcrumb\":{\"@id\":\"https:\/\/www.revsrl.com\/es\/revolucion-smart-en-el-pesado-y-enmallado\/#breadcrumb\"},\"inLanguage\":\"es\",\"potentialAction\":[{\"@type\":\"ReadAction\",\"target\":[\"https:\/\/www.revsrl.com\/es\/revolucion-smart-en-el-pesado-y-enmallado\/\"]}]},{\"@type\":\"BreadcrumbList\",\"@id\":\"https:\/\/www.revsrl.com\/es\/revolucion-smart-en-el-pesado-y-enmallado\/#breadcrumb\",\"itemListElement\":[{\"@type\":\"ListItem\",\"position\":1,\"name\":\"Home\",\"item\":\"https:\/\/www.revsrl.com\/es\/\"},{\"@type\":\"ListItem\",\"position\":2,\"name\":\"Revoluci\u00f3n smart en el pesado y enmallado\"}]},{\"@type\":\"WebSite\",\"@id\":\"https:\/\/www.revsrl.com\/#website\",\"url\":\"https:\/\/www.revsrl.com\/\",\"name\":\"REV Packaging Solutions\",\"description\":\"Packaging machines for fruit and vegetables\",\"potentialAction\":[{\"@type\":\"SearchAction\",\"target\":{\"@type\":\"EntryPoint\",\"urlTemplate\":\"https:\/\/www.revsrl.com\/?s={search_term_string}\"},\"query-input\":{\"@type\":\"PropertyValueSpecification\",\"valueRequired\":true,\"valueName\":\"search_term_string\"}}],\"inLanguage\":\"es\"}]}<\/script>\n<!-- \/ Yoast SEO plugin. -->","yoast_head_json":{"title":"6+6 y Vega - REV Packaging Solutions","description":"6+6 y Vega juntas reducen el peso excedente y permiten producir m\u00e1s, en menos tiempo y con menos operadores.","robots":{"index":"noindex","follow":"follow"},"og_locale":"es_ES","og_type":"article","og_title":"6+6 y Vega - REV Packaging Solutions","og_description":"6+6 y Vega juntas reducen el peso excedente y permiten producir m\u00e1s, en menos tiempo y con menos operadores.","og_url":"https:\/\/www.revsrl.com\/es\/revolucion-smart-en-el-pesado-y-enmallado\/","og_site_name":"REV Packaging Solutions","article_modified_time":"2025-01-16T11:15:28+00:00","schema":{"@context":"https:\/\/schema.org","@graph":[{"@type":"WebPage","@id":"https:\/\/www.revsrl.com\/es\/revolucion-smart-en-el-pesado-y-enmallado\/","url":"https:\/\/www.revsrl.com\/es\/revolucion-smart-en-el-pesado-y-enmallado\/","name":"6+6 y Vega - REV Packaging Solutions","isPartOf":{"@id":"https:\/\/www.revsrl.com\/#website"},"datePublished":"2025-01-10T17:36:02+00:00","dateModified":"2025-01-16T11:15:28+00:00","description":"6+6 y Vega juntas reducen el peso excedente y permiten producir m\u00e1s, en menos tiempo y con menos operadores.","breadcrumb":{"@id":"https:\/\/www.revsrl.com\/es\/revolucion-smart-en-el-pesado-y-enmallado\/#breadcrumb"},"inLanguage":"es","potentialAction":[{"@type":"ReadAction","target":["https:\/\/www.revsrl.com\/es\/revolucion-smart-en-el-pesado-y-enmallado\/"]}]},{"@type":"BreadcrumbList","@id":"https:\/\/www.revsrl.com\/es\/revolucion-smart-en-el-pesado-y-enmallado\/#breadcrumb","itemListElement":[{"@type":"ListItem","position":1,"name":"Home","item":"https:\/\/www.revsrl.com\/es\/"},{"@type":"ListItem","position":2,"name":"Revoluci\u00f3n smart en el pesado y enmallado"}]},{"@type":"WebSite","@id":"https:\/\/www.revsrl.com\/#website","url":"https:\/\/www.revsrl.com\/","name":"REV Packaging Solutions","description":"Packaging machines for fruit and vegetables","potentialAction":[{"@type":"SearchAction","target":{"@type":"EntryPoint","urlTemplate":"https:\/\/www.revsrl.com\/?s={search_term_string}"},"query-input":{"@type":"PropertyValueSpecification","valueRequired":true,"valueName":"search_term_string"}}],"inLanguage":"es"}]}},"_links":{"self":[{"href":"https:\/\/www.revsrl.com\/es\/wp-json\/wp\/v2\/pages\/76744","targetHints":{"allow":["GET"]}}],"collection":[{"href":"https:\/\/www.revsrl.com\/es\/wp-json\/wp\/v2\/pages"}],"about":[{"href":"https:\/\/www.revsrl.com\/es\/wp-json\/wp\/v2\/types\/page"}],"author":[{"embeddable":true,"href":"https:\/\/www.revsrl.com\/es\/wp-json\/wp\/v2\/users\/11"}],"replies":[{"embeddable":true,"href":"https:\/\/www.revsrl.com\/es\/wp-json\/wp\/v2\/comments?post=76744"}],"version-history":[{"count":9,"href":"https:\/\/www.revsrl.com\/es\/wp-json\/wp\/v2\/pages\/76744\/revisions"}],"predecessor-version":[{"id":76847,"href":"https:\/\/www.revsrl.com\/es\/wp-json\/wp\/v2\/pages\/76744\/revisions\/76847"}],"wp:attachment":[{"href":"https:\/\/www.revsrl.com\/es\/wp-json\/wp\/v2\/media?parent=76744"}],"curies":[{"name":"wp","href":"https:\/\/api.w.org\/{rel}","templated":true}]}}