{"id":78193,"date":"2026-02-26T15:35:18","date_gmt":"2026-02-26T14:35:18","guid":{"rendered":"https:\/\/www.revsrl.com\/?page_id=78193"},"modified":"2026-02-26T15:35:19","modified_gmt":"2026-02-26T14:35:19","slug":"alponfrutta-una-linea-de-pesaje-y-envasado-para-cerezas","status":"publish","type":"page","link":"https:\/\/www.revsrl.com\/es\/estudios-de-casos\/alponfrutta-una-linea-de-pesaje-y-envasado-para-cerezas\/","title":{"rendered":"ALPONFRUTTA Una l\u00ednea de pesaje y envasado para cerezas"},"content":{"rendered":"<div class=\"wpb-content-wrapper\"><p>[vc_row row_height_percent=\u00bb0&#8243; override_padding=\u00bbyes\u00bb h_padding=\u00bb0&#8243; top_padding=\u00bb0&#8243; bottom_padding=\u00bb0&#8243; back_image=\u00bb78201&#8243; back_position=\u00bbright bottom\u00bb parallax=\u00bbyes\u00bb overlay_color=\u00bbcolor-122249&#8243; overlay_alpha=\u00bb70&#8243; gutter_size=\u00bb3&#8243; column_width_percent=\u00bb100&#8243; shift_y=\u00bb0&#8243; z_index=\u00bb0&#8243; medium_visibility=\u00bbyes\u00bb mobile_visibility=\u00bbyes\u00bb content_parallax=\u00bb0&#8243; row_height_pixel=\u00bb350&#8243; css=\u00bb.vc_custom_1772106308728{padding-bottom: 0px !important;}\u00bb uncode_shortcode_id=\u00bb175978&#8243; overlay_color_type=\u00bbuncode-palette\u00bb][vc_column column_width_percent=\u00bb100&#8243; position_vertical=\u00bbmiddle\u00bb align_horizontal=\u00bbalign_center\u00bb gutter_size=\u00bb3&#8243; overlay_alpha=\u00bb50&#8243; shift_x=\u00bb0&#8243; shift_y=\u00bb0&#8243; shift_y_down=\u00bb0&#8243; z_index=\u00bb0&#8243; medium_width=\u00bb0&#8243; mobile_width=\u00bb0&#8243; width=\u00bb1\/1&#8243;][vc_custom_heading text_color=\u00bbcolor-xsdn\u00bb heading_semantic=\u00bbh1&#8243; text_size=\u00bbh1&#8243; uncode_shortcode_id=\u00bb113276&#8243; text_color_type=\u00bbuncode-palette\u00bb]ALPONFRUTTA<\/p>\n<p>Una l\u00ednea de pesaje y envasado para cerezas[\/vc_custom_heading][\/vc_column][\/vc_row][vc_row row_height_percent=\u00bb0&#8243; override_padding=\u00bbyes\u00bb h_padding=\u00bb0&#8243; top_padding=\u00bb0&#8243; bottom_padding=\u00bb0&#8243; back_image=\u00bb78201&#8243; back_position=\u00bbcenter center\u00bb parallax=\u00bbyes\u00bb overlay_color=\u00bbcolor-122249&#8243; overlay_alpha=\u00bb70&#8243; gutter_size=\u00bb3&#8243; column_width_percent=\u00bb100&#8243; shift_y=\u00bb0&#8243; z_index=\u00bb0&#8243; desktop_visibility=\u00bbyes\u00bb content_parallax=\u00bb0&#8243; row_height_pixel=\u00bb200&#8243; uncode_shortcode_id=\u00bb331590&#8243; overlay_color_type=\u00bbuncode-palette\u00bb][vc_column column_width_percent=\u00bb100&#8243; position_vertical=\u00bbmiddle\u00bb align_horizontal=\u00bbalign_center\u00bb gutter_size=\u00bb3&#8243; overlay_alpha=\u00bb50&#8243; shift_x=\u00bb0&#8243; shift_y=\u00bb0&#8243; shift_y_down=\u00bb0&#8243; z_index=\u00bb0&#8243; medium_width=\u00bb0&#8243; mobile_width=\u00bb0&#8243; width=\u00bb1\/1&#8243;][vc_custom_heading text_color=\u00bbcolor-xsdn\u00bb heading_semantic=\u00bbh1&#8243; text_size=\u00bbh1&#8243; uncode_shortcode_id=\u00bb759737&#8243; text_color_type=\u00bbuncode-palette\u00bb]ALPONFRUTTA<\/p>\n<p>Una l\u00ednea de pesaje y envasado para cerezas[\/vc_custom_heading][\/vc_column][\/vc_row][vc_row row_height_percent=\u00bb0&#8243; override_padding=\u00bbyes\u00bb h_padding=\u00bb2&#8243; top_padding=\u00bb2&#8243; bottom_padding=\u00bb0&#8243; overlay_alpha=\u00bb50&#8243; gutter_size=\u00bb3&#8243; shift_y=\u00bb0&#8243; css=\u00bb.vc_custom_1612866035713{margin-top: -80px !important;padding-top: 0px !important;padding-bottom: 0px !important;}\u00bb][vc_column width=\u00bb1\/1&#8243;][vc_single_image media=\u00bb78198&#8243; media_width_use_pixel=\u00bbyes\u00bb alignment=\u00bbcenter\u00bb shape=\u00bbimg-circle\u00bb border=\u00bbyes\u00bb media_width_pixel=\u00bb150&#8243; uncode_shortcode_id=\u00bb115630&#8243;][\/vc_column][\/vc_row][vc_row row_height_percent=\u00bb0&#8243; overlay_alpha=\u00bb50&#8243; gutter_size=\u00bb3&#8243; shift_y=\u00bb0&#8243; css=\u00bb.vc_custom_1612865966246{padding-top: 0px !important;}\u00bb][vc_column width=\u00bb3\/4&#8243;][vc_column_text uncode_shortcode_id=\u00bb124837&#8243;]<\/p>\n<h3><span style=\"color: #f44611;\">LA EMPRESA<\/span><\/h3>\n<p>La empresa <strong>Alponfrutta S.r.l.<\/strong> opera de manera continua en el sector hortofrut\u00edcola desde la primera compa\u00f1\u00eda fundada a comienzos de los a\u00f1os cincuenta por la familia Burato.<\/p>\n<p>Desde entonces, Alponfrutta ha ampliado su actividad dirigi\u00e9ndose a los mercados hortofrut\u00edcolas de todo el territorio nacional, a la gran distribuci\u00f3n organizada (GDO) y a la industria de transformaci\u00f3n de fruta, especializ\u00e1ndose en la recepci\u00f3n, conservaci\u00f3n, manipulaci\u00f3n y envasado de productos frut\u00edcolas frescos, en particular manzanas, peras, ciruelas y, sobre todo, cerezas, t\u00edpicas de la zona donde se encuentra la empresa.<\/p>\n<p>Asimismo, Alponfrutta presta especial atenci\u00f3n a la colaboraci\u00f3n con sus proveedores y se distingue por la amplia flexibilidad de su estructura operativa, en la que gestiona y supervisa directamente todas las fases del proceso, con el fin de optimizar las necesidades del cliente.<\/p>\n<h3><span style=\"color: #f44611;\">EL PEDIDO<\/span><\/h3>\n<p>La empresa Alponfrutta recurri\u00f3 a REV impulsada por la necesidad de <strong>automatizar el proceso de envasado de cerezas en cestas y clamshells<\/strong>, que anteriormente realizaba de forma manual, con un gran consumo de energ\u00eda y costes.<\/p>\n<h3><span style=\"color: #f44611;\">NUESTRA SOLUCI\u00d3N<\/span><\/h3>\n<p>REV dise\u00f1\u00f3 y fabric\u00f3 una <strong>l\u00ednea de envasado personalizada<\/strong> que permiti\u00f3 a Alponfrutta no solo automatizar el pesaje y el llenado, sino tambi\u00e9n modificar de forma aut\u00f3noma y r\u00e1pida el formato del envase a trabajar.<\/p>\n<ul>\n<li>La l\u00ednea, que garantiza una producci\u00f3n de hasta <strong>80 cestas por minuto<\/strong>, se compone de:<\/li>\n<li>pesadora <a href=\"https:\/\/www.revsrl.com\/es\/portfolio\/bison-pesadora-delicada-para-lineas-de-cestas\/\"><strong>Bison<\/strong><\/a>, <strong>extremadamente r\u00e1pida y delicada<\/strong>;<\/li>\n<li>desapilador-rellenadora <a href=\"https:\/\/www.revsrl.com\/es\/portfolio\/desapiladores-de-cestas\/\"><strong>U5-203<\/strong><\/a>, capaz de <strong>gestionar simult\u00e1neamente 5 cestas<\/strong>;<\/li>\n<li><a href=\"https:\/\/www.revsrl.com\/es\/portfolio\/click-sistema-de-cierre-para-cestas-con-bisagra\/\"><strong>Click<\/strong><\/a>, sistema de cierre para cestas con bisagra capaz de <strong>trabajar 5 cestas por ciclo<\/strong>;<\/li>\n<\/ul>\n<p>Adem\u00e1s de la rapidez, la l\u00ednea introduce una novedad importante en t\u00e9rminos de cambio de formato: si antes era necesario un operario bastante experimentado y una serie de ajustes mec\u00e1nicos que implicaban largos tiempos de parada de la m\u00e1quina, la soluci\u00f3n realizada por REV permite <strong>efectuar modificaciones de formato f\u00e1cilmente<\/strong> mediante pocas operaciones, simples y r\u00e1pidas.<\/p>\n<h3><span style=\"color: #f44611;\">LOS BENEFICIOS<\/span><\/h3>\n<p>Gracias a la l\u00ednea de envasado de REV, el cliente ha <strong>reducido el coste de la mano de obra en m\u00e1s del 30 %<\/strong> y, al mismo tiempo, ha <strong>aumentado la producci\u00f3n diaria en un 50 %<\/strong>.[\/vc_column_text][\/vc_column][vc_column column_width_percent=\u00bb100&#8243; gutter_size=\u00bb2&#8243; back_color=\u00bbcolor-115983&#8243; overlay_alpha=\u00bb50&#8243; shift_x=\u00bb0&#8243; shift_y=\u00bb0&#8243; z_index=\u00bb0&#8243; medium_width=\u00bb0&#8243; width=\u00bb1\/4&#8243; el_class=\u00bbbox-case\u00bb css=\u00bb.vc_custom_1612803191771{padding-right: 20px !important;padding-left: 20px !important;}\u00bb][vc_column_text css=\u00bb.vc_custom_1772116469285{padding-right: 0px !important;padding-left: 0px !important;}\u00bb uncode_shortcode_id=\u00bb455126&#8243;]<\/p>\n<h5><span style=\"color: #f44611;\">EXIGENCIAS<\/span><\/h5>\n<p>Automatizar el pesaje y envasado de cerezas en cestas y clamshells<\/p>\n<p><strong>\u00a0<\/strong><\/p>\n<h5><span style=\"color: #f44611;\">SOLUCI\u00d3N<\/span><\/h5>\n<p>Una l\u00ednea de envasado completa con pesadora, desapilador-rellenadora y cerradora de clamshells<\/p>\n<p>&nbsp;<\/p>\n<h5><span style=\"color: #f44611;\">RISULTADOS<\/span><\/h5>\n<p>Reducci\u00f3n del 30 % de los costes relacionados con la mano de obra y aumento del 50 % de la producci\u00f3n diaria[\/vc_column_text][\/vc_column][\/vc_row][vc_row row_height_percent=\u00bb0&#8243; override_padding=\u00bbyes\u00bb h_padding=\u00bb2&#8243; top_padding=\u00bb0&#8243; bottom_padding=\u00bb2&#8243; overlay_alpha=\u00bb50&#8243; gutter_size=\u00bb3&#8243; shift_y=\u00bb0&#8243;][vc_column width=\u00bb1\/1&#8243;][vc_raw_html]JTNDaWZyYW1lJTIwd2lkdGglM0QlMjI1NjAlMjIlMjBoZWlnaHQlM0QlMjI0MjAlMjIlMjBzcmMlM0QlMjJodHRwcyUzQSUyRiUyRnd3dy55b3V0dWJlLmNvbSUyRmVtYmVkJTJGX0lzdVBEQmd0amslM0ZyZWwlM0QwJTIyJTIwZnJhbWVib3JkZXIlM0QlMjIwJTIyJTIwYWxsb3dmdWxsc2NyZWVuJTNFJTNDJTJGaWZyYW1lJTNF[\/vc_raw_html][\/vc_column][\/vc_row][vc_row row_height_percent=\u00bb0&#8243; override_padding=\u00bbyes\u00bb h_padding=\u00bb2&#8243; top_padding=\u00bb0&#8243; bottom_padding=\u00bb0&#8243; back_color=\u00bbcolor-174245&#8243; overlay_alpha=\u00bb50&#8243; gutter_size=\u00bb3&#8243; shift_y=\u00bb0&#8243; css=\u00bb.vc_custom_1612804048804{margin-top: 0px !important;margin-bottom: 0px !important;padding-top: 0px !important;padding-bottom: 0px !important;}\u00bb][vc_column column_width_percent=\u00bb100&#8243; gutter_size=\u00bb3&#8243; overlay_alpha=\u00bb50&#8243; shift_x=\u00bb0&#8243; shift_y=\u00bb0&#8243; z_index=\u00bb0&#8243; medium_width=\u00bb0&#8243; width=\u00bb2\/3&#8243; css=\u00bb.vc_custom_1612804000378{border-top-width: 0px !important;border-bottom-width: 0px !important;padding-top: 0px !important;padding-bottom: 0px !important;}\u00bb][vc_empty_space empty_h=\u00bb2&#8243;][vc_column_text css=\u00bb.vc_custom_1651847757702{padding-top: 0px !important;}\u00bb uncode_shortcode_id=\u00bb102694&#8243;]<\/p>\n<h3><span style=\"color: #f44611;\">Por qu\u00e9 REV<\/span><\/h3>\n<p>REV proporciona soluciones innovadoras para el envasado de productos hortofrut\u00edcolas, personalizadas seg\u00fan las exigencias espec\u00edficas del envasador y automatizando procesos hasta ahora realizados manualmente, como en este caso: eficiencia, \u00f3ptimas prestaciones y sostenibilidad son testiguadas por nuestros propios clientes.[\/vc_column_text][vc_button button_color=\u00bbcolor-122249&#8243; border_width=\u00bb0&#8243; link=\u00bburl:https%3A%2F%2Fwww.revsrl.com%2Fes%2Festudios-de-casos%2F|target:_blank\u00bb button_color_type=\u00bbuncode-palette\u00bb uncode_shortcode_id=\u00bb412104&#8243;]VEA LOS ESTUDIOS DE CASOS[\/vc_button][vc_empty_space empty_h=\u00bb2&#8243;][\/vc_column][\/vc_row]<\/p>\n<\/div>","protected":false},"excerpt":{"rendered":"<p>[vc_row row_height_percent=\u00bb0&#8243; override_padding=\u00bbyes\u00bb h_padding=\u00bb0&#8243; top_padding=\u00bb0&#8243; bottom_padding=\u00bb0&#8243; back_image=\u00bb78201&#8243; back_position=\u00bbright bottom\u00bb parallax=\u00bbyes\u00bb overlay_color=\u00bbcolor-122249&#8243; overlay_alpha=\u00bb70&#8243; gutter_size=\u00bb3&#8243; column_width_percent=\u00bb100&#8243; shift_y=\u00bb0&#8243; z_index=\u00bb0&#8243; medium_visibility=\u00bbyes\u00bb mobile_visibility=\u00bbyes\u00bb content_parallax=\u00bb0&#8243; row_height_pixel=\u00bb350&#8243; [&hellip;]<\/p>\n","protected":false},"author":11,"featured_media":0,"parent":72135,"menu_order":0,"comment_status":"closed","ping_status":"closed","template":"","meta":{"footnotes":""},"class_list":["post-78193","page","type-page","status-publish","hentry"],"yoast_head":"<!-- This site is optimized with the Yoast SEO plugin v27.1.1 - https:\/\/yoast.com\/product\/yoast-seo-wordpress\/ -->\n<title>Automatizaci\u00f3n procesamiento de cerezas para Alponfrutta \u2013 REV<\/title>\n<meta name=\"description\" content=\"Para uno de los principales productores italianos de cerezas, automatizamos el proceso de pesado y envasado, reduciendo los costes de mano de obra y aumentando la producci\u00f3n diaria.\" \/>\n<meta name=\"robots\" content=\"index, follow, max-snippet:-1, max-image-preview:large, max-video-preview:-1\" \/>\n<link rel=\"canonical\" href=\"https:\/\/www.revsrl.com\/es\/estudios-de-casos\/alponfrutta-una-linea-de-pesaje-y-envasado-para-cerezas\/\" \/>\n<meta property=\"og:locale\" content=\"es_ES\" \/>\n<meta property=\"og:type\" content=\"article\" \/>\n<meta property=\"og:title\" content=\"Automatizaci\u00f3n procesamiento de cerezas para Alponfrutta \u2013 REV\" \/>\n<meta property=\"og:description\" content=\"Para uno de los principales productores italianos de cerezas, automatizamos el proceso de pesado y envasado, reduciendo los costes de mano de obra y aumentando la producci\u00f3n diaria.\" \/>\n<meta property=\"og:url\" content=\"https:\/\/www.revsrl.com\/es\/estudios-de-casos\/alponfrutta-una-linea-de-pesaje-y-envasado-para-cerezas\/\" \/>\n<meta property=\"og:site_name\" content=\"REV Packaging Solutions\" \/>\n<meta property=\"article:modified_time\" content=\"2026-02-26T14:35:19+00:00\" \/>\n<script type=\"application\/ld+json\" class=\"yoast-schema-graph\">{\"@context\":\"https:\/\/schema.org\",\"@graph\":[{\"@type\":\"WebPage\",\"@id\":\"https:\/\/www.revsrl.com\/es\/estudios-de-casos\/alponfrutta-una-linea-de-pesaje-y-envasado-para-cerezas\/\",\"url\":\"https:\/\/www.revsrl.com\/es\/estudios-de-casos\/alponfrutta-una-linea-de-pesaje-y-envasado-para-cerezas\/\",\"name\":\"Automatizaci\u00f3n procesamiento de cerezas para Alponfrutta \u2013 REV\",\"isPartOf\":{\"@id\":\"https:\/\/www.revsrl.com\/#website\"},\"datePublished\":\"2026-02-26T14:35:18+00:00\",\"dateModified\":\"2026-02-26T14:35:19+00:00\",\"description\":\"Para uno de los principales productores italianos de cerezas, automatizamos el proceso de pesado y envasado, reduciendo los costes de mano de obra y aumentando la producci\u00f3n diaria.\",\"breadcrumb\":{\"@id\":\"https:\/\/www.revsrl.com\/es\/estudios-de-casos\/alponfrutta-una-linea-de-pesaje-y-envasado-para-cerezas\/#breadcrumb\"},\"inLanguage\":\"es\",\"potentialAction\":[{\"@type\":\"ReadAction\",\"target\":[\"https:\/\/www.revsrl.com\/es\/estudios-de-casos\/alponfrutta-una-linea-de-pesaje-y-envasado-para-cerezas\/\"]}]},{\"@type\":\"BreadcrumbList\",\"@id\":\"https:\/\/www.revsrl.com\/es\/estudios-de-casos\/alponfrutta-una-linea-de-pesaje-y-envasado-para-cerezas\/#breadcrumb\",\"itemListElement\":[{\"@type\":\"ListItem\",\"position\":1,\"name\":\"Home\",\"item\":\"https:\/\/www.revsrl.com\/es\/\"},{\"@type\":\"ListItem\",\"position\":2,\"name\":\"Estudios de casos\",\"item\":\"https:\/\/www.revsrl.com\/es\/estudios-de-casos\/\"},{\"@type\":\"ListItem\",\"position\":3,\"name\":\"ALPONFRUTTA Una l\u00ednea de pesaje y envasado para cerezas\"}]},{\"@type\":\"WebSite\",\"@id\":\"https:\/\/www.revsrl.com\/#website\",\"url\":\"https:\/\/www.revsrl.com\/\",\"name\":\"REV Packaging Solutions\",\"description\":\"Packaging machines for fruit and vegetables\",\"potentialAction\":[{\"@type\":\"SearchAction\",\"target\":{\"@type\":\"EntryPoint\",\"urlTemplate\":\"https:\/\/www.revsrl.com\/?s={search_term_string}\"},\"query-input\":{\"@type\":\"PropertyValueSpecification\",\"valueRequired\":true,\"valueName\":\"search_term_string\"}}],\"inLanguage\":\"es\"}]}<\/script>\n<!-- \/ Yoast SEO plugin. -->","yoast_head_json":{"title":"Automatizaci\u00f3n procesamiento de cerezas para Alponfrutta \u2013 REV","description":"Para uno de los principales productores italianos de cerezas, automatizamos el proceso de pesado y envasado, reduciendo los costes de mano de obra y aumentando la producci\u00f3n diaria.","robots":{"index":"index","follow":"follow","max-snippet":"max-snippet:-1","max-image-preview":"max-image-preview:large","max-video-preview":"max-video-preview:-1"},"canonical":"https:\/\/www.revsrl.com\/es\/estudios-de-casos\/alponfrutta-una-linea-de-pesaje-y-envasado-para-cerezas\/","og_locale":"es_ES","og_type":"article","og_title":"Automatizaci\u00f3n procesamiento de cerezas para Alponfrutta \u2013 REV","og_description":"Para uno de los principales productores italianos de cerezas, automatizamos el proceso de pesado y envasado, reduciendo los costes de mano de obra y aumentando la producci\u00f3n diaria.","og_url":"https:\/\/www.revsrl.com\/es\/estudios-de-casos\/alponfrutta-una-linea-de-pesaje-y-envasado-para-cerezas\/","og_site_name":"REV Packaging Solutions","article_modified_time":"2026-02-26T14:35:19+00:00","schema":{"@context":"https:\/\/schema.org","@graph":[{"@type":"WebPage","@id":"https:\/\/www.revsrl.com\/es\/estudios-de-casos\/alponfrutta-una-linea-de-pesaje-y-envasado-para-cerezas\/","url":"https:\/\/www.revsrl.com\/es\/estudios-de-casos\/alponfrutta-una-linea-de-pesaje-y-envasado-para-cerezas\/","name":"Automatizaci\u00f3n procesamiento de cerezas para Alponfrutta \u2013 REV","isPartOf":{"@id":"https:\/\/www.revsrl.com\/#website"},"datePublished":"2026-02-26T14:35:18+00:00","dateModified":"2026-02-26T14:35:19+00:00","description":"Para uno de los principales productores italianos de cerezas, automatizamos el proceso de pesado y envasado, reduciendo los costes de mano de obra y aumentando la producci\u00f3n diaria.","breadcrumb":{"@id":"https:\/\/www.revsrl.com\/es\/estudios-de-casos\/alponfrutta-una-linea-de-pesaje-y-envasado-para-cerezas\/#breadcrumb"},"inLanguage":"es","potentialAction":[{"@type":"ReadAction","target":["https:\/\/www.revsrl.com\/es\/estudios-de-casos\/alponfrutta-una-linea-de-pesaje-y-envasado-para-cerezas\/"]}]},{"@type":"BreadcrumbList","@id":"https:\/\/www.revsrl.com\/es\/estudios-de-casos\/alponfrutta-una-linea-de-pesaje-y-envasado-para-cerezas\/#breadcrumb","itemListElement":[{"@type":"ListItem","position":1,"name":"Home","item":"https:\/\/www.revsrl.com\/es\/"},{"@type":"ListItem","position":2,"name":"Estudios de casos","item":"https:\/\/www.revsrl.com\/es\/estudios-de-casos\/"},{"@type":"ListItem","position":3,"name":"ALPONFRUTTA Una l\u00ednea de pesaje y envasado para cerezas"}]},{"@type":"WebSite","@id":"https:\/\/www.revsrl.com\/#website","url":"https:\/\/www.revsrl.com\/","name":"REV Packaging Solutions","description":"Packaging machines for fruit and vegetables","potentialAction":[{"@type":"SearchAction","target":{"@type":"EntryPoint","urlTemplate":"https:\/\/www.revsrl.com\/?s={search_term_string}"},"query-input":{"@type":"PropertyValueSpecification","valueRequired":true,"valueName":"search_term_string"}}],"inLanguage":"es"}]}},"_links":{"self":[{"href":"https:\/\/www.revsrl.com\/es\/wp-json\/wp\/v2\/pages\/78193","targetHints":{"allow":["GET"]}}],"collection":[{"href":"https:\/\/www.revsrl.com\/es\/wp-json\/wp\/v2\/pages"}],"about":[{"href":"https:\/\/www.revsrl.com\/es\/wp-json\/wp\/v2\/types\/page"}],"author":[{"embeddable":true,"href":"https:\/\/www.revsrl.com\/es\/wp-json\/wp\/v2\/users\/11"}],"replies":[{"embeddable":true,"href":"https:\/\/www.revsrl.com\/es\/wp-json\/wp\/v2\/comments?post=78193"}],"version-history":[{"count":6,"href":"https:\/\/www.revsrl.com\/es\/wp-json\/wp\/v2\/pages\/78193\/revisions"}],"predecessor-version":[{"id":78232,"href":"https:\/\/www.revsrl.com\/es\/wp-json\/wp\/v2\/pages\/78193\/revisions\/78232"}],"up":[{"embeddable":true,"href":"https:\/\/www.revsrl.com\/es\/wp-json\/wp\/v2\/pages\/72135"}],"wp:attachment":[{"href":"https:\/\/www.revsrl.com\/es\/wp-json\/wp\/v2\/media?parent=78193"}],"curies":[{"name":"wp","href":"https:\/\/api.w.org\/{rel}","templated":true}]}}